{"id":484,"date":"2022-05-05T14:45:44","date_gmt":"2022-05-05T18:45:44","guid":{"rendered":"https:\/\/nbgtelecom.naracreative.com\/about-us\/"},"modified":"2024-06-20T12:52:49","modified_gmt":"2024-06-20T16:52:49","slug":"a-propos","status":"publish","type":"page","link":"https:\/\/staging.nbgtele.com\/fr\/a-propos\/","title":{"rendered":"\u00c0 propos"},"content":{"rendered":"","protected":false},"excerpt":{"rendered":"","protected":false},"author":1,"featured_media":287,"parent":0,"menu_order":0,"comment_status":"closed","ping_status":"closed","template":"templates\/template-about.php","meta":{"_acf_changed":false,"footnotes":""},"class_list":["post-484","page","type-page","status-publish","has-post-thumbnail","hentry","entry"],"acf":[],"yoast_head":"<!-- This site is optimized with the Yoast SEO plugin v23.7 - https:\/\/yoast.com\/wordpress\/plugins\/seo\/ -->\n<title>NGB Telecom - \u00c0 propos de nous<\/title>\n<meta name=\"description\" content=\"Apprenez-en plus \u00e0 propos de nous chez NBG Telecom. D\u00e9couvrez notre missions, nos valeurs, notre histoire et notre \u00e9quipe.\" \/>\n<meta name=\"robots\" content=\"noindex, follow, max-snippet:-1, max-image-preview:large, max-video-preview:-1\" \/>\n<meta property=\"og:locale\" content=\"fr_FR\" \/>\n<meta property=\"og:type\" content=\"article\" \/>\n<meta property=\"og:title\" content=\"NGB Telecom - \u00c0 propos de nous\" \/>\n<meta property=\"og:description\" content=\"Apprenez-en plus \u00e0 propos de nous chez NBG Telecom. D\u00e9couvrez notre missions, nos valeurs, notre histoire et notre \u00e9quipe.\" \/>\n<meta property=\"og:url\" content=\"https:\/\/staging.nbgtele.com\/fr\/a-propos\/\" \/>\n<meta property=\"og:site_name\" content=\"NBGTele.com\" \/>\n<meta property=\"article:modified_time\" content=\"2024-06-20T16:52:49+00:00\" \/>\n<meta property=\"og:image\" content=\"https:\/\/staging.nbgtele.com\/wp-content\/uploads\/2022\/06\/bg_about_hero.png\" \/>\n\t<meta property=\"og:image:width\" content=\"1920\" \/>\n\t<meta property=\"og:image:height\" content=\"626\" \/>\n\t<meta property=\"og:image:type\" content=\"image\/png\" \/>\n<meta name=\"twitter:card\" content=\"summary_large_image\" \/>\n<meta name=\"twitter:label1\" content=\"Dur\u00e9e de lecture estim\u00e9e\" \/>\n\t<meta name=\"twitter:data1\" content=\"1 minute\" \/>\n<script type=\"application\/ld+json\" class=\"yoast-schema-graph\">{\"@context\":\"https:\/\/schema.org\",\"@graph\":[{\"@type\":\"WebPage\",\"@id\":\"https:\/\/staging.nbgtele.com\/fr\/a-propos\/\",\"url\":\"https:\/\/staging.nbgtele.com\/fr\/a-propos\/\",\"name\":\"NGB Telecom - \u00c0 propos de nous\",\"isPartOf\":{\"@id\":\"https:\/\/staging.nbgtele.com\/fr\/#website\"},\"primaryImageOfPage\":{\"@id\":\"https:\/\/staging.nbgtele.com\/fr\/a-propos\/#primaryimage\"},\"image\":{\"@id\":\"https:\/\/staging.nbgtele.com\/fr\/a-propos\/#primaryimage\"},\"thumbnailUrl\":\"https:\/\/staging.nbgtele.com\/wp-content\/uploads\/2022\/06\/bg_about_hero.png\",\"datePublished\":\"2022-05-05T18:45:44+00:00\",\"dateModified\":\"2024-06-20T16:52:49+00:00\",\"description\":\"Apprenez-en plus \u00e0 propos de nous chez NBG Telecom. D\u00e9couvrez notre missions, nos valeurs, notre histoire et notre \u00e9quipe.\",\"breadcrumb\":{\"@id\":\"https:\/\/staging.nbgtele.com\/fr\/a-propos\/#breadcrumb\"},\"inLanguage\":\"fr-FR\",\"potentialAction\":[{\"@type\":\"ReadAction\",\"target\":[\"https:\/\/staging.nbgtele.com\/fr\/a-propos\/\"]}]},{\"@type\":\"ImageObject\",\"inLanguage\":\"fr-FR\",\"@id\":\"https:\/\/staging.nbgtele.com\/fr\/a-propos\/#primaryimage\",\"url\":\"https:\/\/staging.nbgtele.com\/wp-content\/uploads\/2022\/06\/bg_about_hero.png\",\"contentUrl\":\"https:\/\/staging.nbgtele.com\/wp-content\/uploads\/2022\/06\/bg_about_hero.png\",\"width\":1920,\"height\":626},{\"@type\":\"BreadcrumbList\",\"@id\":\"https:\/\/staging.nbgtele.com\/fr\/a-propos\/#breadcrumb\",\"itemListElement\":[{\"@type\":\"ListItem\",\"position\":1,\"name\":\"Home\",\"item\":\"https:\/\/staging.nbgtele.com\/fr\/\"},{\"@type\":\"ListItem\",\"position\":2,\"name\":\"\u00c0 propos\"}]},{\"@type\":\"WebSite\",\"@id\":\"https:\/\/staging.nbgtele.com\/fr\/#website\",\"url\":\"https:\/\/staging.nbgtele.com\/fr\/\",\"name\":\"NBGTele.com\",\"description\":\"\",\"potentialAction\":[{\"@type\":\"SearchAction\",\"target\":{\"@type\":\"EntryPoint\",\"urlTemplate\":\"https:\/\/staging.nbgtele.com\/fr\/?s={search_term_string}\"},\"query-input\":{\"@type\":\"PropertyValueSpecification\",\"valueRequired\":true,\"valueName\":\"search_term_string\"}}],\"inLanguage\":\"fr-FR\"}]}<\/script>\n<!-- \/ Yoast SEO plugin. -->","yoast_head_json":{"title":"NGB Telecom - \u00c0 propos de nous","description":"Apprenez-en plus \u00e0 propos de nous chez NBG Telecom. D\u00e9couvrez notre missions, nos valeurs, notre histoire et notre \u00e9quipe.","robots":{"index":"noindex","follow":"follow","max-snippet":"max-snippet:-1","max-image-preview":"max-image-preview:large","max-video-preview":"max-video-preview:-1"},"og_locale":"fr_FR","og_type":"article","og_title":"NGB Telecom - \u00c0 propos de nous","og_description":"Apprenez-en plus \u00e0 propos de nous chez NBG Telecom. D\u00e9couvrez notre missions, nos valeurs, notre histoire et notre \u00e9quipe.","og_url":"https:\/\/staging.nbgtele.com\/fr\/a-propos\/","og_site_name":"NBGTele.com","article_modified_time":"2024-06-20T16:52:49+00:00","og_image":[{"width":1920,"height":626,"url":"https:\/\/staging.nbgtele.com\/wp-content\/uploads\/2022\/06\/bg_about_hero.png","type":"image\/png"}],"twitter_card":"summary_large_image","twitter_misc":{"Dur\u00e9e de lecture estim\u00e9e":"1 minute"},"schema":{"@context":"https:\/\/schema.org","@graph":[{"@type":"WebPage","@id":"https:\/\/staging.nbgtele.com\/fr\/a-propos\/","url":"https:\/\/staging.nbgtele.com\/fr\/a-propos\/","name":"NGB Telecom - \u00c0 propos de nous","isPartOf":{"@id":"https:\/\/staging.nbgtele.com\/fr\/#website"},"primaryImageOfPage":{"@id":"https:\/\/staging.nbgtele.com\/fr\/a-propos\/#primaryimage"},"image":{"@id":"https:\/\/staging.nbgtele.com\/fr\/a-propos\/#primaryimage"},"thumbnailUrl":"https:\/\/staging.nbgtele.com\/wp-content\/uploads\/2022\/06\/bg_about_hero.png","datePublished":"2022-05-05T18:45:44+00:00","dateModified":"2024-06-20T16:52:49+00:00","description":"Apprenez-en plus \u00e0 propos de nous chez NBG Telecom. D\u00e9couvrez notre missions, nos valeurs, notre histoire et notre \u00e9quipe.","breadcrumb":{"@id":"https:\/\/staging.nbgtele.com\/fr\/a-propos\/#breadcrumb"},"inLanguage":"fr-FR","potentialAction":[{"@type":"ReadAction","target":["https:\/\/staging.nbgtele.com\/fr\/a-propos\/"]}]},{"@type":"ImageObject","inLanguage":"fr-FR","@id":"https:\/\/staging.nbgtele.com\/fr\/a-propos\/#primaryimage","url":"https:\/\/staging.nbgtele.com\/wp-content\/uploads\/2022\/06\/bg_about_hero.png","contentUrl":"https:\/\/staging.nbgtele.com\/wp-content\/uploads\/2022\/06\/bg_about_hero.png","width":1920,"height":626},{"@type":"BreadcrumbList","@id":"https:\/\/staging.nbgtele.com\/fr\/a-propos\/#breadcrumb","itemListElement":[{"@type":"ListItem","position":1,"name":"Home","item":"https:\/\/staging.nbgtele.com\/fr\/"},{"@type":"ListItem","position":2,"name":"\u00c0 propos"}]},{"@type":"WebSite","@id":"https:\/\/staging.nbgtele.com\/fr\/#website","url":"https:\/\/staging.nbgtele.com\/fr\/","name":"NBGTele.com","description":"","potentialAction":[{"@type":"SearchAction","target":{"@type":"EntryPoint","urlTemplate":"https:\/\/staging.nbgtele.com\/fr\/?s={search_term_string}"},"query-input":{"@type":"PropertyValueSpecification","valueRequired":true,"valueName":"search_term_string"}}],"inLanguage":"fr-FR"}]}},"_links":{"self":[{"href":"https:\/\/staging.nbgtele.com\/fr\/wp-json\/wp\/v2\/pages\/484","targetHints":{"allow":["GET"]}}],"collection":[{"href":"https:\/\/staging.nbgtele.com\/fr\/wp-json\/wp\/v2\/pages"}],"about":[{"href":"https:\/\/staging.nbgtele.com\/fr\/wp-json\/wp\/v2\/types\/page"}],"author":[{"embeddable":true,"href":"https:\/\/staging.nbgtele.com\/fr\/wp-json\/wp\/v2\/users\/1"}],"replies":[{"embeddable":true,"href":"https:\/\/staging.nbgtele.com\/fr\/wp-json\/wp\/v2\/comments?post=484"}],"version-history":[{"count":6,"href":"https:\/\/staging.nbgtele.com\/fr\/wp-json\/wp\/v2\/pages\/484\/revisions"}],"predecessor-version":[{"id":107766,"href":"https:\/\/staging.nbgtele.com\/fr\/wp-json\/wp\/v2\/pages\/484\/revisions\/107766"}],"wp:featuredmedia":[{"embeddable":true,"href":"https:\/\/staging.nbgtele.com\/fr\/wp-json\/wp\/v2\/media\/287"}],"wp:attachment":[{"href":"https:\/\/staging.nbgtele.com\/fr\/wp-json\/wp\/v2\/media?parent=484"}],"curies":[{"name":"wp","href":"https:\/\/api.w.org\/{rel}","templated":true}]}}