{"id":101407,"date":"2023-09-19T14:53:32","date_gmt":"2023-09-19T18:53:32","guid":{"rendered":"https:\/\/nbgtele.com\/?post_type=product&#038;p=101407"},"modified":"2023-11-13T17:00:35","modified_gmt":"2023-11-13T21:00:35","slug":"surf-k","status":"publish","type":"product","link":"https:\/\/staging.nbgtele.com\/fr\/produit\/surf-k\/","title":{"rendered":"Surf-K"},"content":{"rendered":"","protected":false},"excerpt":{"rendered":"<p><span style=\"font-weight: 400;\">Surf-K est un communicateur d\u2019alarme primaire qui utilise les formats CID et SIA et la technologie cellulaire LTE pour communiquer avec votre station centrale de s\u00e9curit\u00e9. Il vous permet de facilement contr\u00f4ler vos syst\u00e8mes de surveillance \u00e0 distance depuis la plateforme Aryo Cloud, votre smartphone Android ou iOS en vous connectant au keybus de la s\u00e9rie DSC power. Pour les syst\u00e8mes ne prenant pas en compte cette fonction, le communicateur d\u2019alarme surf-k utilise 3 zones de surveillance pour les alarmes d\u2019intrusion, d\u2019incendie et de panique. L\u2019armement et le d\u00e9sarmement par cl\u00e9 sont facilit\u00e9s par la Zone 1 et le PGM 1, tandis que le PGM 2 d\u00e9clenche une zone sur le panneau h\u00f4te pour les probl\u00e8mes.<\/span><\/p>\n","protected":false},"featured_media":101405,"template":"","meta":{"_acf_changed":false},"product_brand":[],"product_cat":[53],"product_tag":[],"brand":[224],"model":[],"profile":[],"resolution":[],"lens":[],"color":[],"ndaa_compliant":[],"dual_voltage":[],"ai":[],"lite":[],"infrared_perimeter":[],"fixed_dome_microphone":[],"analog_hd":[],"covert_camera":[],"internet_protocol":[],"channels":[],"ports":[],"class_list":{"0":"post-101407","1":"product","2":"type-product","3":"status-publish","4":"has-post-thumbnail","6":"product_cat-alarm-communicators-fr","7":"brand-epic-safety-fr","8":"entry","10":"first","11":"instock","12":"taxable","13":"shipping-taxable","14":"product-type-simple"},"acf":[],"wcpa_form_fields":null,"yoast_head":"<!-- This site is optimized with the Yoast SEO plugin v23.7 - https:\/\/yoast.com\/wordpress\/plugins\/seo\/ -->\n<title>Surf-K - NBGTele.com<\/title>\n<meta name=\"robots\" content=\"noindex, follow, max-snippet:-1, max-image-preview:large, max-video-preview:-1\" \/>\n<meta property=\"og:locale\" content=\"fr_FR\" \/>\n<meta property=\"og:type\" content=\"article\" \/>\n<meta property=\"og:title\" content=\"Surf-K - NBGTele.com\" \/>\n<meta property=\"og:description\" content=\"Surf-K est un communicateur d\u2019alarme primaire qui utilise les formats CID et SIA et la technologie cellulaire LTE pour communiquer avec votre station centrale de s\u00e9curit\u00e9. Il vous permet de facilement contr\u00f4ler vos syst\u00e8mes de surveillance \u00e0 distance depuis la plateforme Aryo Cloud, votre smartphone Android ou iOS en vous connectant au keybus de la s\u00e9rie DSC power. Pour les syst\u00e8mes ne prenant pas en compte cette fonction, le communicateur d\u2019alarme surf-k utilise 3 zones de surveillance pour les alarmes d\u2019intrusion, d\u2019incendie et de panique. L\u2019armement et le d\u00e9sarmement par cl\u00e9 sont facilit\u00e9s par la Zone 1 et le PGM 1, tandis que le PGM 2 d\u00e9clenche une zone sur le panneau h\u00f4te pour les probl\u00e8mes.\" \/>\n<meta property=\"og:url\" content=\"https:\/\/staging.nbgtele.com\/fr\/produit\/surf-k\/\" \/>\n<meta property=\"og:site_name\" content=\"NBGTele.com\" \/>\n<meta property=\"article:modified_time\" content=\"2023-11-13T21:00:35+00:00\" \/>\n<meta property=\"og:image\" content=\"https:\/\/staging.nbgtele.com\/wp-content\/uploads\/2023\/09\/Surf-K-KM.png\" \/>\n\t<meta property=\"og:image:width\" content=\"1280\" \/>\n\t<meta property=\"og:image:height\" content=\"1280\" \/>\n\t<meta property=\"og:image:type\" content=\"image\/png\" \/>\n<meta name=\"twitter:card\" content=\"summary_large_image\" \/>\n<script type=\"application\/ld+json\" class=\"yoast-schema-graph\">{\"@context\":\"https:\/\/schema.org\",\"@graph\":[{\"@type\":\"WebPage\",\"@id\":\"https:\/\/staging.nbgtele.com\/fr\/produit\/surf-k\/\",\"url\":\"https:\/\/staging.nbgtele.com\/fr\/produit\/surf-k\/\",\"name\":\"Surf-K - NBGTele.com\",\"isPartOf\":{\"@id\":\"https:\/\/staging.nbgtele.com\/fr\/#website\"},\"primaryImageOfPage\":{\"@id\":\"https:\/\/staging.nbgtele.com\/fr\/produit\/surf-k\/#primaryimage\"},\"image\":{\"@id\":\"https:\/\/staging.nbgtele.com\/fr\/produit\/surf-k\/#primaryimage\"},\"thumbnailUrl\":\"https:\/\/staging.nbgtele.com\/wp-content\/uploads\/2023\/09\/Surf-K-KM.png\",\"datePublished\":\"2023-09-19T18:53:32+00:00\",\"dateModified\":\"2023-11-13T21:00:35+00:00\",\"breadcrumb\":{\"@id\":\"https:\/\/staging.nbgtele.com\/fr\/produit\/surf-k\/#breadcrumb\"},\"inLanguage\":\"fr-FR\",\"potentialAction\":[{\"@type\":\"ReadAction\",\"target\":[\"https:\/\/staging.nbgtele.com\/fr\/produit\/surf-k\/\"]}]},{\"@type\":\"ImageObject\",\"inLanguage\":\"fr-FR\",\"@id\":\"https:\/\/staging.nbgtele.com\/fr\/produit\/surf-k\/#primaryimage\",\"url\":\"https:\/\/staging.nbgtele.com\/wp-content\/uploads\/2023\/09\/Surf-K-KM.png\",\"contentUrl\":\"https:\/\/staging.nbgtele.com\/wp-content\/uploads\/2023\/09\/Surf-K-KM.png\",\"width\":1280,\"height\":1280},{\"@type\":\"BreadcrumbList\",\"@id\":\"https:\/\/staging.nbgtele.com\/fr\/produit\/surf-k\/#breadcrumb\",\"itemListElement\":[{\"@type\":\"ListItem\",\"position\":1,\"name\":\"Home\",\"item\":\"https:\/\/staging.nbgtele.com\/fr\/\"},{\"@type\":\"ListItem\",\"position\":2,\"name\":\"Boutique\",\"item\":\"https:\/\/staging.nbgtele.com\/shop\/\"},{\"@type\":\"ListItem\",\"position\":3,\"name\":\"Surf-K\"}]},{\"@type\":\"WebSite\",\"@id\":\"https:\/\/staging.nbgtele.com\/fr\/#website\",\"url\":\"https:\/\/staging.nbgtele.com\/fr\/\",\"name\":\"NBGTele.com\",\"description\":\"\",\"potentialAction\":[{\"@type\":\"SearchAction\",\"target\":{\"@type\":\"EntryPoint\",\"urlTemplate\":\"https:\/\/staging.nbgtele.com\/fr\/?s={search_term_string}\"},\"query-input\":{\"@type\":\"PropertyValueSpecification\",\"valueRequired\":true,\"valueName\":\"search_term_string\"}}],\"inLanguage\":\"fr-FR\"}]}<\/script>\n<!-- \/ Yoast SEO plugin. -->","yoast_head_json":{"title":"Surf-K - NBGTele.com","robots":{"index":"noindex","follow":"follow","max-snippet":"max-snippet:-1","max-image-preview":"max-image-preview:large","max-video-preview":"max-video-preview:-1"},"og_locale":"fr_FR","og_type":"article","og_title":"Surf-K - NBGTele.com","og_description":"Surf-K est un communicateur d\u2019alarme primaire qui utilise les formats CID et SIA et la technologie cellulaire LTE pour communiquer avec votre station centrale de s\u00e9curit\u00e9. Il vous permet de facilement contr\u00f4ler vos syst\u00e8mes de surveillance \u00e0 distance depuis la plateforme Aryo Cloud, votre smartphone Android ou iOS en vous connectant au keybus de la s\u00e9rie DSC power. Pour les syst\u00e8mes ne prenant pas en compte cette fonction, le communicateur d\u2019alarme surf-k utilise 3 zones de surveillance pour les alarmes d\u2019intrusion, d\u2019incendie et de panique. L\u2019armement et le d\u00e9sarmement par cl\u00e9 sont facilit\u00e9s par la Zone 1 et le PGM 1, tandis que le PGM 2 d\u00e9clenche une zone sur le panneau h\u00f4te pour les probl\u00e8mes.","og_url":"https:\/\/staging.nbgtele.com\/fr\/produit\/surf-k\/","og_site_name":"NBGTele.com","article_modified_time":"2023-11-13T21:00:35+00:00","og_image":[{"width":1280,"height":1280,"url":"https:\/\/staging.nbgtele.com\/wp-content\/uploads\/2023\/09\/Surf-K-KM.png","type":"image\/png"}],"twitter_card":"summary_large_image","schema":{"@context":"https:\/\/schema.org","@graph":[{"@type":"WebPage","@id":"https:\/\/staging.nbgtele.com\/fr\/produit\/surf-k\/","url":"https:\/\/staging.nbgtele.com\/fr\/produit\/surf-k\/","name":"Surf-K - NBGTele.com","isPartOf":{"@id":"https:\/\/staging.nbgtele.com\/fr\/#website"},"primaryImageOfPage":{"@id":"https:\/\/staging.nbgtele.com\/fr\/produit\/surf-k\/#primaryimage"},"image":{"@id":"https:\/\/staging.nbgtele.com\/fr\/produit\/surf-k\/#primaryimage"},"thumbnailUrl":"https:\/\/staging.nbgtele.com\/wp-content\/uploads\/2023\/09\/Surf-K-KM.png","datePublished":"2023-09-19T18:53:32+00:00","dateModified":"2023-11-13T21:00:35+00:00","breadcrumb":{"@id":"https:\/\/staging.nbgtele.com\/fr\/produit\/surf-k\/#breadcrumb"},"inLanguage":"fr-FR","potentialAction":[{"@type":"ReadAction","target":["https:\/\/staging.nbgtele.com\/fr\/produit\/surf-k\/"]}]},{"@type":"ImageObject","inLanguage":"fr-FR","@id":"https:\/\/staging.nbgtele.com\/fr\/produit\/surf-k\/#primaryimage","url":"https:\/\/staging.nbgtele.com\/wp-content\/uploads\/2023\/09\/Surf-K-KM.png","contentUrl":"https:\/\/staging.nbgtele.com\/wp-content\/uploads\/2023\/09\/Surf-K-KM.png","width":1280,"height":1280},{"@type":"BreadcrumbList","@id":"https:\/\/staging.nbgtele.com\/fr\/produit\/surf-k\/#breadcrumb","itemListElement":[{"@type":"ListItem","position":1,"name":"Home","item":"https:\/\/staging.nbgtele.com\/fr\/"},{"@type":"ListItem","position":2,"name":"Boutique","item":"https:\/\/staging.nbgtele.com\/shop\/"},{"@type":"ListItem","position":3,"name":"Surf-K"}]},{"@type":"WebSite","@id":"https:\/\/staging.nbgtele.com\/fr\/#website","url":"https:\/\/staging.nbgtele.com\/fr\/","name":"NBGTele.com","description":"","potentialAction":[{"@type":"SearchAction","target":{"@type":"EntryPoint","urlTemplate":"https:\/\/staging.nbgtele.com\/fr\/?s={search_term_string}"},"query-input":{"@type":"PropertyValueSpecification","valueRequired":true,"valueName":"search_term_string"}}],"inLanguage":"fr-FR"}]}},"_links":{"self":[{"href":"https:\/\/staging.nbgtele.com\/fr\/wp-json\/wp\/v2\/product\/101407","targetHints":{"allow":["GET"]}}],"collection":[{"href":"https:\/\/staging.nbgtele.com\/fr\/wp-json\/wp\/v2\/product"}],"about":[{"href":"https:\/\/staging.nbgtele.com\/fr\/wp-json\/wp\/v2\/types\/product"}],"wp:featuredmedia":[{"embeddable":true,"href":"https:\/\/staging.nbgtele.com\/fr\/wp-json\/wp\/v2\/media\/101405"}],"wp:attachment":[{"href":"https:\/\/staging.nbgtele.com\/fr\/wp-json\/wp\/v2\/media?parent=101407"}],"wp:term":[{"taxonomy":"product_brand","embeddable":true,"href":"https:\/\/staging.nbgtele.com\/fr\/wp-json\/wp\/v2\/product_brand?post=101407"},{"taxonomy":"product_cat","embeddable":true,"href":"https:\/\/staging.nbgtele.com\/fr\/wp-json\/wp\/v2\/product_cat?post=101407"},{"taxonomy":"product_tag","embeddable":true,"href":"https:\/\/staging.nbgtele.com\/fr\/wp-json\/wp\/v2\/product_tag?post=101407"},{"taxonomy":"brand","embeddable":true,"href":"https:\/\/staging.nbgtele.com\/fr\/wp-json\/wp\/v2\/brand?post=101407"},{"taxonomy":"model","embeddable":true,"href":"https:\/\/staging.nbgtele.com\/fr\/wp-json\/wp\/v2\/model?post=101407"},{"taxonomy":"profile","embeddable":true,"href":"https:\/\/staging.nbgtele.com\/fr\/wp-json\/wp\/v2\/profile?post=101407"},{"taxonomy":"resolution","embeddable":true,"href":"https:\/\/staging.nbgtele.com\/fr\/wp-json\/wp\/v2\/resolution?post=101407"},{"taxonomy":"lens","embeddable":true,"href":"https:\/\/staging.nbgtele.com\/fr\/wp-json\/wp\/v2\/lens?post=101407"},{"taxonomy":"color","embeddable":true,"href":"https:\/\/staging.nbgtele.com\/fr\/wp-json\/wp\/v2\/color?post=101407"},{"taxonomy":"ndaa_compliant","embeddable":true,"href":"https:\/\/staging.nbgtele.com\/fr\/wp-json\/wp\/v2\/ndaa_compliant?post=101407"},{"taxonomy":"dual_voltage","embeddable":true,"href":"https:\/\/staging.nbgtele.com\/fr\/wp-json\/wp\/v2\/dual_voltage?post=101407"},{"taxonomy":"ai","embeddable":true,"href":"https:\/\/staging.nbgtele.com\/fr\/wp-json\/wp\/v2\/ai?post=101407"},{"taxonomy":"lite","embeddable":true,"href":"https:\/\/staging.nbgtele.com\/fr\/wp-json\/wp\/v2\/lite?post=101407"},{"taxonomy":"infrared_perimeter","embeddable":true,"href":"https:\/\/staging.nbgtele.com\/fr\/wp-json\/wp\/v2\/infrared_perimeter?post=101407"},{"taxonomy":"fixed_dome_microphone","embeddable":true,"href":"https:\/\/staging.nbgtele.com\/fr\/wp-json\/wp\/v2\/fixed_dome_microphone?post=101407"},{"taxonomy":"analog_hd","embeddable":true,"href":"https:\/\/staging.nbgtele.com\/fr\/wp-json\/wp\/v2\/analog_hd?post=101407"},{"taxonomy":"covert_camera","embeddable":true,"href":"https:\/\/staging.nbgtele.com\/fr\/wp-json\/wp\/v2\/covert_camera?post=101407"},{"taxonomy":"internet_protocol","embeddable":true,"href":"https:\/\/staging.nbgtele.com\/fr\/wp-json\/wp\/v2\/internet_protocol?post=101407"},{"taxonomy":"channels","embeddable":true,"href":"https:\/\/staging.nbgtele.com\/fr\/wp-json\/wp\/v2\/channels?post=101407"},{"taxonomy":"ports","embeddable":true,"href":"https:\/\/staging.nbgtele.com\/fr\/wp-json\/wp\/v2\/ports?post=101407"}],"curies":[{"name":"wp","href":"https:\/\/api.w.org\/{rel}","templated":true}]}}