{"id":104884,"date":"2024-02-27T16:57:04","date_gmt":"2024-02-27T20:57:04","guid":{"rendered":"https:\/\/nbgtele.com\/product\/ip-horn-speaker-30-watt-with-poe\/"},"modified":"2024-02-29T15:45:44","modified_gmt":"2024-02-29T19:45:44","slug":"ip-horn-speaker-30-watt-with-poe","status":"publish","type":"product","link":"https:\/\/staging.nbgtele.com\/fr\/produit\/ip-horn-speaker-30-watt-with-poe\/","title":{"rendered":"Haut-Parleur \u00e0 Pavillon IP 30 WATT avec POE"},"content":{"rendered":"","protected":false},"excerpt":{"rendered":"<p><span style=\"font-weight: 400;\">Notre Haut-Parleur \u00e0 Pavillon IP 30 WATT avec POE\u00a0 est l&rsquo;outil essentiel pour renforcer la s\u00e9curit\u00e9 de votre syst\u00e8me de surveillance. Dot\u00e9 d&rsquo;une technologie POE, il vous offre une connectivit\u00e9 fiable et une installation simplifi\u00e9e, \u00e9liminant ainsi le besoin de c\u00e2bles d&rsquo;alimentation suppl\u00e9mentaires.<\/span><\/p>\n<p><span style=\"font-weight: 400;\">Avec son microphone de contr\u00f4le int\u00e9gr\u00e9, ce haut-parleur \u00e0 pavillon permet une surveillance audio en temps r\u00e9el, vous offrant une perception accrue de votre environnement de s\u00e9curit\u00e9. Que ce soit pour \u00e9couter des bruits suspects ou pour communiquer avec des visiteurs, ce microphone offre une fonctionnalit\u00e9 pr\u00e9cieuse pour une surveillance compl\u00e8te.<\/span><\/p>\n<p><span style=\"font-weight: 400;\">Con\u00e7u pour r\u00e9sister aux \u00e9l\u00e9ments, ce haut-parleur \u00e0 pavillon est certifi\u00e9 IP67, garantissant une protection contre l&rsquo;eau et la poussi\u00e8re, ce qui en fait un choix id\u00e9al pour une installation en ext\u00e9rieur, m\u00eame dans des conditions m\u00e9t\u00e9orologiques difficiles.<\/span><\/p>\n","protected":false},"featured_media":104589,"template":"","meta":{"_acf_changed":false},"product_brand":[],"product_cat":[231],"product_tag":[],"brand":[195],"model":[],"profile":[],"resolution":[],"lens":[],"color":[],"ndaa_compliant":[],"dual_voltage":[],"ai":[],"lite":[],"infrared_perimeter":[],"fixed_dome_microphone":[],"analog_hd":[],"covert_camera":[],"internet_protocol":[],"channels":[],"ports":[],"class_list":{"0":"post-104884","1":"product","2":"type-product","3":"status-publish","4":"has-post-thumbnail","6":"product_cat-audio-fr","7":"brand-gsd-fr","8":"entry","10":"first","11":"instock","12":"taxable","13":"shipping-taxable","14":"product-type-simple"},"acf":[],"wcpa_form_fields":null,"yoast_head":"<!-- This site is optimized with the Yoast SEO plugin v23.7 - https:\/\/yoast.com\/wordpress\/plugins\/seo\/ -->\n<title>Haut-Parleur \u00e0 Pavillon IP 30 WATT avec POE - NBGTele.com<\/title>\n<meta name=\"robots\" content=\"noindex, follow, max-snippet:-1, max-image-preview:large, max-video-preview:-1\" \/>\n<meta property=\"og:locale\" content=\"fr_FR\" \/>\n<meta property=\"og:type\" content=\"article\" \/>\n<meta property=\"og:title\" content=\"Haut-Parleur \u00e0 Pavillon IP 30 WATT avec POE - NBGTele.com\" \/>\n<meta property=\"og:description\" content=\"Notre Haut-Parleur \u00e0 Pavillon IP 30 WATT avec POE\u00a0 est l&#039;outil essentiel pour renforcer la s\u00e9curit\u00e9 de votre syst\u00e8me de surveillance. Dot\u00e9 d&#039;une technologie POE, il vous offre une connectivit\u00e9 fiable et une installation simplifi\u00e9e, \u00e9liminant ainsi le besoin de c\u00e2bles d&#039;alimentation suppl\u00e9mentaires.  Avec son microphone de contr\u00f4le int\u00e9gr\u00e9, ce haut-parleur \u00e0 pavillon permet une surveillance audio en temps r\u00e9el, vous offrant une perception accrue de votre environnement de s\u00e9curit\u00e9. Que ce soit pour \u00e9couter des bruits suspects ou pour communiquer avec des visiteurs, ce microphone offre une fonctionnalit\u00e9 pr\u00e9cieuse pour une surveillance compl\u00e8te.  Con\u00e7u pour r\u00e9sister aux \u00e9l\u00e9ments, ce haut-parleur \u00e0 pavillon est certifi\u00e9 IP67, garantissant une protection contre l&#039;eau et la poussi\u00e8re, ce qui en fait un choix id\u00e9al pour une installation en ext\u00e9rieur, m\u00eame dans des conditions m\u00e9t\u00e9orologiques difficiles.\" \/>\n<meta property=\"og:url\" content=\"https:\/\/staging.nbgtele.com\/fr\/produit\/ip-horn-speaker-30-watt-with-poe\/\" \/>\n<meta property=\"og:site_name\" content=\"NBGTele.com\" \/>\n<meta property=\"article:modified_time\" content=\"2024-02-29T19:45:44+00:00\" \/>\n<meta property=\"og:image\" content=\"https:\/\/staging.nbgtele.com\/wp-content\/uploads\/2024\/02\/spk-ip30w-poe.jpg\" \/>\n\t<meta property=\"og:image:width\" content=\"1000\" \/>\n\t<meta property=\"og:image:height\" content=\"1000\" \/>\n\t<meta property=\"og:image:type\" content=\"image\/jpeg\" \/>\n<meta name=\"twitter:card\" content=\"summary_large_image\" \/>\n<meta name=\"twitter:label1\" content=\"Dur\u00e9e de lecture estim\u00e9e\" \/>\n\t<meta name=\"twitter:data1\" content=\"1 minute\" \/>\n<script type=\"application\/ld+json\" class=\"yoast-schema-graph\">{\"@context\":\"https:\/\/schema.org\",\"@graph\":[{\"@type\":\"WebPage\",\"@id\":\"https:\/\/staging.nbgtele.com\/fr\/produit\/ip-horn-speaker-30-watt-with-poe\/\",\"url\":\"https:\/\/staging.nbgtele.com\/fr\/produit\/ip-horn-speaker-30-watt-with-poe\/\",\"name\":\"Haut-Parleur \u00e0 Pavillon IP 30 WATT avec POE - NBGTele.com\",\"isPartOf\":{\"@id\":\"https:\/\/staging.nbgtele.com\/fr\/#website\"},\"primaryImageOfPage\":{\"@id\":\"https:\/\/staging.nbgtele.com\/fr\/produit\/ip-horn-speaker-30-watt-with-poe\/#primaryimage\"},\"image\":{\"@id\":\"https:\/\/staging.nbgtele.com\/fr\/produit\/ip-horn-speaker-30-watt-with-poe\/#primaryimage\"},\"thumbnailUrl\":\"https:\/\/staging.nbgtele.com\/wp-content\/uploads\/2024\/02\/spk-ip30w-poe.jpg\",\"datePublished\":\"2024-02-27T20:57:04+00:00\",\"dateModified\":\"2024-02-29T19:45:44+00:00\",\"breadcrumb\":{\"@id\":\"https:\/\/staging.nbgtele.com\/fr\/produit\/ip-horn-speaker-30-watt-with-poe\/#breadcrumb\"},\"inLanguage\":\"fr-FR\",\"potentialAction\":[{\"@type\":\"ReadAction\",\"target\":[\"https:\/\/staging.nbgtele.com\/fr\/produit\/ip-horn-speaker-30-watt-with-poe\/\"]}]},{\"@type\":\"ImageObject\",\"inLanguage\":\"fr-FR\",\"@id\":\"https:\/\/staging.nbgtele.com\/fr\/produit\/ip-horn-speaker-30-watt-with-poe\/#primaryimage\",\"url\":\"https:\/\/staging.nbgtele.com\/wp-content\/uploads\/2024\/02\/spk-ip30w-poe.jpg\",\"contentUrl\":\"https:\/\/staging.nbgtele.com\/wp-content\/uploads\/2024\/02\/spk-ip30w-poe.jpg\",\"width\":1000,\"height\":1000},{\"@type\":\"BreadcrumbList\",\"@id\":\"https:\/\/staging.nbgtele.com\/fr\/produit\/ip-horn-speaker-30-watt-with-poe\/#breadcrumb\",\"itemListElement\":[{\"@type\":\"ListItem\",\"position\":1,\"name\":\"Home\",\"item\":\"https:\/\/staging.nbgtele.com\/fr\/\"},{\"@type\":\"ListItem\",\"position\":2,\"name\":\"Boutique\",\"item\":\"https:\/\/staging.nbgtele.com\/shop\/\"},{\"@type\":\"ListItem\",\"position\":3,\"name\":\"Haut-Parleur \u00e0 Pavillon IP 30 WATT avec POE\"}]},{\"@type\":\"WebSite\",\"@id\":\"https:\/\/staging.nbgtele.com\/fr\/#website\",\"url\":\"https:\/\/staging.nbgtele.com\/fr\/\",\"name\":\"NBGTele.com\",\"description\":\"\",\"potentialAction\":[{\"@type\":\"SearchAction\",\"target\":{\"@type\":\"EntryPoint\",\"urlTemplate\":\"https:\/\/staging.nbgtele.com\/fr\/?s={search_term_string}\"},\"query-input\":{\"@type\":\"PropertyValueSpecification\",\"valueRequired\":true,\"valueName\":\"search_term_string\"}}],\"inLanguage\":\"fr-FR\"}]}<\/script>\n<!-- \/ Yoast SEO plugin. -->","yoast_head_json":{"title":"Haut-Parleur \u00e0 Pavillon IP 30 WATT avec POE - NBGTele.com","robots":{"index":"noindex","follow":"follow","max-snippet":"max-snippet:-1","max-image-preview":"max-image-preview:large","max-video-preview":"max-video-preview:-1"},"og_locale":"fr_FR","og_type":"article","og_title":"Haut-Parleur \u00e0 Pavillon IP 30 WATT avec POE - NBGTele.com","og_description":"Notre Haut-Parleur \u00e0 Pavillon IP 30 WATT avec POE\u00a0 est l'outil essentiel pour renforcer la s\u00e9curit\u00e9 de votre syst\u00e8me de surveillance. Dot\u00e9 d'une technologie POE, il vous offre une connectivit\u00e9 fiable et une installation simplifi\u00e9e, \u00e9liminant ainsi le besoin de c\u00e2bles d'alimentation suppl\u00e9mentaires.  Avec son microphone de contr\u00f4le int\u00e9gr\u00e9, ce haut-parleur \u00e0 pavillon permet une surveillance audio en temps r\u00e9el, vous offrant une perception accrue de votre environnement de s\u00e9curit\u00e9. Que ce soit pour \u00e9couter des bruits suspects ou pour communiquer avec des visiteurs, ce microphone offre une fonctionnalit\u00e9 pr\u00e9cieuse pour une surveillance compl\u00e8te.  Con\u00e7u pour r\u00e9sister aux \u00e9l\u00e9ments, ce haut-parleur \u00e0 pavillon est certifi\u00e9 IP67, garantissant une protection contre l'eau et la poussi\u00e8re, ce qui en fait un choix id\u00e9al pour une installation en ext\u00e9rieur, m\u00eame dans des conditions m\u00e9t\u00e9orologiques difficiles.","og_url":"https:\/\/staging.nbgtele.com\/fr\/produit\/ip-horn-speaker-30-watt-with-poe\/","og_site_name":"NBGTele.com","article_modified_time":"2024-02-29T19:45:44+00:00","og_image":[{"width":1000,"height":1000,"url":"https:\/\/staging.nbgtele.com\/wp-content\/uploads\/2024\/02\/spk-ip30w-poe.jpg","type":"image\/jpeg"}],"twitter_card":"summary_large_image","twitter_misc":{"Dur\u00e9e de lecture estim\u00e9e":"1 minute"},"schema":{"@context":"https:\/\/schema.org","@graph":[{"@type":"WebPage","@id":"https:\/\/staging.nbgtele.com\/fr\/produit\/ip-horn-speaker-30-watt-with-poe\/","url":"https:\/\/staging.nbgtele.com\/fr\/produit\/ip-horn-speaker-30-watt-with-poe\/","name":"Haut-Parleur \u00e0 Pavillon IP 30 WATT avec POE - NBGTele.com","isPartOf":{"@id":"https:\/\/staging.nbgtele.com\/fr\/#website"},"primaryImageOfPage":{"@id":"https:\/\/staging.nbgtele.com\/fr\/produit\/ip-horn-speaker-30-watt-with-poe\/#primaryimage"},"image":{"@id":"https:\/\/staging.nbgtele.com\/fr\/produit\/ip-horn-speaker-30-watt-with-poe\/#primaryimage"},"thumbnailUrl":"https:\/\/staging.nbgtele.com\/wp-content\/uploads\/2024\/02\/spk-ip30w-poe.jpg","datePublished":"2024-02-27T20:57:04+00:00","dateModified":"2024-02-29T19:45:44+00:00","breadcrumb":{"@id":"https:\/\/staging.nbgtele.com\/fr\/produit\/ip-horn-speaker-30-watt-with-poe\/#breadcrumb"},"inLanguage":"fr-FR","potentialAction":[{"@type":"ReadAction","target":["https:\/\/staging.nbgtele.com\/fr\/produit\/ip-horn-speaker-30-watt-with-poe\/"]}]},{"@type":"ImageObject","inLanguage":"fr-FR","@id":"https:\/\/staging.nbgtele.com\/fr\/produit\/ip-horn-speaker-30-watt-with-poe\/#primaryimage","url":"https:\/\/staging.nbgtele.com\/wp-content\/uploads\/2024\/02\/spk-ip30w-poe.jpg","contentUrl":"https:\/\/staging.nbgtele.com\/wp-content\/uploads\/2024\/02\/spk-ip30w-poe.jpg","width":1000,"height":1000},{"@type":"BreadcrumbList","@id":"https:\/\/staging.nbgtele.com\/fr\/produit\/ip-horn-speaker-30-watt-with-poe\/#breadcrumb","itemListElement":[{"@type":"ListItem","position":1,"name":"Home","item":"https:\/\/staging.nbgtele.com\/fr\/"},{"@type":"ListItem","position":2,"name":"Boutique","item":"https:\/\/staging.nbgtele.com\/shop\/"},{"@type":"ListItem","position":3,"name":"Haut-Parleur \u00e0 Pavillon IP 30 WATT avec POE"}]},{"@type":"WebSite","@id":"https:\/\/staging.nbgtele.com\/fr\/#website","url":"https:\/\/staging.nbgtele.com\/fr\/","name":"NBGTele.com","description":"","potentialAction":[{"@type":"SearchAction","target":{"@type":"EntryPoint","urlTemplate":"https:\/\/staging.nbgtele.com\/fr\/?s={search_term_string}"},"query-input":{"@type":"PropertyValueSpecification","valueRequired":true,"valueName":"search_term_string"}}],"inLanguage":"fr-FR"}]}},"_links":{"self":[{"href":"https:\/\/staging.nbgtele.com\/fr\/wp-json\/wp\/v2\/product\/104884","targetHints":{"allow":["GET"]}}],"collection":[{"href":"https:\/\/staging.nbgtele.com\/fr\/wp-json\/wp\/v2\/product"}],"about":[{"href":"https:\/\/staging.nbgtele.com\/fr\/wp-json\/wp\/v2\/types\/product"}],"wp:featuredmedia":[{"embeddable":true,"href":"https:\/\/staging.nbgtele.com\/fr\/wp-json\/wp\/v2\/media\/104589"}],"wp:attachment":[{"href":"https:\/\/staging.nbgtele.com\/fr\/wp-json\/wp\/v2\/media?parent=104884"}],"wp:term":[{"taxonomy":"product_brand","embeddable":true,"href":"https:\/\/staging.nbgtele.com\/fr\/wp-json\/wp\/v2\/product_brand?post=104884"},{"taxonomy":"product_cat","embeddable":true,"href":"https:\/\/staging.nbgtele.com\/fr\/wp-json\/wp\/v2\/product_cat?post=104884"},{"taxonomy":"product_tag","embeddable":true,"href":"https:\/\/staging.nbgtele.com\/fr\/wp-json\/wp\/v2\/product_tag?post=104884"},{"taxonomy":"brand","embeddable":true,"href":"https:\/\/staging.nbgtele.com\/fr\/wp-json\/wp\/v2\/brand?post=104884"},{"taxonomy":"model","embeddable":true,"href":"https:\/\/staging.nbgtele.com\/fr\/wp-json\/wp\/v2\/model?post=104884"},{"taxonomy":"profile","embeddable":true,"href":"https:\/\/staging.nbgtele.com\/fr\/wp-json\/wp\/v2\/profile?post=104884"},{"taxonomy":"resolution","embeddable":true,"href":"https:\/\/staging.nbgtele.com\/fr\/wp-json\/wp\/v2\/resolution?post=104884"},{"taxonomy":"lens","embeddable":true,"href":"https:\/\/staging.nbgtele.com\/fr\/wp-json\/wp\/v2\/lens?post=104884"},{"taxonomy":"color","embeddable":true,"href":"https:\/\/staging.nbgtele.com\/fr\/wp-json\/wp\/v2\/color?post=104884"},{"taxonomy":"ndaa_compliant","embeddable":true,"href":"https:\/\/staging.nbgtele.com\/fr\/wp-json\/wp\/v2\/ndaa_compliant?post=104884"},{"taxonomy":"dual_voltage","embeddable":true,"href":"https:\/\/staging.nbgtele.com\/fr\/wp-json\/wp\/v2\/dual_voltage?post=104884"},{"taxonomy":"ai","embeddable":true,"href":"https:\/\/staging.nbgtele.com\/fr\/wp-json\/wp\/v2\/ai?post=104884"},{"taxonomy":"lite","embeddable":true,"href":"https:\/\/staging.nbgtele.com\/fr\/wp-json\/wp\/v2\/lite?post=104884"},{"taxonomy":"infrared_perimeter","embeddable":true,"href":"https:\/\/staging.nbgtele.com\/fr\/wp-json\/wp\/v2\/infrared_perimeter?post=104884"},{"taxonomy":"fixed_dome_microphone","embeddable":true,"href":"https:\/\/staging.nbgtele.com\/fr\/wp-json\/wp\/v2\/fixed_dome_microphone?post=104884"},{"taxonomy":"analog_hd","embeddable":true,"href":"https:\/\/staging.nbgtele.com\/fr\/wp-json\/wp\/v2\/analog_hd?post=104884"},{"taxonomy":"covert_camera","embeddable":true,"href":"https:\/\/staging.nbgtele.com\/fr\/wp-json\/wp\/v2\/covert_camera?post=104884"},{"taxonomy":"internet_protocol","embeddable":true,"href":"https:\/\/staging.nbgtele.com\/fr\/wp-json\/wp\/v2\/internet_protocol?post=104884"},{"taxonomy":"channels","embeddable":true,"href":"https:\/\/staging.nbgtele.com\/fr\/wp-json\/wp\/v2\/channels?post=104884"},{"taxonomy":"ports","embeddable":true,"href":"https:\/\/staging.nbgtele.com\/fr\/wp-json\/wp\/v2\/ports?post=104884"}],"curies":[{"name":"wp","href":"https:\/\/api.w.org\/{rel}","templated":true}]}}