{"id":105240,"date":"2024-03-19T17:27:35","date_gmt":"2024-03-19T21:27:35","guid":{"rendered":"https:\/\/nbgtele.com\/product\/extender-1-4-poe-100m\/"},"modified":"2024-03-19T17:29:26","modified_gmt":"2024-03-19T21:29:26","slug":"extender-1-4-poe-100m","status":"publish","type":"product","link":"https:\/\/staging.nbgtele.com\/fr\/produit\/extender-1-4-poe-100m\/","title":{"rendered":"Extenseur 1-4 POE ++ 100M"},"content":{"rendered":"","protected":false},"excerpt":{"rendered":"<p><span style=\"font-weight: 400;\">L\u2019Extenseur 1-4 POE ++ 100M CAT5 \u00e0 4 Ports Ethernet est un \u00e9quipement de r\u00e9seau essentiel pour les environnements exigeants o\u00f9 la connectivit\u00e9 et l&rsquo;alimentation \u00e9lectrique sont primordiales. Avec ses capacit\u00e9s Power over Ethernet (PoE), cet extenseur offre une solution tout-en-un pour \u00e9tendre votre r\u00e9seau et alimenter vos p\u00e9riph\u00e9riques compatibles PoE, le tout avec une performance fiable et une grande flexibilit\u00e9.<\/span><\/p>\n","protected":false},"featured_media":105239,"template":"","meta":{"_acf_changed":false},"product_brand":[],"product_cat":[77],"product_tag":[],"brand":[195],"model":[],"profile":[],"resolution":[],"lens":[],"color":[],"ndaa_compliant":[],"dual_voltage":[],"ai":[],"lite":[],"infrared_perimeter":[],"fixed_dome_microphone":[],"analog_hd":[],"covert_camera":[],"internet_protocol":[],"channels":[],"ports":[],"class_list":{"0":"post-105240","1":"product","2":"type-product","3":"status-publish","4":"has-post-thumbnail","6":"product_cat-accessories-fr","7":"brand-gsd-fr","8":"entry","10":"first","11":"instock","12":"taxable","13":"shipping-taxable","14":"product-type-simple"},"acf":[],"wcpa_form_fields":null,"yoast_head":"<!-- This site is optimized with the Yoast SEO plugin v23.7 - https:\/\/yoast.com\/wordpress\/plugins\/seo\/ -->\n<title>Extenseur 1-4 POE ++ 100M - NBGTele.com<\/title>\n<meta name=\"robots\" content=\"noindex, follow, max-snippet:-1, max-image-preview:large, max-video-preview:-1\" \/>\n<meta property=\"og:locale\" content=\"fr_FR\" \/>\n<meta property=\"og:type\" content=\"article\" \/>\n<meta property=\"og:title\" content=\"Extenseur 1-4 POE ++ 100M - NBGTele.com\" \/>\n<meta property=\"og:description\" content=\"L\u2019Extenseur 1-4 POE ++ 100M CAT5 \u00e0 4 Ports Ethernet est un \u00e9quipement de r\u00e9seau essentiel pour les environnements exigeants o\u00f9 la connectivit\u00e9 et l&#039;alimentation \u00e9lectrique sont primordiales. Avec ses capacit\u00e9s Power over Ethernet (PoE), cet extenseur offre une solution tout-en-un pour \u00e9tendre votre r\u00e9seau et alimenter vos p\u00e9riph\u00e9riques compatibles PoE, le tout avec une performance fiable et une grande flexibilit\u00e9.\" \/>\n<meta property=\"og:url\" content=\"https:\/\/staging.nbgtele.com\/fr\/produit\/extender-1-4-poe-100m\/\" \/>\n<meta property=\"og:site_name\" content=\"NBGTele.com\" \/>\n<meta property=\"article:modified_time\" content=\"2024-03-19T21:29:26+00:00\" \/>\n<meta property=\"og:image\" content=\"https:\/\/staging.nbgtele.com\/wp-content\/uploads\/2024\/03\/EXT-4POE.png\" \/>\n\t<meta property=\"og:image:width\" content=\"1500\" \/>\n\t<meta property=\"og:image:height\" content=\"1500\" \/>\n\t<meta property=\"og:image:type\" content=\"image\/png\" \/>\n<meta name=\"twitter:card\" content=\"summary_large_image\" \/>\n<meta name=\"twitter:label1\" content=\"Dur\u00e9e de lecture estim\u00e9e\" \/>\n\t<meta name=\"twitter:data1\" content=\"1 minute\" \/>\n<script type=\"application\/ld+json\" class=\"yoast-schema-graph\">{\"@context\":\"https:\/\/schema.org\",\"@graph\":[{\"@type\":\"WebPage\",\"@id\":\"https:\/\/staging.nbgtele.com\/fr\/produit\/extender-1-4-poe-100m\/\",\"url\":\"https:\/\/staging.nbgtele.com\/fr\/produit\/extender-1-4-poe-100m\/\",\"name\":\"Extenseur 1-4 POE ++ 100M - NBGTele.com\",\"isPartOf\":{\"@id\":\"https:\/\/staging.nbgtele.com\/fr\/#website\"},\"primaryImageOfPage\":{\"@id\":\"https:\/\/staging.nbgtele.com\/fr\/produit\/extender-1-4-poe-100m\/#primaryimage\"},\"image\":{\"@id\":\"https:\/\/staging.nbgtele.com\/fr\/produit\/extender-1-4-poe-100m\/#primaryimage\"},\"thumbnailUrl\":\"https:\/\/staging.nbgtele.com\/wp-content\/uploads\/2024\/03\/EXT-4POE.png\",\"datePublished\":\"2024-03-19T21:27:35+00:00\",\"dateModified\":\"2024-03-19T21:29:26+00:00\",\"breadcrumb\":{\"@id\":\"https:\/\/staging.nbgtele.com\/fr\/produit\/extender-1-4-poe-100m\/#breadcrumb\"},\"inLanguage\":\"fr-FR\",\"potentialAction\":[{\"@type\":\"ReadAction\",\"target\":[\"https:\/\/staging.nbgtele.com\/fr\/produit\/extender-1-4-poe-100m\/\"]}]},{\"@type\":\"ImageObject\",\"inLanguage\":\"fr-FR\",\"@id\":\"https:\/\/staging.nbgtele.com\/fr\/produit\/extender-1-4-poe-100m\/#primaryimage\",\"url\":\"https:\/\/staging.nbgtele.com\/wp-content\/uploads\/2024\/03\/EXT-4POE.png\",\"contentUrl\":\"https:\/\/staging.nbgtele.com\/wp-content\/uploads\/2024\/03\/EXT-4POE.png\",\"width\":1500,\"height\":1500},{\"@type\":\"BreadcrumbList\",\"@id\":\"https:\/\/staging.nbgtele.com\/fr\/produit\/extender-1-4-poe-100m\/#breadcrumb\",\"itemListElement\":[{\"@type\":\"ListItem\",\"position\":1,\"name\":\"Home\",\"item\":\"https:\/\/staging.nbgtele.com\/fr\/\"},{\"@type\":\"ListItem\",\"position\":2,\"name\":\"Boutique\",\"item\":\"https:\/\/staging.nbgtele.com\/shop\/\"},{\"@type\":\"ListItem\",\"position\":3,\"name\":\"Extenseur 1-4 POE ++ 100M\"}]},{\"@type\":\"WebSite\",\"@id\":\"https:\/\/staging.nbgtele.com\/fr\/#website\",\"url\":\"https:\/\/staging.nbgtele.com\/fr\/\",\"name\":\"NBGTele.com\",\"description\":\"\",\"potentialAction\":[{\"@type\":\"SearchAction\",\"target\":{\"@type\":\"EntryPoint\",\"urlTemplate\":\"https:\/\/staging.nbgtele.com\/fr\/?s={search_term_string}\"},\"query-input\":{\"@type\":\"PropertyValueSpecification\",\"valueRequired\":true,\"valueName\":\"search_term_string\"}}],\"inLanguage\":\"fr-FR\"}]}<\/script>\n<!-- \/ Yoast SEO plugin. -->","yoast_head_json":{"title":"Extenseur 1-4 POE ++ 100M - NBGTele.com","robots":{"index":"noindex","follow":"follow","max-snippet":"max-snippet:-1","max-image-preview":"max-image-preview:large","max-video-preview":"max-video-preview:-1"},"og_locale":"fr_FR","og_type":"article","og_title":"Extenseur 1-4 POE ++ 100M - NBGTele.com","og_description":"L\u2019Extenseur 1-4 POE ++ 100M CAT5 \u00e0 4 Ports Ethernet est un \u00e9quipement de r\u00e9seau essentiel pour les environnements exigeants o\u00f9 la connectivit\u00e9 et l'alimentation \u00e9lectrique sont primordiales. Avec ses capacit\u00e9s Power over Ethernet (PoE), cet extenseur offre une solution tout-en-un pour \u00e9tendre votre r\u00e9seau et alimenter vos p\u00e9riph\u00e9riques compatibles PoE, le tout avec une performance fiable et une grande flexibilit\u00e9.","og_url":"https:\/\/staging.nbgtele.com\/fr\/produit\/extender-1-4-poe-100m\/","og_site_name":"NBGTele.com","article_modified_time":"2024-03-19T21:29:26+00:00","og_image":[{"width":1500,"height":1500,"url":"https:\/\/staging.nbgtele.com\/wp-content\/uploads\/2024\/03\/EXT-4POE.png","type":"image\/png"}],"twitter_card":"summary_large_image","twitter_misc":{"Dur\u00e9e de lecture estim\u00e9e":"1 minute"},"schema":{"@context":"https:\/\/schema.org","@graph":[{"@type":"WebPage","@id":"https:\/\/staging.nbgtele.com\/fr\/produit\/extender-1-4-poe-100m\/","url":"https:\/\/staging.nbgtele.com\/fr\/produit\/extender-1-4-poe-100m\/","name":"Extenseur 1-4 POE ++ 100M - NBGTele.com","isPartOf":{"@id":"https:\/\/staging.nbgtele.com\/fr\/#website"},"primaryImageOfPage":{"@id":"https:\/\/staging.nbgtele.com\/fr\/produit\/extender-1-4-poe-100m\/#primaryimage"},"image":{"@id":"https:\/\/staging.nbgtele.com\/fr\/produit\/extender-1-4-poe-100m\/#primaryimage"},"thumbnailUrl":"https:\/\/staging.nbgtele.com\/wp-content\/uploads\/2024\/03\/EXT-4POE.png","datePublished":"2024-03-19T21:27:35+00:00","dateModified":"2024-03-19T21:29:26+00:00","breadcrumb":{"@id":"https:\/\/staging.nbgtele.com\/fr\/produit\/extender-1-4-poe-100m\/#breadcrumb"},"inLanguage":"fr-FR","potentialAction":[{"@type":"ReadAction","target":["https:\/\/staging.nbgtele.com\/fr\/produit\/extender-1-4-poe-100m\/"]}]},{"@type":"ImageObject","inLanguage":"fr-FR","@id":"https:\/\/staging.nbgtele.com\/fr\/produit\/extender-1-4-poe-100m\/#primaryimage","url":"https:\/\/staging.nbgtele.com\/wp-content\/uploads\/2024\/03\/EXT-4POE.png","contentUrl":"https:\/\/staging.nbgtele.com\/wp-content\/uploads\/2024\/03\/EXT-4POE.png","width":1500,"height":1500},{"@type":"BreadcrumbList","@id":"https:\/\/staging.nbgtele.com\/fr\/produit\/extender-1-4-poe-100m\/#breadcrumb","itemListElement":[{"@type":"ListItem","position":1,"name":"Home","item":"https:\/\/staging.nbgtele.com\/fr\/"},{"@type":"ListItem","position":2,"name":"Boutique","item":"https:\/\/staging.nbgtele.com\/shop\/"},{"@type":"ListItem","position":3,"name":"Extenseur 1-4 POE ++ 100M"}]},{"@type":"WebSite","@id":"https:\/\/staging.nbgtele.com\/fr\/#website","url":"https:\/\/staging.nbgtele.com\/fr\/","name":"NBGTele.com","description":"","potentialAction":[{"@type":"SearchAction","target":{"@type":"EntryPoint","urlTemplate":"https:\/\/staging.nbgtele.com\/fr\/?s={search_term_string}"},"query-input":{"@type":"PropertyValueSpecification","valueRequired":true,"valueName":"search_term_string"}}],"inLanguage":"fr-FR"}]}},"_links":{"self":[{"href":"https:\/\/staging.nbgtele.com\/fr\/wp-json\/wp\/v2\/product\/105240","targetHints":{"allow":["GET"]}}],"collection":[{"href":"https:\/\/staging.nbgtele.com\/fr\/wp-json\/wp\/v2\/product"}],"about":[{"href":"https:\/\/staging.nbgtele.com\/fr\/wp-json\/wp\/v2\/types\/product"}],"wp:featuredmedia":[{"embeddable":true,"href":"https:\/\/staging.nbgtele.com\/fr\/wp-json\/wp\/v2\/media\/105239"}],"wp:attachment":[{"href":"https:\/\/staging.nbgtele.com\/fr\/wp-json\/wp\/v2\/media?parent=105240"}],"wp:term":[{"taxonomy":"product_brand","embeddable":true,"href":"https:\/\/staging.nbgtele.com\/fr\/wp-json\/wp\/v2\/product_brand?post=105240"},{"taxonomy":"product_cat","embeddable":true,"href":"https:\/\/staging.nbgtele.com\/fr\/wp-json\/wp\/v2\/product_cat?post=105240"},{"taxonomy":"product_tag","embeddable":true,"href":"https:\/\/staging.nbgtele.com\/fr\/wp-json\/wp\/v2\/product_tag?post=105240"},{"taxonomy":"brand","embeddable":true,"href":"https:\/\/staging.nbgtele.com\/fr\/wp-json\/wp\/v2\/brand?post=105240"},{"taxonomy":"model","embeddable":true,"href":"https:\/\/staging.nbgtele.com\/fr\/wp-json\/wp\/v2\/model?post=105240"},{"taxonomy":"profile","embeddable":true,"href":"https:\/\/staging.nbgtele.com\/fr\/wp-json\/wp\/v2\/profile?post=105240"},{"taxonomy":"resolution","embeddable":true,"href":"https:\/\/staging.nbgtele.com\/fr\/wp-json\/wp\/v2\/resolution?post=105240"},{"taxonomy":"lens","embeddable":true,"href":"https:\/\/staging.nbgtele.com\/fr\/wp-json\/wp\/v2\/lens?post=105240"},{"taxonomy":"color","embeddable":true,"href":"https:\/\/staging.nbgtele.com\/fr\/wp-json\/wp\/v2\/color?post=105240"},{"taxonomy":"ndaa_compliant","embeddable":true,"href":"https:\/\/staging.nbgtele.com\/fr\/wp-json\/wp\/v2\/ndaa_compliant?post=105240"},{"taxonomy":"dual_voltage","embeddable":true,"href":"https:\/\/staging.nbgtele.com\/fr\/wp-json\/wp\/v2\/dual_voltage?post=105240"},{"taxonomy":"ai","embeddable":true,"href":"https:\/\/staging.nbgtele.com\/fr\/wp-json\/wp\/v2\/ai?post=105240"},{"taxonomy":"lite","embeddable":true,"href":"https:\/\/staging.nbgtele.com\/fr\/wp-json\/wp\/v2\/lite?post=105240"},{"taxonomy":"infrared_perimeter","embeddable":true,"href":"https:\/\/staging.nbgtele.com\/fr\/wp-json\/wp\/v2\/infrared_perimeter?post=105240"},{"taxonomy":"fixed_dome_microphone","embeddable":true,"href":"https:\/\/staging.nbgtele.com\/fr\/wp-json\/wp\/v2\/fixed_dome_microphone?post=105240"},{"taxonomy":"analog_hd","embeddable":true,"href":"https:\/\/staging.nbgtele.com\/fr\/wp-json\/wp\/v2\/analog_hd?post=105240"},{"taxonomy":"covert_camera","embeddable":true,"href":"https:\/\/staging.nbgtele.com\/fr\/wp-json\/wp\/v2\/covert_camera?post=105240"},{"taxonomy":"internet_protocol","embeddable":true,"href":"https:\/\/staging.nbgtele.com\/fr\/wp-json\/wp\/v2\/internet_protocol?post=105240"},{"taxonomy":"channels","embeddable":true,"href":"https:\/\/staging.nbgtele.com\/fr\/wp-json\/wp\/v2\/channels?post=105240"},{"taxonomy":"ports","embeddable":true,"href":"https:\/\/staging.nbgtele.com\/fr\/wp-json\/wp\/v2\/ports?post=105240"}],"curies":[{"name":"wp","href":"https:\/\/api.w.org\/{rel}","templated":true}]}}