{"id":105659,"date":"2024-03-29T08:28:06","date_gmt":"2024-03-29T12:28:06","guid":{"rendered":"https:\/\/nbgtele.com\/product\/optex-ckb-308-visual-verification-bridge\/"},"modified":"2024-04-02T14:35:11","modified_gmt":"2024-04-02T18:35:11","slug":"optex-ckb-308-visual-verification-bridge","status":"publish","type":"product","link":"https:\/\/staging.nbgtele.com\/fr\/produit\/optex-ckb-308-visual-verification-bridge\/","title":{"rendered":"Optex CKB-308 Visual Verification Bridge"},"content":{"rendered":"","protected":false},"excerpt":{"rendered":"<p><span style=\"font-weight: 400;\">Le pont de v\u00e9rification visuelle Optex CKB-308 Visual Verification Bridge repr\u00e9sente l&rsquo;\u00e9pine dorsale de toute strat\u00e9gie de surveillance et de s\u00e9curit\u00e9 avanc\u00e9e. Avec ses huit entr\u00e9es d&rsquo;alarme num\u00e9riques et son relais de sortie multifonction, il s&rsquo;int\u00e8gre harmonieusement aux syst\u00e8mes d&rsquo;alarme existants, offrant une connectivit\u00e9 fiable et flexible.<\/span><\/p>\n<p><span style=\"font-weight: 400;\">Dot\u00e9 de ports USB 2.0 et 3.0, ce pont offre une connectivit\u00e9 \u00e9tendue pour la gestion des donn\u00e9es et des p\u00e9riph\u00e9riques externes, facilitant ainsi la configuration et l&rsquo;exploitation. En mati\u00e8re de surveillance vid\u00e9o, il accepte les dispositifs IP avec flux RTSP, garantissant une qualit\u00e9 d&rsquo;image optimale avec une r\u00e9solution D1 et 6 FPS.<\/span><\/p>\n<p><span style=\"font-weight: 400;\">Les d\u00e9clencheurs d&rsquo;\u00e9v\u00e9nements personnalisables, notamment les d\u00e9clencheurs d&rsquo;entr\u00e9e de zone et les d\u00e9clencheurs d&rsquo;\u00e9v\u00e9nements IA avec API, offrent une flexibilit\u00e9 maximale dans la gestion des incidents. Compact et l\u00e9ger, ce pont est facile \u00e0 installer et \u00e0 int\u00e9grer dans n&rsquo;importe quel environnement de s\u00e9curit\u00e9.<\/span><\/p>\n<p><span style=\"font-weight: 400;\">Sa compatibilit\u00e9 avec tout appareil conforme \u00e0 ONVIF S en fait une solution polyvalente pour les besoins de surveillance actuels et futurs. En r\u00e9sum\u00e9, le pont de v\u00e9rification visuelle est un \u00e9l\u00e9ment essentiel de toute infrastructure de s\u00e9curit\u00e9 moderne, offrant des fonctionnalit\u00e9s avanc\u00e9es dans un format compact et accessible.<\/span><\/p>\n","protected":false},"featured_media":105658,"template":"","meta":{"_acf_changed":false},"product_brand":[],"product_cat":[77],"product_tag":[],"brand":[235],"model":[],"profile":[],"resolution":[],"lens":[],"color":[],"ndaa_compliant":[],"dual_voltage":[],"ai":[],"lite":[],"infrared_perimeter":[],"fixed_dome_microphone":[],"analog_hd":[],"covert_camera":[],"internet_protocol":[],"channels":[],"ports":[],"class_list":{"0":"post-105659","1":"product","2":"type-product","3":"status-publish","4":"has-post-thumbnail","6":"product_cat-accessories-fr","7":"brand-chekt-fr","8":"entry","10":"first","11":"instock","12":"taxable","13":"shipping-taxable","14":"product-type-simple"},"acf":[],"wcpa_form_fields":null,"yoast_head":"<!-- This site is optimized with the Yoast SEO plugin v23.7 - https:\/\/yoast.com\/wordpress\/plugins\/seo\/ -->\n<title>Optex CKB-308 Visual Verification Bridge - NBGTele.com<\/title>\n<meta name=\"robots\" content=\"noindex, follow, max-snippet:-1, max-image-preview:large, max-video-preview:-1\" \/>\n<meta property=\"og:locale\" content=\"fr_FR\" \/>\n<meta property=\"og:type\" content=\"article\" \/>\n<meta property=\"og:title\" content=\"Optex CKB-308 Visual Verification Bridge - NBGTele.com\" \/>\n<meta property=\"og:description\" content=\"Le pont de v\u00e9rification visuelle Optex CKB-308 Visual Verification Bridge repr\u00e9sente l&#039;\u00e9pine dorsale de toute strat\u00e9gie de surveillance et de s\u00e9curit\u00e9 avanc\u00e9e. Avec ses huit entr\u00e9es d&#039;alarme num\u00e9riques et son relais de sortie multifonction, il s&#039;int\u00e8gre harmonieusement aux syst\u00e8mes d&#039;alarme existants, offrant une connectivit\u00e9 fiable et flexible.  Dot\u00e9 de ports USB 2.0 et 3.0, ce pont offre une connectivit\u00e9 \u00e9tendue pour la gestion des donn\u00e9es et des p\u00e9riph\u00e9riques externes, facilitant ainsi la configuration et l&#039;exploitation. En mati\u00e8re de surveillance vid\u00e9o, il accepte les dispositifs IP avec flux RTSP, garantissant une qualit\u00e9 d&#039;image optimale avec une r\u00e9solution D1 et 6 FPS.  Les d\u00e9clencheurs d&#039;\u00e9v\u00e9nements personnalisables, notamment les d\u00e9clencheurs d&#039;entr\u00e9e de zone et les d\u00e9clencheurs d&#039;\u00e9v\u00e9nements IA avec API, offrent une flexibilit\u00e9 maximale dans la gestion des incidents. Compact et l\u00e9ger, ce pont est facile \u00e0 installer et \u00e0 int\u00e9grer dans n&#039;importe quel environnement de s\u00e9curit\u00e9.  Sa compatibilit\u00e9 avec tout appareil conforme \u00e0 ONVIF S en fait une solution polyvalente pour les besoins de surveillance actuels et futurs. En r\u00e9sum\u00e9, le pont de v\u00e9rification visuelle est un \u00e9l\u00e9ment essentiel de toute infrastructure de s\u00e9curit\u00e9 moderne, offrant des fonctionnalit\u00e9s avanc\u00e9es dans un format compact et accessible.\" \/>\n<meta property=\"og:url\" content=\"https:\/\/staging.nbgtele.com\/fr\/produit\/optex-ckb-308-visual-verification-bridge\/\" \/>\n<meta property=\"og:site_name\" content=\"NBGTele.com\" \/>\n<meta property=\"article:modified_time\" content=\"2024-04-02T18:35:11+00:00\" \/>\n<meta property=\"og:image\" content=\"https:\/\/staging.nbgtele.com\/wp-content\/uploads\/2024\/03\/OP-CKB308.jpg\" \/>\n\t<meta property=\"og:image:width\" content=\"500\" \/>\n\t<meta property=\"og:image:height\" content=\"500\" \/>\n\t<meta property=\"og:image:type\" content=\"image\/jpeg\" \/>\n<meta name=\"twitter:card\" content=\"summary_large_image\" \/>\n<meta name=\"twitter:label1\" content=\"Dur\u00e9e de lecture estim\u00e9e\" \/>\n\t<meta name=\"twitter:data1\" content=\"1 minute\" \/>\n<script type=\"application\/ld+json\" class=\"yoast-schema-graph\">{\"@context\":\"https:\/\/schema.org\",\"@graph\":[{\"@type\":\"WebPage\",\"@id\":\"https:\/\/staging.nbgtele.com\/fr\/produit\/optex-ckb-308-visual-verification-bridge\/\",\"url\":\"https:\/\/staging.nbgtele.com\/fr\/produit\/optex-ckb-308-visual-verification-bridge\/\",\"name\":\"Optex CKB-308 Visual Verification Bridge - NBGTele.com\",\"isPartOf\":{\"@id\":\"https:\/\/staging.nbgtele.com\/fr\/#website\"},\"primaryImageOfPage\":{\"@id\":\"https:\/\/staging.nbgtele.com\/fr\/produit\/optex-ckb-308-visual-verification-bridge\/#primaryimage\"},\"image\":{\"@id\":\"https:\/\/staging.nbgtele.com\/fr\/produit\/optex-ckb-308-visual-verification-bridge\/#primaryimage\"},\"thumbnailUrl\":\"https:\/\/staging.nbgtele.com\/wp-content\/uploads\/2024\/03\/OP-CKB308.jpg\",\"datePublished\":\"2024-03-29T12:28:06+00:00\",\"dateModified\":\"2024-04-02T18:35:11+00:00\",\"breadcrumb\":{\"@id\":\"https:\/\/staging.nbgtele.com\/fr\/produit\/optex-ckb-308-visual-verification-bridge\/#breadcrumb\"},\"inLanguage\":\"fr-FR\",\"potentialAction\":[{\"@type\":\"ReadAction\",\"target\":[\"https:\/\/staging.nbgtele.com\/fr\/produit\/optex-ckb-308-visual-verification-bridge\/\"]}]},{\"@type\":\"ImageObject\",\"inLanguage\":\"fr-FR\",\"@id\":\"https:\/\/staging.nbgtele.com\/fr\/produit\/optex-ckb-308-visual-verification-bridge\/#primaryimage\",\"url\":\"https:\/\/staging.nbgtele.com\/wp-content\/uploads\/2024\/03\/OP-CKB308.jpg\",\"contentUrl\":\"https:\/\/staging.nbgtele.com\/wp-content\/uploads\/2024\/03\/OP-CKB308.jpg\",\"width\":500,\"height\":500},{\"@type\":\"BreadcrumbList\",\"@id\":\"https:\/\/staging.nbgtele.com\/fr\/produit\/optex-ckb-308-visual-verification-bridge\/#breadcrumb\",\"itemListElement\":[{\"@type\":\"ListItem\",\"position\":1,\"name\":\"Home\",\"item\":\"https:\/\/staging.nbgtele.com\/fr\/\"},{\"@type\":\"ListItem\",\"position\":2,\"name\":\"Boutique\",\"item\":\"https:\/\/staging.nbgtele.com\/shop\/\"},{\"@type\":\"ListItem\",\"position\":3,\"name\":\"Optex CKB-308 Visual Verification Bridge\"}]},{\"@type\":\"WebSite\",\"@id\":\"https:\/\/staging.nbgtele.com\/fr\/#website\",\"url\":\"https:\/\/staging.nbgtele.com\/fr\/\",\"name\":\"NBGTele.com\",\"description\":\"\",\"potentialAction\":[{\"@type\":\"SearchAction\",\"target\":{\"@type\":\"EntryPoint\",\"urlTemplate\":\"https:\/\/staging.nbgtele.com\/fr\/?s={search_term_string}\"},\"query-input\":{\"@type\":\"PropertyValueSpecification\",\"valueRequired\":true,\"valueName\":\"search_term_string\"}}],\"inLanguage\":\"fr-FR\"}]}<\/script>\n<!-- \/ Yoast SEO plugin. -->","yoast_head_json":{"title":"Optex CKB-308 Visual Verification Bridge - NBGTele.com","robots":{"index":"noindex","follow":"follow","max-snippet":"max-snippet:-1","max-image-preview":"max-image-preview:large","max-video-preview":"max-video-preview:-1"},"og_locale":"fr_FR","og_type":"article","og_title":"Optex CKB-308 Visual Verification Bridge - NBGTele.com","og_description":"Le pont de v\u00e9rification visuelle Optex CKB-308 Visual Verification Bridge repr\u00e9sente l'\u00e9pine dorsale de toute strat\u00e9gie de surveillance et de s\u00e9curit\u00e9 avanc\u00e9e. Avec ses huit entr\u00e9es d'alarme num\u00e9riques et son relais de sortie multifonction, il s'int\u00e8gre harmonieusement aux syst\u00e8mes d'alarme existants, offrant une connectivit\u00e9 fiable et flexible.  Dot\u00e9 de ports USB 2.0 et 3.0, ce pont offre une connectivit\u00e9 \u00e9tendue pour la gestion des donn\u00e9es et des p\u00e9riph\u00e9riques externes, facilitant ainsi la configuration et l'exploitation. En mati\u00e8re de surveillance vid\u00e9o, il accepte les dispositifs IP avec flux RTSP, garantissant une qualit\u00e9 d'image optimale avec une r\u00e9solution D1 et 6 FPS.  Les d\u00e9clencheurs d'\u00e9v\u00e9nements personnalisables, notamment les d\u00e9clencheurs d'entr\u00e9e de zone et les d\u00e9clencheurs d'\u00e9v\u00e9nements IA avec API, offrent une flexibilit\u00e9 maximale dans la gestion des incidents. Compact et l\u00e9ger, ce pont est facile \u00e0 installer et \u00e0 int\u00e9grer dans n'importe quel environnement de s\u00e9curit\u00e9.  Sa compatibilit\u00e9 avec tout appareil conforme \u00e0 ONVIF S en fait une solution polyvalente pour les besoins de surveillance actuels et futurs. En r\u00e9sum\u00e9, le pont de v\u00e9rification visuelle est un \u00e9l\u00e9ment essentiel de toute infrastructure de s\u00e9curit\u00e9 moderne, offrant des fonctionnalit\u00e9s avanc\u00e9es dans un format compact et accessible.","og_url":"https:\/\/staging.nbgtele.com\/fr\/produit\/optex-ckb-308-visual-verification-bridge\/","og_site_name":"NBGTele.com","article_modified_time":"2024-04-02T18:35:11+00:00","og_image":[{"width":500,"height":500,"url":"https:\/\/staging.nbgtele.com\/wp-content\/uploads\/2024\/03\/OP-CKB308.jpg","type":"image\/jpeg"}],"twitter_card":"summary_large_image","twitter_misc":{"Dur\u00e9e de lecture estim\u00e9e":"1 minute"},"schema":{"@context":"https:\/\/schema.org","@graph":[{"@type":"WebPage","@id":"https:\/\/staging.nbgtele.com\/fr\/produit\/optex-ckb-308-visual-verification-bridge\/","url":"https:\/\/staging.nbgtele.com\/fr\/produit\/optex-ckb-308-visual-verification-bridge\/","name":"Optex CKB-308 Visual Verification Bridge - NBGTele.com","isPartOf":{"@id":"https:\/\/staging.nbgtele.com\/fr\/#website"},"primaryImageOfPage":{"@id":"https:\/\/staging.nbgtele.com\/fr\/produit\/optex-ckb-308-visual-verification-bridge\/#primaryimage"},"image":{"@id":"https:\/\/staging.nbgtele.com\/fr\/produit\/optex-ckb-308-visual-verification-bridge\/#primaryimage"},"thumbnailUrl":"https:\/\/staging.nbgtele.com\/wp-content\/uploads\/2024\/03\/OP-CKB308.jpg","datePublished":"2024-03-29T12:28:06+00:00","dateModified":"2024-04-02T18:35:11+00:00","breadcrumb":{"@id":"https:\/\/staging.nbgtele.com\/fr\/produit\/optex-ckb-308-visual-verification-bridge\/#breadcrumb"},"inLanguage":"fr-FR","potentialAction":[{"@type":"ReadAction","target":["https:\/\/staging.nbgtele.com\/fr\/produit\/optex-ckb-308-visual-verification-bridge\/"]}]},{"@type":"ImageObject","inLanguage":"fr-FR","@id":"https:\/\/staging.nbgtele.com\/fr\/produit\/optex-ckb-308-visual-verification-bridge\/#primaryimage","url":"https:\/\/staging.nbgtele.com\/wp-content\/uploads\/2024\/03\/OP-CKB308.jpg","contentUrl":"https:\/\/staging.nbgtele.com\/wp-content\/uploads\/2024\/03\/OP-CKB308.jpg","width":500,"height":500},{"@type":"BreadcrumbList","@id":"https:\/\/staging.nbgtele.com\/fr\/produit\/optex-ckb-308-visual-verification-bridge\/#breadcrumb","itemListElement":[{"@type":"ListItem","position":1,"name":"Home","item":"https:\/\/staging.nbgtele.com\/fr\/"},{"@type":"ListItem","position":2,"name":"Boutique","item":"https:\/\/staging.nbgtele.com\/shop\/"},{"@type":"ListItem","position":3,"name":"Optex CKB-308 Visual Verification Bridge"}]},{"@type":"WebSite","@id":"https:\/\/staging.nbgtele.com\/fr\/#website","url":"https:\/\/staging.nbgtele.com\/fr\/","name":"NBGTele.com","description":"","potentialAction":[{"@type":"SearchAction","target":{"@type":"EntryPoint","urlTemplate":"https:\/\/staging.nbgtele.com\/fr\/?s={search_term_string}"},"query-input":{"@type":"PropertyValueSpecification","valueRequired":true,"valueName":"search_term_string"}}],"inLanguage":"fr-FR"}]}},"_links":{"self":[{"href":"https:\/\/staging.nbgtele.com\/fr\/wp-json\/wp\/v2\/product\/105659","targetHints":{"allow":["GET"]}}],"collection":[{"href":"https:\/\/staging.nbgtele.com\/fr\/wp-json\/wp\/v2\/product"}],"about":[{"href":"https:\/\/staging.nbgtele.com\/fr\/wp-json\/wp\/v2\/types\/product"}],"wp:featuredmedia":[{"embeddable":true,"href":"https:\/\/staging.nbgtele.com\/fr\/wp-json\/wp\/v2\/media\/105658"}],"wp:attachment":[{"href":"https:\/\/staging.nbgtele.com\/fr\/wp-json\/wp\/v2\/media?parent=105659"}],"wp:term":[{"taxonomy":"product_brand","embeddable":true,"href":"https:\/\/staging.nbgtele.com\/fr\/wp-json\/wp\/v2\/product_brand?post=105659"},{"taxonomy":"product_cat","embeddable":true,"href":"https:\/\/staging.nbgtele.com\/fr\/wp-json\/wp\/v2\/product_cat?post=105659"},{"taxonomy":"product_tag","embeddable":true,"href":"https:\/\/staging.nbgtele.com\/fr\/wp-json\/wp\/v2\/product_tag?post=105659"},{"taxonomy":"brand","embeddable":true,"href":"https:\/\/staging.nbgtele.com\/fr\/wp-json\/wp\/v2\/brand?post=105659"},{"taxonomy":"model","embeddable":true,"href":"https:\/\/staging.nbgtele.com\/fr\/wp-json\/wp\/v2\/model?post=105659"},{"taxonomy":"profile","embeddable":true,"href":"https:\/\/staging.nbgtele.com\/fr\/wp-json\/wp\/v2\/profile?post=105659"},{"taxonomy":"resolution","embeddable":true,"href":"https:\/\/staging.nbgtele.com\/fr\/wp-json\/wp\/v2\/resolution?post=105659"},{"taxonomy":"lens","embeddable":true,"href":"https:\/\/staging.nbgtele.com\/fr\/wp-json\/wp\/v2\/lens?post=105659"},{"taxonomy":"color","embeddable":true,"href":"https:\/\/staging.nbgtele.com\/fr\/wp-json\/wp\/v2\/color?post=105659"},{"taxonomy":"ndaa_compliant","embeddable":true,"href":"https:\/\/staging.nbgtele.com\/fr\/wp-json\/wp\/v2\/ndaa_compliant?post=105659"},{"taxonomy":"dual_voltage","embeddable":true,"href":"https:\/\/staging.nbgtele.com\/fr\/wp-json\/wp\/v2\/dual_voltage?post=105659"},{"taxonomy":"ai","embeddable":true,"href":"https:\/\/staging.nbgtele.com\/fr\/wp-json\/wp\/v2\/ai?post=105659"},{"taxonomy":"lite","embeddable":true,"href":"https:\/\/staging.nbgtele.com\/fr\/wp-json\/wp\/v2\/lite?post=105659"},{"taxonomy":"infrared_perimeter","embeddable":true,"href":"https:\/\/staging.nbgtele.com\/fr\/wp-json\/wp\/v2\/infrared_perimeter?post=105659"},{"taxonomy":"fixed_dome_microphone","embeddable":true,"href":"https:\/\/staging.nbgtele.com\/fr\/wp-json\/wp\/v2\/fixed_dome_microphone?post=105659"},{"taxonomy":"analog_hd","embeddable":true,"href":"https:\/\/staging.nbgtele.com\/fr\/wp-json\/wp\/v2\/analog_hd?post=105659"},{"taxonomy":"covert_camera","embeddable":true,"href":"https:\/\/staging.nbgtele.com\/fr\/wp-json\/wp\/v2\/covert_camera?post=105659"},{"taxonomy":"internet_protocol","embeddable":true,"href":"https:\/\/staging.nbgtele.com\/fr\/wp-json\/wp\/v2\/internet_protocol?post=105659"},{"taxonomy":"channels","embeddable":true,"href":"https:\/\/staging.nbgtele.com\/fr\/wp-json\/wp\/v2\/channels?post=105659"},{"taxonomy":"ports","embeddable":true,"href":"https:\/\/staging.nbgtele.com\/fr\/wp-json\/wp\/v2\/ports?post=105659"}],"curies":[{"name":"wp","href":"https:\/\/api.w.org\/{rel}","templated":true}]}}