{"id":105663,"date":"2024-03-29T08:33:06","date_gmt":"2024-03-29T12:33:06","guid":{"rendered":"https:\/\/nbgtele.com\/product\/optex-ckb-312v2-12-channel-visual-verification-bridge-for-professionally-monitored-security-systems\/"},"modified":"2024-07-02T11:31:41","modified_gmt":"2024-07-02T15:31:41","slug":"optex-ckb-312v2-12-channel-visual-verification-bridge-for-professionally-monitored-security-systems","status":"publish","type":"product","link":"https:\/\/staging.nbgtele.com\/fr\/produit\/optex-ckb-312v2-12-channel-visual-verification-bridge-for-professionally-monitored-security-systems\/","title":{"rendered":"Optex CKB-312V2 12-Channel Visual Verification Bridge for Professionally-Monitored Security Systems"},"content":{"rendered":"","protected":false},"excerpt":{"rendered":"<p><span style=\"font-weight: 400;\">D\u00e9couvrez notre Pont de v\u00e9rification visuelle professionnel Optex CKB-312V2 12-Channel, l&rsquo;\u00e9l\u00e9ment central des solutions de surveillance et de s\u00e9curit\u00e9 avanc\u00e9es. Avec ses 12 entr\u00e9es d&rsquo;alarme num\u00e9riques et ses 4 sorties de relais polyvalentes, ce pont s&rsquo;int\u00e8gre parfaitement aux syst\u00e8mes d&rsquo;alarme existants, offrant une connectivit\u00e9 et une fonctionnalit\u00e9 robustes.<\/span><\/p>\n<p><span style=\"font-weight: 400;\">\u00c9quip\u00e9 de deux ports USB 2.0 et de deux ports USB 3.0, notre pont offre des options de connectivit\u00e9 \u00e9tendues pour la gestion des donn\u00e9es et des p\u00e9riph\u00e9riques externes. Con\u00e7u pour des performances vid\u00e9o optimales, il prend en charge les dispositifs IP avec des flux RTSP, garantissant une r\u00e9solution D1 de haute qualit\u00e9 \u00e0 6 FPS gr\u00e2ce \u00e0 la compression H.264.<\/span><\/p>\n<p><span style=\"font-weight: 400;\">Profitez des capacit\u00e9s avanc\u00e9es d&rsquo;analyse vid\u00e9o avec le support du protocole de messagerie d&rsquo;\u00e9v\u00e9nements ONVIF. Personnalisez les d\u00e9clencheurs d&rsquo;\u00e9v\u00e9nements avec les d\u00e9clencheurs d&rsquo;entr\u00e9e de zone, les sujets d&rsquo;\u00e9v\u00e9nements ONVIF et les d\u00e9clencheurs d&rsquo;\u00e9v\u00e9nements IA via API pour des solutions de s\u00e9curit\u00e9 sur mesure.<\/span><\/p>\n<p><span style=\"font-weight: 400;\">Compatible avec tout appareil conforme \u00e0 ONVIF S, notre pont offre une polyvalence in\u00e9gal\u00e9e. Associez facilement les zones d&rsquo;alarme traditionnelles aux cam\u00e9ras et prenez en charge les syst\u00e8mes de cam\u00e9ra\/DVR HD sur coaxial pour des capacit\u00e9s de surveillance renforc\u00e9es.<\/span><\/p>\n","protected":false},"featured_media":105662,"template":"","meta":{"_acf_changed":false},"product_brand":[],"product_cat":[77],"product_tag":[],"brand":[235],"model":[],"profile":[],"resolution":[],"lens":[],"color":[],"ndaa_compliant":[],"dual_voltage":[],"ai":[],"lite":[],"infrared_perimeter":[],"fixed_dome_microphone":[],"analog_hd":[],"covert_camera":[],"internet_protocol":[],"channels":[],"ports":[],"class_list":{"0":"post-105663","1":"product","2":"type-product","3":"status-publish","4":"has-post-thumbnail","6":"product_cat-accessories-fr","7":"brand-chekt-fr","8":"entry","10":"first","11":"instock","12":"taxable","13":"shipping-taxable","14":"product-type-simple"},"acf":[],"wcpa_form_fields":null,"yoast_head":"<!-- This site is optimized with the Yoast SEO plugin v23.7 - https:\/\/yoast.com\/wordpress\/plugins\/seo\/ -->\n<title>Optex CKB-312V2 12-Channel Visual Verification Bridge for Professionally-Monitored Security Systems - NBGTele.com<\/title>\n<meta name=\"robots\" content=\"noindex, follow, max-snippet:-1, max-image-preview:large, max-video-preview:-1\" \/>\n<meta property=\"og:locale\" content=\"fr_FR\" \/>\n<meta property=\"og:type\" content=\"article\" \/>\n<meta property=\"og:title\" content=\"Optex CKB-312V2 12-Channel Visual Verification Bridge for Professionally-Monitored Security Systems - NBGTele.com\" \/>\n<meta property=\"og:description\" content=\"D\u00e9couvrez notre Pont de v\u00e9rification visuelle professionnel Optex CKB-312V2 12-Channel, l&#039;\u00e9l\u00e9ment central des solutions de surveillance et de s\u00e9curit\u00e9 avanc\u00e9es. Avec ses 12 entr\u00e9es d&#039;alarme num\u00e9riques et ses 4 sorties de relais polyvalentes, ce pont s&#039;int\u00e8gre parfaitement aux syst\u00e8mes d&#039;alarme existants, offrant une connectivit\u00e9 et une fonctionnalit\u00e9 robustes.  \u00c9quip\u00e9 de deux ports USB 2.0 et de deux ports USB 3.0, notre pont offre des options de connectivit\u00e9 \u00e9tendues pour la gestion des donn\u00e9es et des p\u00e9riph\u00e9riques externes. Con\u00e7u pour des performances vid\u00e9o optimales, il prend en charge les dispositifs IP avec des flux RTSP, garantissant une r\u00e9solution D1 de haute qualit\u00e9 \u00e0 6 FPS gr\u00e2ce \u00e0 la compression H.264.  Profitez des capacit\u00e9s avanc\u00e9es d&#039;analyse vid\u00e9o avec le support du protocole de messagerie d&#039;\u00e9v\u00e9nements ONVIF. Personnalisez les d\u00e9clencheurs d&#039;\u00e9v\u00e9nements avec les d\u00e9clencheurs d&#039;entr\u00e9e de zone, les sujets d&#039;\u00e9v\u00e9nements ONVIF et les d\u00e9clencheurs d&#039;\u00e9v\u00e9nements IA via API pour des solutions de s\u00e9curit\u00e9 sur mesure.  Compatible avec tout appareil conforme \u00e0 ONVIF S, notre pont offre une polyvalence in\u00e9gal\u00e9e. Associez facilement les zones d&#039;alarme traditionnelles aux cam\u00e9ras et prenez en charge les syst\u00e8mes de cam\u00e9ra\/DVR HD sur coaxial pour des capacit\u00e9s de surveillance renforc\u00e9es.\" \/>\n<meta property=\"og:url\" content=\"https:\/\/staging.nbgtele.com\/fr\/produit\/optex-ckb-312v2-12-channel-visual-verification-bridge-for-professionally-monitored-security-systems\/\" \/>\n<meta property=\"og:site_name\" content=\"NBGTele.com\" \/>\n<meta property=\"article:modified_time\" content=\"2024-07-02T15:31:41+00:00\" \/>\n<meta property=\"og:image\" content=\"https:\/\/staging.nbgtele.com\/wp-content\/uploads\/2024\/03\/OP-CKB312V2.jpg\" \/>\n\t<meta property=\"og:image:width\" content=\"500\" \/>\n\t<meta property=\"og:image:height\" content=\"500\" \/>\n\t<meta property=\"og:image:type\" content=\"image\/jpeg\" \/>\n<meta name=\"twitter:card\" content=\"summary_large_image\" \/>\n<meta name=\"twitter:label1\" content=\"Dur\u00e9e de lecture estim\u00e9e\" \/>\n\t<meta name=\"twitter:data1\" content=\"1 minute\" \/>\n<script type=\"application\/ld+json\" class=\"yoast-schema-graph\">{\"@context\":\"https:\/\/schema.org\",\"@graph\":[{\"@type\":\"WebPage\",\"@id\":\"https:\/\/staging.nbgtele.com\/fr\/produit\/optex-ckb-312v2-12-channel-visual-verification-bridge-for-professionally-monitored-security-systems\/\",\"url\":\"https:\/\/staging.nbgtele.com\/fr\/produit\/optex-ckb-312v2-12-channel-visual-verification-bridge-for-professionally-monitored-security-systems\/\",\"name\":\"Optex CKB-312V2 12-Channel Visual Verification Bridge for Professionally-Monitored Security Systems - NBGTele.com\",\"isPartOf\":{\"@id\":\"https:\/\/staging.nbgtele.com\/fr\/#website\"},\"primaryImageOfPage\":{\"@id\":\"https:\/\/staging.nbgtele.com\/fr\/produit\/optex-ckb-312v2-12-channel-visual-verification-bridge-for-professionally-monitored-security-systems\/#primaryimage\"},\"image\":{\"@id\":\"https:\/\/staging.nbgtele.com\/fr\/produit\/optex-ckb-312v2-12-channel-visual-verification-bridge-for-professionally-monitored-security-systems\/#primaryimage\"},\"thumbnailUrl\":\"https:\/\/staging.nbgtele.com\/wp-content\/uploads\/2024\/03\/OP-CKB312V2.jpg\",\"datePublished\":\"2024-03-29T12:33:06+00:00\",\"dateModified\":\"2024-07-02T15:31:41+00:00\",\"breadcrumb\":{\"@id\":\"https:\/\/staging.nbgtele.com\/fr\/produit\/optex-ckb-312v2-12-channel-visual-verification-bridge-for-professionally-monitored-security-systems\/#breadcrumb\"},\"inLanguage\":\"fr-FR\",\"potentialAction\":[{\"@type\":\"ReadAction\",\"target\":[\"https:\/\/staging.nbgtele.com\/fr\/produit\/optex-ckb-312v2-12-channel-visual-verification-bridge-for-professionally-monitored-security-systems\/\"]}]},{\"@type\":\"ImageObject\",\"inLanguage\":\"fr-FR\",\"@id\":\"https:\/\/staging.nbgtele.com\/fr\/produit\/optex-ckb-312v2-12-channel-visual-verification-bridge-for-professionally-monitored-security-systems\/#primaryimage\",\"url\":\"https:\/\/staging.nbgtele.com\/wp-content\/uploads\/2024\/03\/OP-CKB312V2.jpg\",\"contentUrl\":\"https:\/\/staging.nbgtele.com\/wp-content\/uploads\/2024\/03\/OP-CKB312V2.jpg\",\"width\":500,\"height\":500},{\"@type\":\"BreadcrumbList\",\"@id\":\"https:\/\/staging.nbgtele.com\/fr\/produit\/optex-ckb-312v2-12-channel-visual-verification-bridge-for-professionally-monitored-security-systems\/#breadcrumb\",\"itemListElement\":[{\"@type\":\"ListItem\",\"position\":1,\"name\":\"Home\",\"item\":\"https:\/\/staging.nbgtele.com\/fr\/\"},{\"@type\":\"ListItem\",\"position\":2,\"name\":\"Boutique\",\"item\":\"https:\/\/staging.nbgtele.com\/shop\/\"},{\"@type\":\"ListItem\",\"position\":3,\"name\":\"Optex CKB-312V2 12-Channel Visual Verification Bridge for Professionally-Monitored Security Systems\"}]},{\"@type\":\"WebSite\",\"@id\":\"https:\/\/staging.nbgtele.com\/fr\/#website\",\"url\":\"https:\/\/staging.nbgtele.com\/fr\/\",\"name\":\"NBGTele.com\",\"description\":\"\",\"potentialAction\":[{\"@type\":\"SearchAction\",\"target\":{\"@type\":\"EntryPoint\",\"urlTemplate\":\"https:\/\/staging.nbgtele.com\/fr\/?s={search_term_string}\"},\"query-input\":{\"@type\":\"PropertyValueSpecification\",\"valueRequired\":true,\"valueName\":\"search_term_string\"}}],\"inLanguage\":\"fr-FR\"}]}<\/script>\n<!-- \/ Yoast SEO plugin. -->","yoast_head_json":{"title":"Optex CKB-312V2 12-Channel Visual Verification Bridge for Professionally-Monitored Security Systems - NBGTele.com","robots":{"index":"noindex","follow":"follow","max-snippet":"max-snippet:-1","max-image-preview":"max-image-preview:large","max-video-preview":"max-video-preview:-1"},"og_locale":"fr_FR","og_type":"article","og_title":"Optex CKB-312V2 12-Channel Visual Verification Bridge for Professionally-Monitored Security Systems - NBGTele.com","og_description":"D\u00e9couvrez notre Pont de v\u00e9rification visuelle professionnel Optex CKB-312V2 12-Channel, l'\u00e9l\u00e9ment central des solutions de surveillance et de s\u00e9curit\u00e9 avanc\u00e9es. Avec ses 12 entr\u00e9es d'alarme num\u00e9riques et ses 4 sorties de relais polyvalentes, ce pont s'int\u00e8gre parfaitement aux syst\u00e8mes d'alarme existants, offrant une connectivit\u00e9 et une fonctionnalit\u00e9 robustes.  \u00c9quip\u00e9 de deux ports USB 2.0 et de deux ports USB 3.0, notre pont offre des options de connectivit\u00e9 \u00e9tendues pour la gestion des donn\u00e9es et des p\u00e9riph\u00e9riques externes. Con\u00e7u pour des performances vid\u00e9o optimales, il prend en charge les dispositifs IP avec des flux RTSP, garantissant une r\u00e9solution D1 de haute qualit\u00e9 \u00e0 6 FPS gr\u00e2ce \u00e0 la compression H.264.  Profitez des capacit\u00e9s avanc\u00e9es d'analyse vid\u00e9o avec le support du protocole de messagerie d'\u00e9v\u00e9nements ONVIF. Personnalisez les d\u00e9clencheurs d'\u00e9v\u00e9nements avec les d\u00e9clencheurs d'entr\u00e9e de zone, les sujets d'\u00e9v\u00e9nements ONVIF et les d\u00e9clencheurs d'\u00e9v\u00e9nements IA via API pour des solutions de s\u00e9curit\u00e9 sur mesure.  Compatible avec tout appareil conforme \u00e0 ONVIF S, notre pont offre une polyvalence in\u00e9gal\u00e9e. Associez facilement les zones d'alarme traditionnelles aux cam\u00e9ras et prenez en charge les syst\u00e8mes de cam\u00e9ra\/DVR HD sur coaxial pour des capacit\u00e9s de surveillance renforc\u00e9es.","og_url":"https:\/\/staging.nbgtele.com\/fr\/produit\/optex-ckb-312v2-12-channel-visual-verification-bridge-for-professionally-monitored-security-systems\/","og_site_name":"NBGTele.com","article_modified_time":"2024-07-02T15:31:41+00:00","og_image":[{"width":500,"height":500,"url":"https:\/\/staging.nbgtele.com\/wp-content\/uploads\/2024\/03\/OP-CKB312V2.jpg","type":"image\/jpeg"}],"twitter_card":"summary_large_image","twitter_misc":{"Dur\u00e9e de lecture estim\u00e9e":"1 minute"},"schema":{"@context":"https:\/\/schema.org","@graph":[{"@type":"WebPage","@id":"https:\/\/staging.nbgtele.com\/fr\/produit\/optex-ckb-312v2-12-channel-visual-verification-bridge-for-professionally-monitored-security-systems\/","url":"https:\/\/staging.nbgtele.com\/fr\/produit\/optex-ckb-312v2-12-channel-visual-verification-bridge-for-professionally-monitored-security-systems\/","name":"Optex CKB-312V2 12-Channel Visual Verification Bridge for Professionally-Monitored Security Systems - NBGTele.com","isPartOf":{"@id":"https:\/\/staging.nbgtele.com\/fr\/#website"},"primaryImageOfPage":{"@id":"https:\/\/staging.nbgtele.com\/fr\/produit\/optex-ckb-312v2-12-channel-visual-verification-bridge-for-professionally-monitored-security-systems\/#primaryimage"},"image":{"@id":"https:\/\/staging.nbgtele.com\/fr\/produit\/optex-ckb-312v2-12-channel-visual-verification-bridge-for-professionally-monitored-security-systems\/#primaryimage"},"thumbnailUrl":"https:\/\/staging.nbgtele.com\/wp-content\/uploads\/2024\/03\/OP-CKB312V2.jpg","datePublished":"2024-03-29T12:33:06+00:00","dateModified":"2024-07-02T15:31:41+00:00","breadcrumb":{"@id":"https:\/\/staging.nbgtele.com\/fr\/produit\/optex-ckb-312v2-12-channel-visual-verification-bridge-for-professionally-monitored-security-systems\/#breadcrumb"},"inLanguage":"fr-FR","potentialAction":[{"@type":"ReadAction","target":["https:\/\/staging.nbgtele.com\/fr\/produit\/optex-ckb-312v2-12-channel-visual-verification-bridge-for-professionally-monitored-security-systems\/"]}]},{"@type":"ImageObject","inLanguage":"fr-FR","@id":"https:\/\/staging.nbgtele.com\/fr\/produit\/optex-ckb-312v2-12-channel-visual-verification-bridge-for-professionally-monitored-security-systems\/#primaryimage","url":"https:\/\/staging.nbgtele.com\/wp-content\/uploads\/2024\/03\/OP-CKB312V2.jpg","contentUrl":"https:\/\/staging.nbgtele.com\/wp-content\/uploads\/2024\/03\/OP-CKB312V2.jpg","width":500,"height":500},{"@type":"BreadcrumbList","@id":"https:\/\/staging.nbgtele.com\/fr\/produit\/optex-ckb-312v2-12-channel-visual-verification-bridge-for-professionally-monitored-security-systems\/#breadcrumb","itemListElement":[{"@type":"ListItem","position":1,"name":"Home","item":"https:\/\/staging.nbgtele.com\/fr\/"},{"@type":"ListItem","position":2,"name":"Boutique","item":"https:\/\/staging.nbgtele.com\/shop\/"},{"@type":"ListItem","position":3,"name":"Optex CKB-312V2 12-Channel Visual Verification Bridge for Professionally-Monitored Security Systems"}]},{"@type":"WebSite","@id":"https:\/\/staging.nbgtele.com\/fr\/#website","url":"https:\/\/staging.nbgtele.com\/fr\/","name":"NBGTele.com","description":"","potentialAction":[{"@type":"SearchAction","target":{"@type":"EntryPoint","urlTemplate":"https:\/\/staging.nbgtele.com\/fr\/?s={search_term_string}"},"query-input":{"@type":"PropertyValueSpecification","valueRequired":true,"valueName":"search_term_string"}}],"inLanguage":"fr-FR"}]}},"_links":{"self":[{"href":"https:\/\/staging.nbgtele.com\/fr\/wp-json\/wp\/v2\/product\/105663","targetHints":{"allow":["GET"]}}],"collection":[{"href":"https:\/\/staging.nbgtele.com\/fr\/wp-json\/wp\/v2\/product"}],"about":[{"href":"https:\/\/staging.nbgtele.com\/fr\/wp-json\/wp\/v2\/types\/product"}],"wp:featuredmedia":[{"embeddable":true,"href":"https:\/\/staging.nbgtele.com\/fr\/wp-json\/wp\/v2\/media\/105662"}],"wp:attachment":[{"href":"https:\/\/staging.nbgtele.com\/fr\/wp-json\/wp\/v2\/media?parent=105663"}],"wp:term":[{"taxonomy":"product_brand","embeddable":true,"href":"https:\/\/staging.nbgtele.com\/fr\/wp-json\/wp\/v2\/product_brand?post=105663"},{"taxonomy":"product_cat","embeddable":true,"href":"https:\/\/staging.nbgtele.com\/fr\/wp-json\/wp\/v2\/product_cat?post=105663"},{"taxonomy":"product_tag","embeddable":true,"href":"https:\/\/staging.nbgtele.com\/fr\/wp-json\/wp\/v2\/product_tag?post=105663"},{"taxonomy":"brand","embeddable":true,"href":"https:\/\/staging.nbgtele.com\/fr\/wp-json\/wp\/v2\/brand?post=105663"},{"taxonomy":"model","embeddable":true,"href":"https:\/\/staging.nbgtele.com\/fr\/wp-json\/wp\/v2\/model?post=105663"},{"taxonomy":"profile","embeddable":true,"href":"https:\/\/staging.nbgtele.com\/fr\/wp-json\/wp\/v2\/profile?post=105663"},{"taxonomy":"resolution","embeddable":true,"href":"https:\/\/staging.nbgtele.com\/fr\/wp-json\/wp\/v2\/resolution?post=105663"},{"taxonomy":"lens","embeddable":true,"href":"https:\/\/staging.nbgtele.com\/fr\/wp-json\/wp\/v2\/lens?post=105663"},{"taxonomy":"color","embeddable":true,"href":"https:\/\/staging.nbgtele.com\/fr\/wp-json\/wp\/v2\/color?post=105663"},{"taxonomy":"ndaa_compliant","embeddable":true,"href":"https:\/\/staging.nbgtele.com\/fr\/wp-json\/wp\/v2\/ndaa_compliant?post=105663"},{"taxonomy":"dual_voltage","embeddable":true,"href":"https:\/\/staging.nbgtele.com\/fr\/wp-json\/wp\/v2\/dual_voltage?post=105663"},{"taxonomy":"ai","embeddable":true,"href":"https:\/\/staging.nbgtele.com\/fr\/wp-json\/wp\/v2\/ai?post=105663"},{"taxonomy":"lite","embeddable":true,"href":"https:\/\/staging.nbgtele.com\/fr\/wp-json\/wp\/v2\/lite?post=105663"},{"taxonomy":"infrared_perimeter","embeddable":true,"href":"https:\/\/staging.nbgtele.com\/fr\/wp-json\/wp\/v2\/infrared_perimeter?post=105663"},{"taxonomy":"fixed_dome_microphone","embeddable":true,"href":"https:\/\/staging.nbgtele.com\/fr\/wp-json\/wp\/v2\/fixed_dome_microphone?post=105663"},{"taxonomy":"analog_hd","embeddable":true,"href":"https:\/\/staging.nbgtele.com\/fr\/wp-json\/wp\/v2\/analog_hd?post=105663"},{"taxonomy":"covert_camera","embeddable":true,"href":"https:\/\/staging.nbgtele.com\/fr\/wp-json\/wp\/v2\/covert_camera?post=105663"},{"taxonomy":"internet_protocol","embeddable":true,"href":"https:\/\/staging.nbgtele.com\/fr\/wp-json\/wp\/v2\/internet_protocol?post=105663"},{"taxonomy":"channels","embeddable":true,"href":"https:\/\/staging.nbgtele.com\/fr\/wp-json\/wp\/v2\/channels?post=105663"},{"taxonomy":"ports","embeddable":true,"href":"https:\/\/staging.nbgtele.com\/fr\/wp-json\/wp\/v2\/ports?post=105663"}],"curies":[{"name":"wp","href":"https:\/\/api.w.org\/{rel}","templated":true}]}}