{"id":106716,"date":"2024-05-02T12:32:44","date_gmt":"2024-05-02T16:32:44","guid":{"rendered":"https:\/\/nbgtele.com\/?post_type=product&#038;p=106716"},"modified":"2024-05-02T13:31:46","modified_gmt":"2024-05-02T17:31:46","slug":"detecteur-de-mouvement-professional-series-rideau-tritech-100ft-par-10ft-30-m-par-26-m","status":"publish","type":"product","link":"https:\/\/staging.nbgtele.com\/fr\/produit\/detecteur-de-mouvement-professional-series-rideau-tritech-100ft-par-10ft-30-m-par-26-m\/","title":{"rendered":"D\u00e9tecteur de mouvement Professional S\u00e9ries Rideau TriTech, 100ft par 10ft (30 m par 2,6 m)"},"content":{"rendered":"","protected":false},"excerpt":{"rendered":"<p><span style=\"font-weight: 400;\">Plongez dans le monde de la s\u00e9curit\u00e9 intelligente avec le D\u00e9tecteur de mouvement Professional S\u00e9ries Rideau TriTech, 100ft par 10ft (30 m par 2,6 m). Ses dimensions compactes de 12,7 cm x 6,9 cm x 5,8 cm (5 x 2,75 x 2,25 po) et son design en plastique ABS r\u00e9sistant aux chocs, offrent une durabilit\u00e9 exceptionnelle pour une utilisation en int\u00e9rieur ou en ext\u00e9rieur. Sa plage de d\u00e9tection impressionnante de 30 m\u00e8tres combin\u00e9e \u00e0 sa technologie de fusion des donn\u00e9es de capteurs garantit une pr\u00e9cision in\u00e9gal\u00e9e, tandis que sa compensation de temp\u00e9rature dynamique assure un fonctionnement optimal dans des conditions allant de -30 \u00e0 55 \u00b0C (-22\u00b0F \u00e0 +130\u00b0F).<\/span><\/p>\n","protected":false},"featured_media":106728,"template":"","meta":{"_acf_changed":false},"product_brand":[],"product_cat":[222],"product_tag":[],"brand":[199],"model":[],"profile":[],"resolution":[],"lens":[],"color":[],"ndaa_compliant":[],"dual_voltage":[],"ai":[],"lite":[],"infrared_perimeter":[],"fixed_dome_microphone":[],"analog_hd":[],"covert_camera":[],"internet_protocol":[],"channels":[],"ports":[],"class_list":{"0":"post-106716","1":"product","2":"type-product","3":"status-publish","4":"has-post-thumbnail","6":"product_cat-detectors-fr","7":"brand-bosch-fr","8":"entry","10":"first","11":"instock","12":"taxable","13":"shipping-taxable","14":"product-type-simple"},"acf":[],"wcpa_form_fields":null,"yoast_head":"<!-- This site is optimized with the Yoast SEO plugin v23.7 - https:\/\/yoast.com\/wordpress\/plugins\/seo\/ -->\n<title>D\u00e9tecteur de mouvement Professional S\u00e9ries Rideau TriTech, 100ft par 10ft (30 m par 2,6 m) - NBGTele.com<\/title>\n<meta name=\"robots\" content=\"noindex, follow, max-snippet:-1, max-image-preview:large, max-video-preview:-1\" \/>\n<meta property=\"og:locale\" content=\"fr_FR\" \/>\n<meta property=\"og:type\" content=\"article\" \/>\n<meta property=\"og:title\" content=\"D\u00e9tecteur de mouvement Professional S\u00e9ries Rideau TriTech, 100ft par 10ft (30 m par 2,6 m) - NBGTele.com\" \/>\n<meta property=\"og:description\" content=\"Plongez dans le monde de la s\u00e9curit\u00e9 intelligente avec le D\u00e9tecteur de mouvement Professional S\u00e9ries Rideau TriTech, 100ft par 10ft (30 m par 2,6 m). Ses dimensions compactes de 12,7 cm x 6,9 cm x 5,8 cm (5 x 2,75 x 2,25 po) et son design en plastique ABS r\u00e9sistant aux chocs, offrent une durabilit\u00e9 exceptionnelle pour une utilisation en int\u00e9rieur ou en ext\u00e9rieur. Sa plage de d\u00e9tection impressionnante de 30 m\u00e8tres combin\u00e9e \u00e0 sa technologie de fusion des donn\u00e9es de capteurs garantit une pr\u00e9cision in\u00e9gal\u00e9e, tandis que sa compensation de temp\u00e9rature dynamique assure un fonctionnement optimal dans des conditions allant de -30 \u00e0 55 \u00b0C (-22\u00b0F \u00e0 +130\u00b0F).\" \/>\n<meta property=\"og:url\" content=\"https:\/\/staging.nbgtele.com\/fr\/produit\/detecteur-de-mouvement-professional-series-rideau-tritech-100ft-par-10ft-30-m-par-26-m\/\" \/>\n<meta property=\"og:site_name\" content=\"NBGTele.com\" \/>\n<meta property=\"article:modified_time\" content=\"2024-05-02T17:31:46+00:00\" \/>\n<meta property=\"og:image\" content=\"https:\/\/staging.nbgtele.com\/wp-content\/uploads\/2024\/05\/ProductPhoto_Web_all_2608752011-1-1.jpg\" \/>\n\t<meta property=\"og:image:width\" content=\"700\" \/>\n\t<meta property=\"og:image:height\" content=\"700\" \/>\n\t<meta property=\"og:image:type\" content=\"image\/jpeg\" \/>\n<meta name=\"twitter:card\" content=\"summary_large_image\" \/>\n<meta name=\"twitter:label1\" content=\"Dur\u00e9e de lecture estim\u00e9e\" \/>\n\t<meta name=\"twitter:data1\" content=\"1 minute\" \/>\n<script type=\"application\/ld+json\" class=\"yoast-schema-graph\">{\"@context\":\"https:\/\/schema.org\",\"@graph\":[{\"@type\":\"WebPage\",\"@id\":\"https:\/\/staging.nbgtele.com\/fr\/produit\/detecteur-de-mouvement-professional-series-rideau-tritech-100ft-par-10ft-30-m-par-26-m\/\",\"url\":\"https:\/\/staging.nbgtele.com\/fr\/produit\/detecteur-de-mouvement-professional-series-rideau-tritech-100ft-par-10ft-30-m-par-26-m\/\",\"name\":\"D\u00e9tecteur de mouvement Professional S\u00e9ries Rideau TriTech, 100ft par 10ft (30 m par 2,6 m) - NBGTele.com\",\"isPartOf\":{\"@id\":\"https:\/\/staging.nbgtele.com\/fr\/#website\"},\"primaryImageOfPage\":{\"@id\":\"https:\/\/staging.nbgtele.com\/fr\/produit\/detecteur-de-mouvement-professional-series-rideau-tritech-100ft-par-10ft-30-m-par-26-m\/#primaryimage\"},\"image\":{\"@id\":\"https:\/\/staging.nbgtele.com\/fr\/produit\/detecteur-de-mouvement-professional-series-rideau-tritech-100ft-par-10ft-30-m-par-26-m\/#primaryimage\"},\"thumbnailUrl\":\"https:\/\/staging.nbgtele.com\/wp-content\/uploads\/2024\/05\/ProductPhoto_Web_all_2608752011-1-1.jpg\",\"datePublished\":\"2024-05-02T16:32:44+00:00\",\"dateModified\":\"2024-05-02T17:31:46+00:00\",\"breadcrumb\":{\"@id\":\"https:\/\/staging.nbgtele.com\/fr\/produit\/detecteur-de-mouvement-professional-series-rideau-tritech-100ft-par-10ft-30-m-par-26-m\/#breadcrumb\"},\"inLanguage\":\"fr-FR\",\"potentialAction\":[{\"@type\":\"ReadAction\",\"target\":[\"https:\/\/staging.nbgtele.com\/fr\/produit\/detecteur-de-mouvement-professional-series-rideau-tritech-100ft-par-10ft-30-m-par-26-m\/\"]}]},{\"@type\":\"ImageObject\",\"inLanguage\":\"fr-FR\",\"@id\":\"https:\/\/staging.nbgtele.com\/fr\/produit\/detecteur-de-mouvement-professional-series-rideau-tritech-100ft-par-10ft-30-m-par-26-m\/#primaryimage\",\"url\":\"https:\/\/staging.nbgtele.com\/wp-content\/uploads\/2024\/05\/ProductPhoto_Web_all_2608752011-1-1.jpg\",\"contentUrl\":\"https:\/\/staging.nbgtele.com\/wp-content\/uploads\/2024\/05\/ProductPhoto_Web_all_2608752011-1-1.jpg\",\"width\":700,\"height\":700},{\"@type\":\"BreadcrumbList\",\"@id\":\"https:\/\/staging.nbgtele.com\/fr\/produit\/detecteur-de-mouvement-professional-series-rideau-tritech-100ft-par-10ft-30-m-par-26-m\/#breadcrumb\",\"itemListElement\":[{\"@type\":\"ListItem\",\"position\":1,\"name\":\"Home\",\"item\":\"https:\/\/staging.nbgtele.com\/fr\/\"},{\"@type\":\"ListItem\",\"position\":2,\"name\":\"Boutique\",\"item\":\"https:\/\/staging.nbgtele.com\/shop\/\"},{\"@type\":\"ListItem\",\"position\":3,\"name\":\"D\u00e9tecteur de mouvement Professional S\u00e9ries Rideau TriTech, 100ft par 10ft (30 m par 2,6 m)\"}]},{\"@type\":\"WebSite\",\"@id\":\"https:\/\/staging.nbgtele.com\/fr\/#website\",\"url\":\"https:\/\/staging.nbgtele.com\/fr\/\",\"name\":\"NBGTele.com\",\"description\":\"\",\"potentialAction\":[{\"@type\":\"SearchAction\",\"target\":{\"@type\":\"EntryPoint\",\"urlTemplate\":\"https:\/\/staging.nbgtele.com\/fr\/?s={search_term_string}\"},\"query-input\":{\"@type\":\"PropertyValueSpecification\",\"valueRequired\":true,\"valueName\":\"search_term_string\"}}],\"inLanguage\":\"fr-FR\"}]}<\/script>\n<!-- \/ Yoast SEO plugin. -->","yoast_head_json":{"title":"D\u00e9tecteur de mouvement Professional S\u00e9ries Rideau TriTech, 100ft par 10ft (30 m par 2,6 m) - NBGTele.com","robots":{"index":"noindex","follow":"follow","max-snippet":"max-snippet:-1","max-image-preview":"max-image-preview:large","max-video-preview":"max-video-preview:-1"},"og_locale":"fr_FR","og_type":"article","og_title":"D\u00e9tecteur de mouvement Professional S\u00e9ries Rideau TriTech, 100ft par 10ft (30 m par 2,6 m) - NBGTele.com","og_description":"Plongez dans le monde de la s\u00e9curit\u00e9 intelligente avec le D\u00e9tecteur de mouvement Professional S\u00e9ries Rideau TriTech, 100ft par 10ft (30 m par 2,6 m). Ses dimensions compactes de 12,7 cm x 6,9 cm x 5,8 cm (5 x 2,75 x 2,25 po) et son design en plastique ABS r\u00e9sistant aux chocs, offrent une durabilit\u00e9 exceptionnelle pour une utilisation en int\u00e9rieur ou en ext\u00e9rieur. Sa plage de d\u00e9tection impressionnante de 30 m\u00e8tres combin\u00e9e \u00e0 sa technologie de fusion des donn\u00e9es de capteurs garantit une pr\u00e9cision in\u00e9gal\u00e9e, tandis que sa compensation de temp\u00e9rature dynamique assure un fonctionnement optimal dans des conditions allant de -30 \u00e0 55 \u00b0C (-22\u00b0F \u00e0 +130\u00b0F).","og_url":"https:\/\/staging.nbgtele.com\/fr\/produit\/detecteur-de-mouvement-professional-series-rideau-tritech-100ft-par-10ft-30-m-par-26-m\/","og_site_name":"NBGTele.com","article_modified_time":"2024-05-02T17:31:46+00:00","og_image":[{"width":700,"height":700,"url":"https:\/\/staging.nbgtele.com\/wp-content\/uploads\/2024\/05\/ProductPhoto_Web_all_2608752011-1-1.jpg","type":"image\/jpeg"}],"twitter_card":"summary_large_image","twitter_misc":{"Dur\u00e9e de lecture estim\u00e9e":"1 minute"},"schema":{"@context":"https:\/\/schema.org","@graph":[{"@type":"WebPage","@id":"https:\/\/staging.nbgtele.com\/fr\/produit\/detecteur-de-mouvement-professional-series-rideau-tritech-100ft-par-10ft-30-m-par-26-m\/","url":"https:\/\/staging.nbgtele.com\/fr\/produit\/detecteur-de-mouvement-professional-series-rideau-tritech-100ft-par-10ft-30-m-par-26-m\/","name":"D\u00e9tecteur de mouvement Professional S\u00e9ries Rideau TriTech, 100ft par 10ft (30 m par 2,6 m) - NBGTele.com","isPartOf":{"@id":"https:\/\/staging.nbgtele.com\/fr\/#website"},"primaryImageOfPage":{"@id":"https:\/\/staging.nbgtele.com\/fr\/produit\/detecteur-de-mouvement-professional-series-rideau-tritech-100ft-par-10ft-30-m-par-26-m\/#primaryimage"},"image":{"@id":"https:\/\/staging.nbgtele.com\/fr\/produit\/detecteur-de-mouvement-professional-series-rideau-tritech-100ft-par-10ft-30-m-par-26-m\/#primaryimage"},"thumbnailUrl":"https:\/\/staging.nbgtele.com\/wp-content\/uploads\/2024\/05\/ProductPhoto_Web_all_2608752011-1-1.jpg","datePublished":"2024-05-02T16:32:44+00:00","dateModified":"2024-05-02T17:31:46+00:00","breadcrumb":{"@id":"https:\/\/staging.nbgtele.com\/fr\/produit\/detecteur-de-mouvement-professional-series-rideau-tritech-100ft-par-10ft-30-m-par-26-m\/#breadcrumb"},"inLanguage":"fr-FR","potentialAction":[{"@type":"ReadAction","target":["https:\/\/staging.nbgtele.com\/fr\/produit\/detecteur-de-mouvement-professional-series-rideau-tritech-100ft-par-10ft-30-m-par-26-m\/"]}]},{"@type":"ImageObject","inLanguage":"fr-FR","@id":"https:\/\/staging.nbgtele.com\/fr\/produit\/detecteur-de-mouvement-professional-series-rideau-tritech-100ft-par-10ft-30-m-par-26-m\/#primaryimage","url":"https:\/\/staging.nbgtele.com\/wp-content\/uploads\/2024\/05\/ProductPhoto_Web_all_2608752011-1-1.jpg","contentUrl":"https:\/\/staging.nbgtele.com\/wp-content\/uploads\/2024\/05\/ProductPhoto_Web_all_2608752011-1-1.jpg","width":700,"height":700},{"@type":"BreadcrumbList","@id":"https:\/\/staging.nbgtele.com\/fr\/produit\/detecteur-de-mouvement-professional-series-rideau-tritech-100ft-par-10ft-30-m-par-26-m\/#breadcrumb","itemListElement":[{"@type":"ListItem","position":1,"name":"Home","item":"https:\/\/staging.nbgtele.com\/fr\/"},{"@type":"ListItem","position":2,"name":"Boutique","item":"https:\/\/staging.nbgtele.com\/shop\/"},{"@type":"ListItem","position":3,"name":"D\u00e9tecteur de mouvement Professional S\u00e9ries Rideau TriTech, 100ft par 10ft (30 m par 2,6 m)"}]},{"@type":"WebSite","@id":"https:\/\/staging.nbgtele.com\/fr\/#website","url":"https:\/\/staging.nbgtele.com\/fr\/","name":"NBGTele.com","description":"","potentialAction":[{"@type":"SearchAction","target":{"@type":"EntryPoint","urlTemplate":"https:\/\/staging.nbgtele.com\/fr\/?s={search_term_string}"},"query-input":{"@type":"PropertyValueSpecification","valueRequired":true,"valueName":"search_term_string"}}],"inLanguage":"fr-FR"}]}},"_links":{"self":[{"href":"https:\/\/staging.nbgtele.com\/fr\/wp-json\/wp\/v2\/product\/106716","targetHints":{"allow":["GET"]}}],"collection":[{"href":"https:\/\/staging.nbgtele.com\/fr\/wp-json\/wp\/v2\/product"}],"about":[{"href":"https:\/\/staging.nbgtele.com\/fr\/wp-json\/wp\/v2\/types\/product"}],"wp:featuredmedia":[{"embeddable":true,"href":"https:\/\/staging.nbgtele.com\/fr\/wp-json\/wp\/v2\/media\/106728"}],"wp:attachment":[{"href":"https:\/\/staging.nbgtele.com\/fr\/wp-json\/wp\/v2\/media?parent=106716"}],"wp:term":[{"taxonomy":"product_brand","embeddable":true,"href":"https:\/\/staging.nbgtele.com\/fr\/wp-json\/wp\/v2\/product_brand?post=106716"},{"taxonomy":"product_cat","embeddable":true,"href":"https:\/\/staging.nbgtele.com\/fr\/wp-json\/wp\/v2\/product_cat?post=106716"},{"taxonomy":"product_tag","embeddable":true,"href":"https:\/\/staging.nbgtele.com\/fr\/wp-json\/wp\/v2\/product_tag?post=106716"},{"taxonomy":"brand","embeddable":true,"href":"https:\/\/staging.nbgtele.com\/fr\/wp-json\/wp\/v2\/brand?post=106716"},{"taxonomy":"model","embeddable":true,"href":"https:\/\/staging.nbgtele.com\/fr\/wp-json\/wp\/v2\/model?post=106716"},{"taxonomy":"profile","embeddable":true,"href":"https:\/\/staging.nbgtele.com\/fr\/wp-json\/wp\/v2\/profile?post=106716"},{"taxonomy":"resolution","embeddable":true,"href":"https:\/\/staging.nbgtele.com\/fr\/wp-json\/wp\/v2\/resolution?post=106716"},{"taxonomy":"lens","embeddable":true,"href":"https:\/\/staging.nbgtele.com\/fr\/wp-json\/wp\/v2\/lens?post=106716"},{"taxonomy":"color","embeddable":true,"href":"https:\/\/staging.nbgtele.com\/fr\/wp-json\/wp\/v2\/color?post=106716"},{"taxonomy":"ndaa_compliant","embeddable":true,"href":"https:\/\/staging.nbgtele.com\/fr\/wp-json\/wp\/v2\/ndaa_compliant?post=106716"},{"taxonomy":"dual_voltage","embeddable":true,"href":"https:\/\/staging.nbgtele.com\/fr\/wp-json\/wp\/v2\/dual_voltage?post=106716"},{"taxonomy":"ai","embeddable":true,"href":"https:\/\/staging.nbgtele.com\/fr\/wp-json\/wp\/v2\/ai?post=106716"},{"taxonomy":"lite","embeddable":true,"href":"https:\/\/staging.nbgtele.com\/fr\/wp-json\/wp\/v2\/lite?post=106716"},{"taxonomy":"infrared_perimeter","embeddable":true,"href":"https:\/\/staging.nbgtele.com\/fr\/wp-json\/wp\/v2\/infrared_perimeter?post=106716"},{"taxonomy":"fixed_dome_microphone","embeddable":true,"href":"https:\/\/staging.nbgtele.com\/fr\/wp-json\/wp\/v2\/fixed_dome_microphone?post=106716"},{"taxonomy":"analog_hd","embeddable":true,"href":"https:\/\/staging.nbgtele.com\/fr\/wp-json\/wp\/v2\/analog_hd?post=106716"},{"taxonomy":"covert_camera","embeddable":true,"href":"https:\/\/staging.nbgtele.com\/fr\/wp-json\/wp\/v2\/covert_camera?post=106716"},{"taxonomy":"internet_protocol","embeddable":true,"href":"https:\/\/staging.nbgtele.com\/fr\/wp-json\/wp\/v2\/internet_protocol?post=106716"},{"taxonomy":"channels","embeddable":true,"href":"https:\/\/staging.nbgtele.com\/fr\/wp-json\/wp\/v2\/channels?post=106716"},{"taxonomy":"ports","embeddable":true,"href":"https:\/\/staging.nbgtele.com\/fr\/wp-json\/wp\/v2\/ports?post=106716"}],"curies":[{"name":"wp","href":"https:\/\/api.w.org\/{rel}","templated":true}]}}