{"id":106724,"date":"2024-05-02T12:32:54","date_gmt":"2024-05-02T16:32:54","guid":{"rendered":"https:\/\/nbgtele.com\/?post_type=product&#038;p=106724"},"modified":"2024-05-02T13:33:52","modified_gmt":"2024-05-02T17:33:52","slug":"coffret-universel-pour-centrale-de-controle-blanc-b18","status":"publish","type":"product","link":"https:\/\/staging.nbgtele.com\/fr\/produit\/coffret-universel-pour-centrale-de-controle-blanc-b18\/","title":{"rendered":"Coffret universel pour centrale de contr\u00f4le, blanc \u2013 B18"},"content":{"rendered":"","protected":false},"excerpt":{"rendered":"<p><span style=\"font-weight: 400;\">D\u00e9couvrez notre Coffret universel pour centrale de contr\u00f4le, blanc \u2013 B18, sp\u00e9cialement d\u00e9velopp\u00e9 pour r\u00e9pondre \u00e0 tous vos besoins en mati\u00e8re de s\u00e9curit\u00e9 ! Ce coffret est con\u00e7u pour abriter en toute s\u00e9curit\u00e9 une gamme de panneaux de contr\u00f4le, dont les s\u00e9ries B et G, ainsi que des communicateurs universels tels que le B465 et l&rsquo;alimentation auxiliaire B520.<\/span><\/p>\n<p>&nbsp;<\/p>\n<p><span style=\"font-weight: 400;\">Et ce n&rsquo;est pas tout ! Sa conception spacieuse permet d&rsquo;accueillir jusqu&rsquo;\u00e0 trois modules de montage \u00e0 trous et deux batteries de 18 Ah, garantissant ainsi un espace suffisant pour votre installation. Enfin, le bo\u00eetier est \u00e9quip\u00e9 d&rsquo;un interrupteur d&rsquo;autoprotection pour plus de s\u00e9curit\u00e9.<\/span><\/p>\n","protected":false},"featured_media":106730,"template":"","meta":{"_acf_changed":false},"product_brand":[],"product_cat":[220,76],"product_tag":[],"brand":[199],"model":[],"profile":[],"resolution":[],"lens":[],"color":[],"ndaa_compliant":[],"dual_voltage":[],"ai":[],"lite":[],"infrared_perimeter":[],"fixed_dome_microphone":[],"analog_hd":[],"covert_camera":[],"internet_protocol":[],"channels":[],"ports":[],"class_list":{"0":"post-106724","1":"product","2":"type-product","3":"status-publish","4":"has-post-thumbnail","6":"product_cat-enclosures-fr","7":"product_cat-supports-fr","8":"brand-bosch-fr","9":"entry","11":"first","12":"instock","13":"taxable","14":"shipping-taxable","15":"product-type-simple"},"acf":[],"wcpa_form_fields":null,"yoast_head":"<!-- This site is optimized with the Yoast SEO plugin v23.7 - https:\/\/yoast.com\/wordpress\/plugins\/seo\/ -->\n<title>Coffret universel pour centrale de contr\u00f4le, blanc \u2013 B18 - NBGTele.com<\/title>\n<meta name=\"robots\" content=\"noindex, follow, max-snippet:-1, max-image-preview:large, max-video-preview:-1\" \/>\n<meta property=\"og:locale\" content=\"fr_FR\" \/>\n<meta property=\"og:type\" content=\"article\" \/>\n<meta property=\"og:title\" content=\"Coffret universel pour centrale de contr\u00f4le, blanc \u2013 B18 - NBGTele.com\" \/>\n<meta property=\"og:description\" content=\"D\u00e9couvrez notre Coffret universel pour centrale de contr\u00f4le, blanc \u2013 B18, sp\u00e9cialement d\u00e9velopp\u00e9 pour r\u00e9pondre \u00e0 tous vos besoins en mati\u00e8re de s\u00e9curit\u00e9 ! Ce coffret est con\u00e7u pour abriter en toute s\u00e9curit\u00e9 une gamme de panneaux de contr\u00f4le, dont les s\u00e9ries B et G, ainsi que des communicateurs universels tels que le B465 et l&#039;alimentation auxiliaire B520.  &nbsp;  Et ce n&#039;est pas tout ! Sa conception spacieuse permet d&#039;accueillir jusqu&#039;\u00e0 trois modules de montage \u00e0 trous et deux batteries de 18 Ah, garantissant ainsi un espace suffisant pour votre installation. Enfin, le bo\u00eetier est \u00e9quip\u00e9 d&#039;un interrupteur d&#039;autoprotection pour plus de s\u00e9curit\u00e9.\" \/>\n<meta property=\"og:url\" content=\"https:\/\/staging.nbgtele.com\/fr\/produit\/coffret-universel-pour-centrale-de-controle-blanc-b18\/\" \/>\n<meta property=\"og:site_name\" content=\"NBGTele.com\" \/>\n<meta property=\"article:modified_time\" content=\"2024-05-02T17:33:52+00:00\" \/>\n<meta property=\"og:image\" content=\"https:\/\/staging.nbgtele.com\/wp-content\/uploads\/2024\/05\/ProductPhoto_Web_all_90982908299.jpg\" \/>\n\t<meta property=\"og:image:width\" content=\"700\" \/>\n\t<meta property=\"og:image:height\" content=\"700\" \/>\n\t<meta property=\"og:image:type\" content=\"image\/jpeg\" \/>\n<meta name=\"twitter:card\" content=\"summary_large_image\" \/>\n<meta name=\"twitter:label1\" content=\"Dur\u00e9e de lecture estim\u00e9e\" \/>\n\t<meta name=\"twitter:data1\" content=\"1 minute\" \/>\n<script type=\"application\/ld+json\" class=\"yoast-schema-graph\">{\"@context\":\"https:\/\/schema.org\",\"@graph\":[{\"@type\":\"WebPage\",\"@id\":\"https:\/\/staging.nbgtele.com\/fr\/produit\/coffret-universel-pour-centrale-de-controle-blanc-b18\/\",\"url\":\"https:\/\/staging.nbgtele.com\/fr\/produit\/coffret-universel-pour-centrale-de-controle-blanc-b18\/\",\"name\":\"Coffret universel pour centrale de contr\u00f4le, blanc \u2013 B18 - NBGTele.com\",\"isPartOf\":{\"@id\":\"https:\/\/staging.nbgtele.com\/fr\/#website\"},\"primaryImageOfPage\":{\"@id\":\"https:\/\/staging.nbgtele.com\/fr\/produit\/coffret-universel-pour-centrale-de-controle-blanc-b18\/#primaryimage\"},\"image\":{\"@id\":\"https:\/\/staging.nbgtele.com\/fr\/produit\/coffret-universel-pour-centrale-de-controle-blanc-b18\/#primaryimage\"},\"thumbnailUrl\":\"https:\/\/staging.nbgtele.com\/wp-content\/uploads\/2024\/05\/ProductPhoto_Web_all_90982908299.jpg\",\"datePublished\":\"2024-05-02T16:32:54+00:00\",\"dateModified\":\"2024-05-02T17:33:52+00:00\",\"breadcrumb\":{\"@id\":\"https:\/\/staging.nbgtele.com\/fr\/produit\/coffret-universel-pour-centrale-de-controle-blanc-b18\/#breadcrumb\"},\"inLanguage\":\"fr-FR\",\"potentialAction\":[{\"@type\":\"ReadAction\",\"target\":[\"https:\/\/staging.nbgtele.com\/fr\/produit\/coffret-universel-pour-centrale-de-controle-blanc-b18\/\"]}]},{\"@type\":\"ImageObject\",\"inLanguage\":\"fr-FR\",\"@id\":\"https:\/\/staging.nbgtele.com\/fr\/produit\/coffret-universel-pour-centrale-de-controle-blanc-b18\/#primaryimage\",\"url\":\"https:\/\/staging.nbgtele.com\/wp-content\/uploads\/2024\/05\/ProductPhoto_Web_all_90982908299.jpg\",\"contentUrl\":\"https:\/\/staging.nbgtele.com\/wp-content\/uploads\/2024\/05\/ProductPhoto_Web_all_90982908299.jpg\",\"width\":700,\"height\":700},{\"@type\":\"BreadcrumbList\",\"@id\":\"https:\/\/staging.nbgtele.com\/fr\/produit\/coffret-universel-pour-centrale-de-controle-blanc-b18\/#breadcrumb\",\"itemListElement\":[{\"@type\":\"ListItem\",\"position\":1,\"name\":\"Home\",\"item\":\"https:\/\/staging.nbgtele.com\/fr\/\"},{\"@type\":\"ListItem\",\"position\":2,\"name\":\"Boutique\",\"item\":\"https:\/\/staging.nbgtele.com\/shop\/\"},{\"@type\":\"ListItem\",\"position\":3,\"name\":\"Coffret universel pour centrale de contr\u00f4le, blanc \u2013 B18\"}]},{\"@type\":\"WebSite\",\"@id\":\"https:\/\/staging.nbgtele.com\/fr\/#website\",\"url\":\"https:\/\/staging.nbgtele.com\/fr\/\",\"name\":\"NBGTele.com\",\"description\":\"\",\"potentialAction\":[{\"@type\":\"SearchAction\",\"target\":{\"@type\":\"EntryPoint\",\"urlTemplate\":\"https:\/\/staging.nbgtele.com\/fr\/?s={search_term_string}\"},\"query-input\":{\"@type\":\"PropertyValueSpecification\",\"valueRequired\":true,\"valueName\":\"search_term_string\"}}],\"inLanguage\":\"fr-FR\"}]}<\/script>\n<!-- \/ Yoast SEO plugin. -->","yoast_head_json":{"title":"Coffret universel pour centrale de contr\u00f4le, blanc \u2013 B18 - NBGTele.com","robots":{"index":"noindex","follow":"follow","max-snippet":"max-snippet:-1","max-image-preview":"max-image-preview:large","max-video-preview":"max-video-preview:-1"},"og_locale":"fr_FR","og_type":"article","og_title":"Coffret universel pour centrale de contr\u00f4le, blanc \u2013 B18 - NBGTele.com","og_description":"D\u00e9couvrez notre Coffret universel pour centrale de contr\u00f4le, blanc \u2013 B18, sp\u00e9cialement d\u00e9velopp\u00e9 pour r\u00e9pondre \u00e0 tous vos besoins en mati\u00e8re de s\u00e9curit\u00e9 ! Ce coffret est con\u00e7u pour abriter en toute s\u00e9curit\u00e9 une gamme de panneaux de contr\u00f4le, dont les s\u00e9ries B et G, ainsi que des communicateurs universels tels que le B465 et l'alimentation auxiliaire B520.  &nbsp;  Et ce n'est pas tout ! Sa conception spacieuse permet d'accueillir jusqu'\u00e0 trois modules de montage \u00e0 trous et deux batteries de 18 Ah, garantissant ainsi un espace suffisant pour votre installation. Enfin, le bo\u00eetier est \u00e9quip\u00e9 d'un interrupteur d'autoprotection pour plus de s\u00e9curit\u00e9.","og_url":"https:\/\/staging.nbgtele.com\/fr\/produit\/coffret-universel-pour-centrale-de-controle-blanc-b18\/","og_site_name":"NBGTele.com","article_modified_time":"2024-05-02T17:33:52+00:00","og_image":[{"width":700,"height":700,"url":"https:\/\/staging.nbgtele.com\/wp-content\/uploads\/2024\/05\/ProductPhoto_Web_all_90982908299.jpg","type":"image\/jpeg"}],"twitter_card":"summary_large_image","twitter_misc":{"Dur\u00e9e de lecture estim\u00e9e":"1 minute"},"schema":{"@context":"https:\/\/schema.org","@graph":[{"@type":"WebPage","@id":"https:\/\/staging.nbgtele.com\/fr\/produit\/coffret-universel-pour-centrale-de-controle-blanc-b18\/","url":"https:\/\/staging.nbgtele.com\/fr\/produit\/coffret-universel-pour-centrale-de-controle-blanc-b18\/","name":"Coffret universel pour centrale de contr\u00f4le, blanc \u2013 B18 - NBGTele.com","isPartOf":{"@id":"https:\/\/staging.nbgtele.com\/fr\/#website"},"primaryImageOfPage":{"@id":"https:\/\/staging.nbgtele.com\/fr\/produit\/coffret-universel-pour-centrale-de-controle-blanc-b18\/#primaryimage"},"image":{"@id":"https:\/\/staging.nbgtele.com\/fr\/produit\/coffret-universel-pour-centrale-de-controle-blanc-b18\/#primaryimage"},"thumbnailUrl":"https:\/\/staging.nbgtele.com\/wp-content\/uploads\/2024\/05\/ProductPhoto_Web_all_90982908299.jpg","datePublished":"2024-05-02T16:32:54+00:00","dateModified":"2024-05-02T17:33:52+00:00","breadcrumb":{"@id":"https:\/\/staging.nbgtele.com\/fr\/produit\/coffret-universel-pour-centrale-de-controle-blanc-b18\/#breadcrumb"},"inLanguage":"fr-FR","potentialAction":[{"@type":"ReadAction","target":["https:\/\/staging.nbgtele.com\/fr\/produit\/coffret-universel-pour-centrale-de-controle-blanc-b18\/"]}]},{"@type":"ImageObject","inLanguage":"fr-FR","@id":"https:\/\/staging.nbgtele.com\/fr\/produit\/coffret-universel-pour-centrale-de-controle-blanc-b18\/#primaryimage","url":"https:\/\/staging.nbgtele.com\/wp-content\/uploads\/2024\/05\/ProductPhoto_Web_all_90982908299.jpg","contentUrl":"https:\/\/staging.nbgtele.com\/wp-content\/uploads\/2024\/05\/ProductPhoto_Web_all_90982908299.jpg","width":700,"height":700},{"@type":"BreadcrumbList","@id":"https:\/\/staging.nbgtele.com\/fr\/produit\/coffret-universel-pour-centrale-de-controle-blanc-b18\/#breadcrumb","itemListElement":[{"@type":"ListItem","position":1,"name":"Home","item":"https:\/\/staging.nbgtele.com\/fr\/"},{"@type":"ListItem","position":2,"name":"Boutique","item":"https:\/\/staging.nbgtele.com\/shop\/"},{"@type":"ListItem","position":3,"name":"Coffret universel pour centrale de contr\u00f4le, blanc \u2013 B18"}]},{"@type":"WebSite","@id":"https:\/\/staging.nbgtele.com\/fr\/#website","url":"https:\/\/staging.nbgtele.com\/fr\/","name":"NBGTele.com","description":"","potentialAction":[{"@type":"SearchAction","target":{"@type":"EntryPoint","urlTemplate":"https:\/\/staging.nbgtele.com\/fr\/?s={search_term_string}"},"query-input":{"@type":"PropertyValueSpecification","valueRequired":true,"valueName":"search_term_string"}}],"inLanguage":"fr-FR"}]}},"_links":{"self":[{"href":"https:\/\/staging.nbgtele.com\/fr\/wp-json\/wp\/v2\/product\/106724","targetHints":{"allow":["GET"]}}],"collection":[{"href":"https:\/\/staging.nbgtele.com\/fr\/wp-json\/wp\/v2\/product"}],"about":[{"href":"https:\/\/staging.nbgtele.com\/fr\/wp-json\/wp\/v2\/types\/product"}],"wp:featuredmedia":[{"embeddable":true,"href":"https:\/\/staging.nbgtele.com\/fr\/wp-json\/wp\/v2\/media\/106730"}],"wp:attachment":[{"href":"https:\/\/staging.nbgtele.com\/fr\/wp-json\/wp\/v2\/media?parent=106724"}],"wp:term":[{"taxonomy":"product_brand","embeddable":true,"href":"https:\/\/staging.nbgtele.com\/fr\/wp-json\/wp\/v2\/product_brand?post=106724"},{"taxonomy":"product_cat","embeddable":true,"href":"https:\/\/staging.nbgtele.com\/fr\/wp-json\/wp\/v2\/product_cat?post=106724"},{"taxonomy":"product_tag","embeddable":true,"href":"https:\/\/staging.nbgtele.com\/fr\/wp-json\/wp\/v2\/product_tag?post=106724"},{"taxonomy":"brand","embeddable":true,"href":"https:\/\/staging.nbgtele.com\/fr\/wp-json\/wp\/v2\/brand?post=106724"},{"taxonomy":"model","embeddable":true,"href":"https:\/\/staging.nbgtele.com\/fr\/wp-json\/wp\/v2\/model?post=106724"},{"taxonomy":"profile","embeddable":true,"href":"https:\/\/staging.nbgtele.com\/fr\/wp-json\/wp\/v2\/profile?post=106724"},{"taxonomy":"resolution","embeddable":true,"href":"https:\/\/staging.nbgtele.com\/fr\/wp-json\/wp\/v2\/resolution?post=106724"},{"taxonomy":"lens","embeddable":true,"href":"https:\/\/staging.nbgtele.com\/fr\/wp-json\/wp\/v2\/lens?post=106724"},{"taxonomy":"color","embeddable":true,"href":"https:\/\/staging.nbgtele.com\/fr\/wp-json\/wp\/v2\/color?post=106724"},{"taxonomy":"ndaa_compliant","embeddable":true,"href":"https:\/\/staging.nbgtele.com\/fr\/wp-json\/wp\/v2\/ndaa_compliant?post=106724"},{"taxonomy":"dual_voltage","embeddable":true,"href":"https:\/\/staging.nbgtele.com\/fr\/wp-json\/wp\/v2\/dual_voltage?post=106724"},{"taxonomy":"ai","embeddable":true,"href":"https:\/\/staging.nbgtele.com\/fr\/wp-json\/wp\/v2\/ai?post=106724"},{"taxonomy":"lite","embeddable":true,"href":"https:\/\/staging.nbgtele.com\/fr\/wp-json\/wp\/v2\/lite?post=106724"},{"taxonomy":"infrared_perimeter","embeddable":true,"href":"https:\/\/staging.nbgtele.com\/fr\/wp-json\/wp\/v2\/infrared_perimeter?post=106724"},{"taxonomy":"fixed_dome_microphone","embeddable":true,"href":"https:\/\/staging.nbgtele.com\/fr\/wp-json\/wp\/v2\/fixed_dome_microphone?post=106724"},{"taxonomy":"analog_hd","embeddable":true,"href":"https:\/\/staging.nbgtele.com\/fr\/wp-json\/wp\/v2\/analog_hd?post=106724"},{"taxonomy":"covert_camera","embeddable":true,"href":"https:\/\/staging.nbgtele.com\/fr\/wp-json\/wp\/v2\/covert_camera?post=106724"},{"taxonomy":"internet_protocol","embeddable":true,"href":"https:\/\/staging.nbgtele.com\/fr\/wp-json\/wp\/v2\/internet_protocol?post=106724"},{"taxonomy":"channels","embeddable":true,"href":"https:\/\/staging.nbgtele.com\/fr\/wp-json\/wp\/v2\/channels?post=106724"},{"taxonomy":"ports","embeddable":true,"href":"https:\/\/staging.nbgtele.com\/fr\/wp-json\/wp\/v2\/ports?post=106724"}],"curies":[{"name":"wp","href":"https:\/\/api.w.org\/{rel}","templated":true}]}}