{"id":107290,"date":"2024-05-29T14:06:00","date_gmt":"2024-05-29T18:06:00","guid":{"rendered":"https:\/\/nbgtele.com\/product\/chekt-bridge-15w-ip-horn-speaker\/"},"modified":"2024-05-30T09:00:38","modified_gmt":"2024-05-30T13:00:38","slug":"chekt-bridge-15w-ip-horn-speaker","status":"publish","type":"product","link":"https:\/\/staging.nbgtele.com\/fr\/produit\/chekt-bridge-15w-ip-horn-speaker\/","title":{"rendered":"Haut-parleur d\u2019ext\u00e9rieur \u00e0 pavillon IP 15W CHeKT Bridge"},"content":{"rendered":"","protected":false},"excerpt":{"rendered":"<p><span style=\"font-weight: 400;\">Le haut-parleur d\u2019ext\u00e9rieur \u00e0 pavillon IP 15W CHeKT Bridge est con\u00e7u pour r\u00e9sister \u00e0 des conditions ext\u00e9rieures exigeantes, b\u00e9n\u00e9ficiant de la certification \u00e9tanche IP67. Avec une puissance de 15 watts, il diffuse des avertissements sonores puissants et clairs lorsqu&rsquo;il est int\u00e9gr\u00e9 \u00e0 vos syst\u00e8mes de s\u00e9curit\u00e9 et alarmes incendie. Il est \u00e9galement id\u00e9al pour la diffusion de musique de fond et d\u2019annonces. Gr\u00e2ce \u00e0 sa connexion PoE, le haut-parleur d\u2019ext\u00e9rieur \u00e0 pavillon IP 15W CHeKT Bridge ne n\u00e9cessite pas d&rsquo;alimentation locale, offrant ainsi une plus grande flexibilit\u00e9 et simplifiant son installation.<\/span><\/p>\n","protected":false},"featured_media":107293,"template":"","meta":{"_acf_changed":false},"product_brand":[],"product_cat":[231],"product_tag":[],"brand":[235],"model":[],"profile":[],"resolution":[],"lens":[],"color":[],"ndaa_compliant":[],"dual_voltage":[],"ai":[],"lite":[],"infrared_perimeter":[],"fixed_dome_microphone":[],"analog_hd":[],"covert_camera":[],"internet_protocol":[],"channels":[],"ports":[],"class_list":{"0":"post-107290","1":"product","2":"type-product","3":"status-publish","4":"has-post-thumbnail","6":"product_cat-audio-fr","7":"brand-chekt-fr","8":"entry","10":"first","11":"instock","12":"taxable","13":"shipping-taxable","14":"product-type-simple"},"acf":[],"wcpa_form_fields":null,"yoast_head":"<!-- This site is optimized with the Yoast SEO plugin v23.7 - https:\/\/yoast.com\/wordpress\/plugins\/seo\/ -->\n<title>Haut-parleur d\u2019ext\u00e9rieur \u00e0 pavillon IP 15W CHeKT Bridge - NBGTele.com<\/title>\n<meta name=\"robots\" content=\"noindex, follow, max-snippet:-1, max-image-preview:large, max-video-preview:-1\" \/>\n<meta property=\"og:locale\" content=\"fr_FR\" \/>\n<meta property=\"og:type\" content=\"article\" \/>\n<meta property=\"og:title\" content=\"Haut-parleur d\u2019ext\u00e9rieur \u00e0 pavillon IP 15W CHeKT Bridge - NBGTele.com\" \/>\n<meta property=\"og:description\" content=\"Le haut-parleur d\u2019ext\u00e9rieur \u00e0 pavillon IP 15W CHeKT Bridge est con\u00e7u pour r\u00e9sister \u00e0 des conditions ext\u00e9rieures exigeantes, b\u00e9n\u00e9ficiant de la certification \u00e9tanche IP67. Avec une puissance de 15 watts, il diffuse des avertissements sonores puissants et clairs lorsqu&#039;il est int\u00e9gr\u00e9 \u00e0 vos syst\u00e8mes de s\u00e9curit\u00e9 et alarmes incendie. Il est \u00e9galement id\u00e9al pour la diffusion de musique de fond et d\u2019annonces. Gr\u00e2ce \u00e0 sa connexion PoE, le haut-parleur d\u2019ext\u00e9rieur \u00e0 pavillon IP 15W CHeKT Bridge ne n\u00e9cessite pas d&#039;alimentation locale, offrant ainsi une plus grande flexibilit\u00e9 et simplifiant son installation.\" \/>\n<meta property=\"og:url\" content=\"https:\/\/staging.nbgtele.com\/fr\/produit\/chekt-bridge-15w-ip-horn-speaker\/\" \/>\n<meta property=\"og:site_name\" content=\"NBGTele.com\" \/>\n<meta property=\"article:modified_time\" content=\"2024-05-30T13:00:38+00:00\" \/>\n<meta property=\"og:image\" content=\"https:\/\/staging.nbgtele.com\/wp-content\/uploads\/2024\/05\/600x600.png\" \/>\n\t<meta property=\"og:image:width\" content=\"576\" \/>\n\t<meta property=\"og:image:height\" content=\"454\" \/>\n\t<meta property=\"og:image:type\" content=\"image\/png\" \/>\n<meta name=\"twitter:card\" content=\"summary_large_image\" \/>\n<meta name=\"twitter:label1\" content=\"Dur\u00e9e de lecture estim\u00e9e\" \/>\n\t<meta name=\"twitter:data1\" content=\"1 minute\" \/>\n<script type=\"application\/ld+json\" class=\"yoast-schema-graph\">{\"@context\":\"https:\/\/schema.org\",\"@graph\":[{\"@type\":\"WebPage\",\"@id\":\"https:\/\/staging.nbgtele.com\/fr\/produit\/chekt-bridge-15w-ip-horn-speaker\/\",\"url\":\"https:\/\/staging.nbgtele.com\/fr\/produit\/chekt-bridge-15w-ip-horn-speaker\/\",\"name\":\"Haut-parleur d\u2019ext\u00e9rieur \u00e0 pavillon IP 15W CHeKT Bridge - NBGTele.com\",\"isPartOf\":{\"@id\":\"https:\/\/staging.nbgtele.com\/fr\/#website\"},\"primaryImageOfPage\":{\"@id\":\"https:\/\/staging.nbgtele.com\/fr\/produit\/chekt-bridge-15w-ip-horn-speaker\/#primaryimage\"},\"image\":{\"@id\":\"https:\/\/staging.nbgtele.com\/fr\/produit\/chekt-bridge-15w-ip-horn-speaker\/#primaryimage\"},\"thumbnailUrl\":\"https:\/\/staging.nbgtele.com\/wp-content\/uploads\/2024\/05\/600x600.png\",\"datePublished\":\"2024-05-29T18:06:00+00:00\",\"dateModified\":\"2024-05-30T13:00:38+00:00\",\"breadcrumb\":{\"@id\":\"https:\/\/staging.nbgtele.com\/fr\/produit\/chekt-bridge-15w-ip-horn-speaker\/#breadcrumb\"},\"inLanguage\":\"fr-FR\",\"potentialAction\":[{\"@type\":\"ReadAction\",\"target\":[\"https:\/\/staging.nbgtele.com\/fr\/produit\/chekt-bridge-15w-ip-horn-speaker\/\"]}]},{\"@type\":\"ImageObject\",\"inLanguage\":\"fr-FR\",\"@id\":\"https:\/\/staging.nbgtele.com\/fr\/produit\/chekt-bridge-15w-ip-horn-speaker\/#primaryimage\",\"url\":\"https:\/\/staging.nbgtele.com\/wp-content\/uploads\/2024\/05\/600x600.png\",\"contentUrl\":\"https:\/\/staging.nbgtele.com\/wp-content\/uploads\/2024\/05\/600x600.png\",\"width\":576,\"height\":454},{\"@type\":\"BreadcrumbList\",\"@id\":\"https:\/\/staging.nbgtele.com\/fr\/produit\/chekt-bridge-15w-ip-horn-speaker\/#breadcrumb\",\"itemListElement\":[{\"@type\":\"ListItem\",\"position\":1,\"name\":\"Home\",\"item\":\"https:\/\/staging.nbgtele.com\/fr\/\"},{\"@type\":\"ListItem\",\"position\":2,\"name\":\"Boutique\",\"item\":\"https:\/\/staging.nbgtele.com\/shop\/\"},{\"@type\":\"ListItem\",\"position\":3,\"name\":\"Haut-parleur d\u2019ext\u00e9rieur \u00e0 pavillon IP 15W CHeKT Bridge\"}]},{\"@type\":\"WebSite\",\"@id\":\"https:\/\/staging.nbgtele.com\/fr\/#website\",\"url\":\"https:\/\/staging.nbgtele.com\/fr\/\",\"name\":\"NBGTele.com\",\"description\":\"\",\"potentialAction\":[{\"@type\":\"SearchAction\",\"target\":{\"@type\":\"EntryPoint\",\"urlTemplate\":\"https:\/\/staging.nbgtele.com\/fr\/?s={search_term_string}\"},\"query-input\":{\"@type\":\"PropertyValueSpecification\",\"valueRequired\":true,\"valueName\":\"search_term_string\"}}],\"inLanguage\":\"fr-FR\"}]}<\/script>\n<!-- \/ Yoast SEO plugin. -->","yoast_head_json":{"title":"Haut-parleur d\u2019ext\u00e9rieur \u00e0 pavillon IP 15W CHeKT Bridge - NBGTele.com","robots":{"index":"noindex","follow":"follow","max-snippet":"max-snippet:-1","max-image-preview":"max-image-preview:large","max-video-preview":"max-video-preview:-1"},"og_locale":"fr_FR","og_type":"article","og_title":"Haut-parleur d\u2019ext\u00e9rieur \u00e0 pavillon IP 15W CHeKT Bridge - NBGTele.com","og_description":"Le haut-parleur d\u2019ext\u00e9rieur \u00e0 pavillon IP 15W CHeKT Bridge est con\u00e7u pour r\u00e9sister \u00e0 des conditions ext\u00e9rieures exigeantes, b\u00e9n\u00e9ficiant de la certification \u00e9tanche IP67. Avec une puissance de 15 watts, il diffuse des avertissements sonores puissants et clairs lorsqu'il est int\u00e9gr\u00e9 \u00e0 vos syst\u00e8mes de s\u00e9curit\u00e9 et alarmes incendie. Il est \u00e9galement id\u00e9al pour la diffusion de musique de fond et d\u2019annonces. Gr\u00e2ce \u00e0 sa connexion PoE, le haut-parleur d\u2019ext\u00e9rieur \u00e0 pavillon IP 15W CHeKT Bridge ne n\u00e9cessite pas d'alimentation locale, offrant ainsi une plus grande flexibilit\u00e9 et simplifiant son installation.","og_url":"https:\/\/staging.nbgtele.com\/fr\/produit\/chekt-bridge-15w-ip-horn-speaker\/","og_site_name":"NBGTele.com","article_modified_time":"2024-05-30T13:00:38+00:00","og_image":[{"width":576,"height":454,"url":"https:\/\/staging.nbgtele.com\/wp-content\/uploads\/2024\/05\/600x600.png","type":"image\/png"}],"twitter_card":"summary_large_image","twitter_misc":{"Dur\u00e9e de lecture estim\u00e9e":"1 minute"},"schema":{"@context":"https:\/\/schema.org","@graph":[{"@type":"WebPage","@id":"https:\/\/staging.nbgtele.com\/fr\/produit\/chekt-bridge-15w-ip-horn-speaker\/","url":"https:\/\/staging.nbgtele.com\/fr\/produit\/chekt-bridge-15w-ip-horn-speaker\/","name":"Haut-parleur d\u2019ext\u00e9rieur \u00e0 pavillon IP 15W CHeKT Bridge - NBGTele.com","isPartOf":{"@id":"https:\/\/staging.nbgtele.com\/fr\/#website"},"primaryImageOfPage":{"@id":"https:\/\/staging.nbgtele.com\/fr\/produit\/chekt-bridge-15w-ip-horn-speaker\/#primaryimage"},"image":{"@id":"https:\/\/staging.nbgtele.com\/fr\/produit\/chekt-bridge-15w-ip-horn-speaker\/#primaryimage"},"thumbnailUrl":"https:\/\/staging.nbgtele.com\/wp-content\/uploads\/2024\/05\/600x600.png","datePublished":"2024-05-29T18:06:00+00:00","dateModified":"2024-05-30T13:00:38+00:00","breadcrumb":{"@id":"https:\/\/staging.nbgtele.com\/fr\/produit\/chekt-bridge-15w-ip-horn-speaker\/#breadcrumb"},"inLanguage":"fr-FR","potentialAction":[{"@type":"ReadAction","target":["https:\/\/staging.nbgtele.com\/fr\/produit\/chekt-bridge-15w-ip-horn-speaker\/"]}]},{"@type":"ImageObject","inLanguage":"fr-FR","@id":"https:\/\/staging.nbgtele.com\/fr\/produit\/chekt-bridge-15w-ip-horn-speaker\/#primaryimage","url":"https:\/\/staging.nbgtele.com\/wp-content\/uploads\/2024\/05\/600x600.png","contentUrl":"https:\/\/staging.nbgtele.com\/wp-content\/uploads\/2024\/05\/600x600.png","width":576,"height":454},{"@type":"BreadcrumbList","@id":"https:\/\/staging.nbgtele.com\/fr\/produit\/chekt-bridge-15w-ip-horn-speaker\/#breadcrumb","itemListElement":[{"@type":"ListItem","position":1,"name":"Home","item":"https:\/\/staging.nbgtele.com\/fr\/"},{"@type":"ListItem","position":2,"name":"Boutique","item":"https:\/\/staging.nbgtele.com\/shop\/"},{"@type":"ListItem","position":3,"name":"Haut-parleur d\u2019ext\u00e9rieur \u00e0 pavillon IP 15W CHeKT Bridge"}]},{"@type":"WebSite","@id":"https:\/\/staging.nbgtele.com\/fr\/#website","url":"https:\/\/staging.nbgtele.com\/fr\/","name":"NBGTele.com","description":"","potentialAction":[{"@type":"SearchAction","target":{"@type":"EntryPoint","urlTemplate":"https:\/\/staging.nbgtele.com\/fr\/?s={search_term_string}"},"query-input":{"@type":"PropertyValueSpecification","valueRequired":true,"valueName":"search_term_string"}}],"inLanguage":"fr-FR"}]}},"_links":{"self":[{"href":"https:\/\/staging.nbgtele.com\/fr\/wp-json\/wp\/v2\/product\/107290","targetHints":{"allow":["GET"]}}],"collection":[{"href":"https:\/\/staging.nbgtele.com\/fr\/wp-json\/wp\/v2\/product"}],"about":[{"href":"https:\/\/staging.nbgtele.com\/fr\/wp-json\/wp\/v2\/types\/product"}],"wp:featuredmedia":[{"embeddable":true,"href":"https:\/\/staging.nbgtele.com\/fr\/wp-json\/wp\/v2\/media\/107293"}],"wp:attachment":[{"href":"https:\/\/staging.nbgtele.com\/fr\/wp-json\/wp\/v2\/media?parent=107290"}],"wp:term":[{"taxonomy":"product_brand","embeddable":true,"href":"https:\/\/staging.nbgtele.com\/fr\/wp-json\/wp\/v2\/product_brand?post=107290"},{"taxonomy":"product_cat","embeddable":true,"href":"https:\/\/staging.nbgtele.com\/fr\/wp-json\/wp\/v2\/product_cat?post=107290"},{"taxonomy":"product_tag","embeddable":true,"href":"https:\/\/staging.nbgtele.com\/fr\/wp-json\/wp\/v2\/product_tag?post=107290"},{"taxonomy":"brand","embeddable":true,"href":"https:\/\/staging.nbgtele.com\/fr\/wp-json\/wp\/v2\/brand?post=107290"},{"taxonomy":"model","embeddable":true,"href":"https:\/\/staging.nbgtele.com\/fr\/wp-json\/wp\/v2\/model?post=107290"},{"taxonomy":"profile","embeddable":true,"href":"https:\/\/staging.nbgtele.com\/fr\/wp-json\/wp\/v2\/profile?post=107290"},{"taxonomy":"resolution","embeddable":true,"href":"https:\/\/staging.nbgtele.com\/fr\/wp-json\/wp\/v2\/resolution?post=107290"},{"taxonomy":"lens","embeddable":true,"href":"https:\/\/staging.nbgtele.com\/fr\/wp-json\/wp\/v2\/lens?post=107290"},{"taxonomy":"color","embeddable":true,"href":"https:\/\/staging.nbgtele.com\/fr\/wp-json\/wp\/v2\/color?post=107290"},{"taxonomy":"ndaa_compliant","embeddable":true,"href":"https:\/\/staging.nbgtele.com\/fr\/wp-json\/wp\/v2\/ndaa_compliant?post=107290"},{"taxonomy":"dual_voltage","embeddable":true,"href":"https:\/\/staging.nbgtele.com\/fr\/wp-json\/wp\/v2\/dual_voltage?post=107290"},{"taxonomy":"ai","embeddable":true,"href":"https:\/\/staging.nbgtele.com\/fr\/wp-json\/wp\/v2\/ai?post=107290"},{"taxonomy":"lite","embeddable":true,"href":"https:\/\/staging.nbgtele.com\/fr\/wp-json\/wp\/v2\/lite?post=107290"},{"taxonomy":"infrared_perimeter","embeddable":true,"href":"https:\/\/staging.nbgtele.com\/fr\/wp-json\/wp\/v2\/infrared_perimeter?post=107290"},{"taxonomy":"fixed_dome_microphone","embeddable":true,"href":"https:\/\/staging.nbgtele.com\/fr\/wp-json\/wp\/v2\/fixed_dome_microphone?post=107290"},{"taxonomy":"analog_hd","embeddable":true,"href":"https:\/\/staging.nbgtele.com\/fr\/wp-json\/wp\/v2\/analog_hd?post=107290"},{"taxonomy":"covert_camera","embeddable":true,"href":"https:\/\/staging.nbgtele.com\/fr\/wp-json\/wp\/v2\/covert_camera?post=107290"},{"taxonomy":"internet_protocol","embeddable":true,"href":"https:\/\/staging.nbgtele.com\/fr\/wp-json\/wp\/v2\/internet_protocol?post=107290"},{"taxonomy":"channels","embeddable":true,"href":"https:\/\/staging.nbgtele.com\/fr\/wp-json\/wp\/v2\/channels?post=107290"},{"taxonomy":"ports","embeddable":true,"href":"https:\/\/staging.nbgtele.com\/fr\/wp-json\/wp\/v2\/ports?post=107290"}],"curies":[{"name":"wp","href":"https:\/\/api.w.org\/{rel}","templated":true}]}}