{"id":15154,"date":"2022-09-26T15:57:32","date_gmt":"2022-09-26T19:57:32","guid":{"rendered":"https:\/\/nbgtele.com\/product\/gsd-dvrfnc-32\/"},"modified":"2023-03-30T10:34:19","modified_gmt":"2023-03-30T14:34:19","slug":"gsd-dvrfnc-32","status":"publish","type":"product","link":"https:\/\/staging.nbgtele.com\/fr\/produit\/gsd-dvrfnc-32\/","title":{"rendered":"32 Channels DVR Recorder 2MP"},"content":{"rendered":"","protected":false},"excerpt":{"rendered":"<p><span style=\"font-weight: 400;\">L\u2019enregistreur num\u00e9rique 32 Channels DVR Recorder 2MP est le point central de votre syst\u00e8me de vid\u00e9osurveillance et permet d\u2019enregistrer et stocker vos vid\u00e9os aux formats 1080p et 4K. L\u2019appareil est \u00e9quip\u00e9 de 32 canaux.<\/span><\/p>\n","protected":false},"featured_media":15146,"template":"","meta":{"_acf_changed":false},"product_brand":[],"product_cat":[75],"product_tag":[],"brand":[195],"model":[184],"profile":[],"resolution":[162],"lens":[],"color":[],"ndaa_compliant":[],"dual_voltage":[],"ai":[],"lite":[],"infrared_perimeter":[],"fixed_dome_microphone":[],"analog_hd":[],"covert_camera":[],"internet_protocol":[],"channels":[205],"ports":[],"class_list":{"0":"post-15154","1":"product","2":"type-product","3":"status-publish","4":"has-post-thumbnail","6":"product_cat-recorder-fr","7":"brand-gsd-fr","8":"model-dvr-fr","9":"resolution-2mp-fr","10":"channels-32-fr","11":"entry","13":"first","14":"instock","15":"taxable","16":"shipping-taxable","17":"product-type-simple"},"acf":[],"wcpa_form_fields":null,"yoast_head":"<!-- This site is optimized with the Yoast SEO plugin v23.7 - https:\/\/yoast.com\/wordpress\/plugins\/seo\/ -->\n<title>Enregistreur vid\u00e9o 32 Channels DVR Recorder 2MP<\/title>\n<meta name=\"description\" content=\"Obtenez cet enregistreur vid\u00e9o DVR d&#039;une r\u00e9solution de 2 m\u00e9gapixels et s\u00e9curisez vos vid\u00e9os de t\u00e9l\u00e9surveillance gr\u00e2ce \u00e0 ses 32 canaux.\" \/>\n<meta name=\"robots\" content=\"noindex, follow, max-snippet:-1, max-image-preview:large, max-video-preview:-1\" \/>\n<meta property=\"og:locale\" content=\"fr_FR\" \/>\n<meta property=\"og:type\" content=\"article\" \/>\n<meta property=\"og:title\" content=\"Enregistreur vid\u00e9o 32 Channels DVR Recorder 2MP\" \/>\n<meta property=\"og:description\" content=\"Obtenez cet enregistreur vid\u00e9o DVR d&#039;une r\u00e9solution de 2 m\u00e9gapixels et s\u00e9curisez vos vid\u00e9os de t\u00e9l\u00e9surveillance gr\u00e2ce \u00e0 ses 32 canaux.\" \/>\n<meta property=\"og:url\" content=\"https:\/\/staging.nbgtele.com\/fr\/produit\/gsd-dvrfnc-32\/\" \/>\n<meta property=\"og:site_name\" content=\"NBGTele.com\" \/>\n<meta property=\"article:modified_time\" content=\"2023-03-30T14:34:19+00:00\" \/>\n<meta property=\"og:image\" content=\"https:\/\/staging.nbgtele.com\/wp-content\/uploads\/2022\/09\/gsd-dvrfnc-32-2.jpg\" \/>\n\t<meta property=\"og:image:width\" content=\"1000\" \/>\n\t<meta property=\"og:image:height\" content=\"1000\" \/>\n\t<meta property=\"og:image:type\" content=\"image\/jpeg\" \/>\n<meta name=\"twitter:card\" content=\"summary_large_image\" \/>\n<script type=\"application\/ld+json\" class=\"yoast-schema-graph\">{\"@context\":\"https:\/\/schema.org\",\"@graph\":[{\"@type\":\"WebPage\",\"@id\":\"https:\/\/staging.nbgtele.com\/fr\/produit\/gsd-dvrfnc-32\/\",\"url\":\"https:\/\/staging.nbgtele.com\/fr\/produit\/gsd-dvrfnc-32\/\",\"name\":\"Enregistreur vid\u00e9o 32 Channels DVR Recorder 2MP\",\"isPartOf\":{\"@id\":\"https:\/\/staging.nbgtele.com\/fr\/#website\"},\"primaryImageOfPage\":{\"@id\":\"https:\/\/staging.nbgtele.com\/fr\/produit\/gsd-dvrfnc-32\/#primaryimage\"},\"image\":{\"@id\":\"https:\/\/staging.nbgtele.com\/fr\/produit\/gsd-dvrfnc-32\/#primaryimage\"},\"thumbnailUrl\":\"https:\/\/staging.nbgtele.com\/wp-content\/uploads\/2022\/09\/gsd-dvrfnc-32-2.jpg\",\"datePublished\":\"2022-09-26T19:57:32+00:00\",\"dateModified\":\"2023-03-30T14:34:19+00:00\",\"description\":\"Obtenez cet enregistreur vid\u00e9o DVR d'une r\u00e9solution de 2 m\u00e9gapixels et s\u00e9curisez vos vid\u00e9os de t\u00e9l\u00e9surveillance gr\u00e2ce \u00e0 ses 32 canaux.\",\"breadcrumb\":{\"@id\":\"https:\/\/staging.nbgtele.com\/fr\/produit\/gsd-dvrfnc-32\/#breadcrumb\"},\"inLanguage\":\"fr-FR\",\"potentialAction\":[{\"@type\":\"ReadAction\",\"target\":[\"https:\/\/staging.nbgtele.com\/fr\/produit\/gsd-dvrfnc-32\/\"]}]},{\"@type\":\"ImageObject\",\"inLanguage\":\"fr-FR\",\"@id\":\"https:\/\/staging.nbgtele.com\/fr\/produit\/gsd-dvrfnc-32\/#primaryimage\",\"url\":\"https:\/\/staging.nbgtele.com\/wp-content\/uploads\/2022\/09\/gsd-dvrfnc-32-2.jpg\",\"contentUrl\":\"https:\/\/staging.nbgtele.com\/wp-content\/uploads\/2022\/09\/gsd-dvrfnc-32-2.jpg\",\"width\":1000,\"height\":1000},{\"@type\":\"BreadcrumbList\",\"@id\":\"https:\/\/staging.nbgtele.com\/fr\/produit\/gsd-dvrfnc-32\/#breadcrumb\",\"itemListElement\":[{\"@type\":\"ListItem\",\"position\":1,\"name\":\"Home\",\"item\":\"https:\/\/staging.nbgtele.com\/fr\/\"},{\"@type\":\"ListItem\",\"position\":2,\"name\":\"Boutique\",\"item\":\"https:\/\/staging.nbgtele.com\/shop\/\"},{\"@type\":\"ListItem\",\"position\":3,\"name\":\"32 Channels DVR Recorder 2MP\"}]},{\"@type\":\"WebSite\",\"@id\":\"https:\/\/staging.nbgtele.com\/fr\/#website\",\"url\":\"https:\/\/staging.nbgtele.com\/fr\/\",\"name\":\"NBGTele.com\",\"description\":\"\",\"potentialAction\":[{\"@type\":\"SearchAction\",\"target\":{\"@type\":\"EntryPoint\",\"urlTemplate\":\"https:\/\/staging.nbgtele.com\/fr\/?s={search_term_string}\"},\"query-input\":{\"@type\":\"PropertyValueSpecification\",\"valueRequired\":true,\"valueName\":\"search_term_string\"}}],\"inLanguage\":\"fr-FR\"}]}<\/script>\n<!-- \/ Yoast SEO plugin. -->","yoast_head_json":{"title":"Enregistreur vid\u00e9o 32 Channels DVR Recorder 2MP","description":"Obtenez cet enregistreur vid\u00e9o DVR d'une r\u00e9solution de 2 m\u00e9gapixels et s\u00e9curisez vos vid\u00e9os de t\u00e9l\u00e9surveillance gr\u00e2ce \u00e0 ses 32 canaux.","robots":{"index":"noindex","follow":"follow","max-snippet":"max-snippet:-1","max-image-preview":"max-image-preview:large","max-video-preview":"max-video-preview:-1"},"og_locale":"fr_FR","og_type":"article","og_title":"Enregistreur vid\u00e9o 32 Channels DVR Recorder 2MP","og_description":"Obtenez cet enregistreur vid\u00e9o DVR d'une r\u00e9solution de 2 m\u00e9gapixels et s\u00e9curisez vos vid\u00e9os de t\u00e9l\u00e9surveillance gr\u00e2ce \u00e0 ses 32 canaux.","og_url":"https:\/\/staging.nbgtele.com\/fr\/produit\/gsd-dvrfnc-32\/","og_site_name":"NBGTele.com","article_modified_time":"2023-03-30T14:34:19+00:00","og_image":[{"width":1000,"height":1000,"url":"https:\/\/staging.nbgtele.com\/wp-content\/uploads\/2022\/09\/gsd-dvrfnc-32-2.jpg","type":"image\/jpeg"}],"twitter_card":"summary_large_image","schema":{"@context":"https:\/\/schema.org","@graph":[{"@type":"WebPage","@id":"https:\/\/staging.nbgtele.com\/fr\/produit\/gsd-dvrfnc-32\/","url":"https:\/\/staging.nbgtele.com\/fr\/produit\/gsd-dvrfnc-32\/","name":"Enregistreur vid\u00e9o 32 Channels DVR Recorder 2MP","isPartOf":{"@id":"https:\/\/staging.nbgtele.com\/fr\/#website"},"primaryImageOfPage":{"@id":"https:\/\/staging.nbgtele.com\/fr\/produit\/gsd-dvrfnc-32\/#primaryimage"},"image":{"@id":"https:\/\/staging.nbgtele.com\/fr\/produit\/gsd-dvrfnc-32\/#primaryimage"},"thumbnailUrl":"https:\/\/staging.nbgtele.com\/wp-content\/uploads\/2022\/09\/gsd-dvrfnc-32-2.jpg","datePublished":"2022-09-26T19:57:32+00:00","dateModified":"2023-03-30T14:34:19+00:00","description":"Obtenez cet enregistreur vid\u00e9o DVR d'une r\u00e9solution de 2 m\u00e9gapixels et s\u00e9curisez vos vid\u00e9os de t\u00e9l\u00e9surveillance gr\u00e2ce \u00e0 ses 32 canaux.","breadcrumb":{"@id":"https:\/\/staging.nbgtele.com\/fr\/produit\/gsd-dvrfnc-32\/#breadcrumb"},"inLanguage":"fr-FR","potentialAction":[{"@type":"ReadAction","target":["https:\/\/staging.nbgtele.com\/fr\/produit\/gsd-dvrfnc-32\/"]}]},{"@type":"ImageObject","inLanguage":"fr-FR","@id":"https:\/\/staging.nbgtele.com\/fr\/produit\/gsd-dvrfnc-32\/#primaryimage","url":"https:\/\/staging.nbgtele.com\/wp-content\/uploads\/2022\/09\/gsd-dvrfnc-32-2.jpg","contentUrl":"https:\/\/staging.nbgtele.com\/wp-content\/uploads\/2022\/09\/gsd-dvrfnc-32-2.jpg","width":1000,"height":1000},{"@type":"BreadcrumbList","@id":"https:\/\/staging.nbgtele.com\/fr\/produit\/gsd-dvrfnc-32\/#breadcrumb","itemListElement":[{"@type":"ListItem","position":1,"name":"Home","item":"https:\/\/staging.nbgtele.com\/fr\/"},{"@type":"ListItem","position":2,"name":"Boutique","item":"https:\/\/staging.nbgtele.com\/shop\/"},{"@type":"ListItem","position":3,"name":"32 Channels DVR Recorder 2MP"}]},{"@type":"WebSite","@id":"https:\/\/staging.nbgtele.com\/fr\/#website","url":"https:\/\/staging.nbgtele.com\/fr\/","name":"NBGTele.com","description":"","potentialAction":[{"@type":"SearchAction","target":{"@type":"EntryPoint","urlTemplate":"https:\/\/staging.nbgtele.com\/fr\/?s={search_term_string}"},"query-input":{"@type":"PropertyValueSpecification","valueRequired":true,"valueName":"search_term_string"}}],"inLanguage":"fr-FR"}]}},"_links":{"self":[{"href":"https:\/\/staging.nbgtele.com\/fr\/wp-json\/wp\/v2\/product\/15154","targetHints":{"allow":["GET"]}}],"collection":[{"href":"https:\/\/staging.nbgtele.com\/fr\/wp-json\/wp\/v2\/product"}],"about":[{"href":"https:\/\/staging.nbgtele.com\/fr\/wp-json\/wp\/v2\/types\/product"}],"wp:featuredmedia":[{"embeddable":true,"href":"https:\/\/staging.nbgtele.com\/fr\/wp-json\/wp\/v2\/media\/15146"}],"wp:attachment":[{"href":"https:\/\/staging.nbgtele.com\/fr\/wp-json\/wp\/v2\/media?parent=15154"}],"wp:term":[{"taxonomy":"product_brand","embeddable":true,"href":"https:\/\/staging.nbgtele.com\/fr\/wp-json\/wp\/v2\/product_brand?post=15154"},{"taxonomy":"product_cat","embeddable":true,"href":"https:\/\/staging.nbgtele.com\/fr\/wp-json\/wp\/v2\/product_cat?post=15154"},{"taxonomy":"product_tag","embeddable":true,"href":"https:\/\/staging.nbgtele.com\/fr\/wp-json\/wp\/v2\/product_tag?post=15154"},{"taxonomy":"brand","embeddable":true,"href":"https:\/\/staging.nbgtele.com\/fr\/wp-json\/wp\/v2\/brand?post=15154"},{"taxonomy":"model","embeddable":true,"href":"https:\/\/staging.nbgtele.com\/fr\/wp-json\/wp\/v2\/model?post=15154"},{"taxonomy":"profile","embeddable":true,"href":"https:\/\/staging.nbgtele.com\/fr\/wp-json\/wp\/v2\/profile?post=15154"},{"taxonomy":"resolution","embeddable":true,"href":"https:\/\/staging.nbgtele.com\/fr\/wp-json\/wp\/v2\/resolution?post=15154"},{"taxonomy":"lens","embeddable":true,"href":"https:\/\/staging.nbgtele.com\/fr\/wp-json\/wp\/v2\/lens?post=15154"},{"taxonomy":"color","embeddable":true,"href":"https:\/\/staging.nbgtele.com\/fr\/wp-json\/wp\/v2\/color?post=15154"},{"taxonomy":"ndaa_compliant","embeddable":true,"href":"https:\/\/staging.nbgtele.com\/fr\/wp-json\/wp\/v2\/ndaa_compliant?post=15154"},{"taxonomy":"dual_voltage","embeddable":true,"href":"https:\/\/staging.nbgtele.com\/fr\/wp-json\/wp\/v2\/dual_voltage?post=15154"},{"taxonomy":"ai","embeddable":true,"href":"https:\/\/staging.nbgtele.com\/fr\/wp-json\/wp\/v2\/ai?post=15154"},{"taxonomy":"lite","embeddable":true,"href":"https:\/\/staging.nbgtele.com\/fr\/wp-json\/wp\/v2\/lite?post=15154"},{"taxonomy":"infrared_perimeter","embeddable":true,"href":"https:\/\/staging.nbgtele.com\/fr\/wp-json\/wp\/v2\/infrared_perimeter?post=15154"},{"taxonomy":"fixed_dome_microphone","embeddable":true,"href":"https:\/\/staging.nbgtele.com\/fr\/wp-json\/wp\/v2\/fixed_dome_microphone?post=15154"},{"taxonomy":"analog_hd","embeddable":true,"href":"https:\/\/staging.nbgtele.com\/fr\/wp-json\/wp\/v2\/analog_hd?post=15154"},{"taxonomy":"covert_camera","embeddable":true,"href":"https:\/\/staging.nbgtele.com\/fr\/wp-json\/wp\/v2\/covert_camera?post=15154"},{"taxonomy":"internet_protocol","embeddable":true,"href":"https:\/\/staging.nbgtele.com\/fr\/wp-json\/wp\/v2\/internet_protocol?post=15154"},{"taxonomy":"channels","embeddable":true,"href":"https:\/\/staging.nbgtele.com\/fr\/wp-json\/wp\/v2\/channels?post=15154"},{"taxonomy":"ports","embeddable":true,"href":"https:\/\/staging.nbgtele.com\/fr\/wp-json\/wp\/v2\/ports?post=15154"}],"curies":[{"name":"wp","href":"https:\/\/api.w.org\/{rel}","templated":true}]}}