{"id":2427,"date":"2022-09-13T16:38:31","date_gmt":"2022-09-13T20:38:31","guid":{"rendered":"https:\/\/nbgtele.com\/product\/ptz18xtvi\/"},"modified":"2023-02-22T17:42:11","modified_gmt":"2023-02-22T21:42:11","slug":"ptz18xtvi","status":"publish","type":"product","link":"https:\/\/staging.nbgtele.com\/fr\/produit\/ptz18xtvi\/","title":{"rendered":"TVI Point Tilt Zoom 2MP Camera"},"content":{"rendered":"","protected":false},"excerpt":{"rendered":"<p><span style=\"font-weight: 400;\">La cam\u00e9ra\u00a0PTZ18XTVI vous propose une r\u00e9solution d\u2019image de 2\u00a0m\u00e9gapixels avec un syst\u00e8me de vision nocturne infrarouge de 125\u00a0m. Elle propose les options TVI<\/span><span style=\"font-weight: 400;\">\/<\/span><span style=\"font-weight: 400;\">CVI<\/span><span style=\"font-weight: 400;\">\/<\/span><span style=\"font-weight: 400;\">AHD<\/span><span style=\"font-weight: 400;\">\/<\/span><span style=\"font-weight: 400;\">960H et peut se placer aussi bien en int\u00e9rieur qu\u2019en ext\u00e9rieur avec son support mural inclus.<\/span><\/p>\n","protected":false},"featured_media":1557,"template":"","meta":{"_acf_changed":false},"product_brand":[],"product_cat":[51],"product_tag":[],"brand":[195],"model":[149],"profile":[158],"resolution":[162],"lens":[168],"color":[172],"ndaa_compliant":[173],"dual_voltage":[],"ai":[],"lite":[],"infrared_perimeter":[],"fixed_dome_microphone":[],"analog_hd":[],"covert_camera":[],"internet_protocol":[],"channels":[],"ports":[],"class_list":{"0":"post-2427","1":"product","2":"type-product","3":"status-publish","4":"has-post-thumbnail","6":"product_cat-cameras-fr","7":"brand-gsd-fr","8":"model-tvi-aio-fr","9":"profile-point-tilt-zoom-fr","10":"resolution-2mp-fr","11":"lens-motorized-fr","12":"color-white-fr","13":"ndaa_compliant-ndaa-compliance-fr","14":"entry","16":"first","17":"instock","18":"taxable","19":"shipping-taxable","20":"product-type-simple"},"acf":[],"wcpa_form_fields":null,"yoast_head":"<!-- This site is optimized with the Yoast SEO plugin v23.7 - https:\/\/yoast.com\/wordpress\/plugins\/seo\/ -->\n<title>PTZ18XTVI cam\u00e9ra de t\u00e9l\u00e9surveillance TVI - GSD<\/title>\n<meta name=\"description\" content=\"La cam\u00e9ra de t\u00e9l\u00e9surveillance PTZ18XTVI de r\u00e9solution 2MP de chez GSD a une port\u00e9e de 125 m\u00e8tres et peut \u00eatre utilis\u00e9e en int\u00e9rieur comme en exterieur\" \/>\n<meta name=\"robots\" content=\"noindex, follow, max-snippet:-1, max-image-preview:large, max-video-preview:-1\" \/>\n<meta property=\"og:locale\" content=\"fr_FR\" \/>\n<meta property=\"og:type\" content=\"article\" \/>\n<meta property=\"og:title\" content=\"PTZ18XTVI cam\u00e9ra de t\u00e9l\u00e9surveillance TVI - GSD\" \/>\n<meta property=\"og:description\" content=\"La cam\u00e9ra de t\u00e9l\u00e9surveillance PTZ18XTVI de r\u00e9solution 2MP de chez GSD a une port\u00e9e de 125 m\u00e8tres et peut \u00eatre utilis\u00e9e en int\u00e9rieur comme en exterieur\" \/>\n<meta property=\"og:url\" content=\"https:\/\/staging.nbgtele.com\/fr\/produit\/ptz18xtvi\/\" \/>\n<meta property=\"og:site_name\" content=\"NBGTele.com\" \/>\n<meta property=\"article:modified_time\" content=\"2023-02-22T21:42:11+00:00\" \/>\n<meta property=\"og:image\" content=\"https:\/\/staging.nbgtele.com\/wp-content\/uploads\/2022\/09\/PTZ18XTVI-2.jpg\" \/>\n\t<meta property=\"og:image:width\" content=\"1000\" \/>\n\t<meta property=\"og:image:height\" content=\"1000\" \/>\n\t<meta property=\"og:image:type\" content=\"image\/jpeg\" \/>\n<meta name=\"twitter:card\" content=\"summary_large_image\" \/>\n<script type=\"application\/ld+json\" class=\"yoast-schema-graph\">{\"@context\":\"https:\/\/schema.org\",\"@graph\":[{\"@type\":\"WebPage\",\"@id\":\"https:\/\/staging.nbgtele.com\/fr\/produit\/ptz18xtvi\/\",\"url\":\"https:\/\/staging.nbgtele.com\/fr\/produit\/ptz18xtvi\/\",\"name\":\"PTZ18XTVI cam\u00e9ra de t\u00e9l\u00e9surveillance TVI - GSD\",\"isPartOf\":{\"@id\":\"https:\/\/staging.nbgtele.com\/fr\/#website\"},\"primaryImageOfPage\":{\"@id\":\"https:\/\/staging.nbgtele.com\/fr\/produit\/ptz18xtvi\/#primaryimage\"},\"image\":{\"@id\":\"https:\/\/staging.nbgtele.com\/fr\/produit\/ptz18xtvi\/#primaryimage\"},\"thumbnailUrl\":\"https:\/\/staging.nbgtele.com\/wp-content\/uploads\/2022\/09\/PTZ18XTVI-2.jpg\",\"datePublished\":\"2022-09-13T20:38:31+00:00\",\"dateModified\":\"2023-02-22T21:42:11+00:00\",\"description\":\"La cam\u00e9ra de t\u00e9l\u00e9surveillance PTZ18XTVI de r\u00e9solution 2MP de chez GSD a une port\u00e9e de 125 m\u00e8tres et peut \u00eatre utilis\u00e9e en int\u00e9rieur comme en exterieur\",\"breadcrumb\":{\"@id\":\"https:\/\/staging.nbgtele.com\/fr\/produit\/ptz18xtvi\/#breadcrumb\"},\"inLanguage\":\"fr-FR\",\"potentialAction\":[{\"@type\":\"ReadAction\",\"target\":[\"https:\/\/staging.nbgtele.com\/fr\/produit\/ptz18xtvi\/\"]}]},{\"@type\":\"ImageObject\",\"inLanguage\":\"fr-FR\",\"@id\":\"https:\/\/staging.nbgtele.com\/fr\/produit\/ptz18xtvi\/#primaryimage\",\"url\":\"https:\/\/staging.nbgtele.com\/wp-content\/uploads\/2022\/09\/PTZ18XTVI-2.jpg\",\"contentUrl\":\"https:\/\/staging.nbgtele.com\/wp-content\/uploads\/2022\/09\/PTZ18XTVI-2.jpg\",\"width\":1000,\"height\":1000},{\"@type\":\"BreadcrumbList\",\"@id\":\"https:\/\/staging.nbgtele.com\/fr\/produit\/ptz18xtvi\/#breadcrumb\",\"itemListElement\":[{\"@type\":\"ListItem\",\"position\":1,\"name\":\"Home\",\"item\":\"https:\/\/staging.nbgtele.com\/fr\/\"},{\"@type\":\"ListItem\",\"position\":2,\"name\":\"Boutique\",\"item\":\"https:\/\/staging.nbgtele.com\/shop\/\"},{\"@type\":\"ListItem\",\"position\":3,\"name\":\"TVI Point Tilt Zoom 2MP Camera\"}]},{\"@type\":\"WebSite\",\"@id\":\"https:\/\/staging.nbgtele.com\/fr\/#website\",\"url\":\"https:\/\/staging.nbgtele.com\/fr\/\",\"name\":\"NBGTele.com\",\"description\":\"\",\"potentialAction\":[{\"@type\":\"SearchAction\",\"target\":{\"@type\":\"EntryPoint\",\"urlTemplate\":\"https:\/\/staging.nbgtele.com\/fr\/?s={search_term_string}\"},\"query-input\":{\"@type\":\"PropertyValueSpecification\",\"valueRequired\":true,\"valueName\":\"search_term_string\"}}],\"inLanguage\":\"fr-FR\"}]}<\/script>\n<!-- \/ Yoast SEO plugin. -->","yoast_head_json":{"title":"PTZ18XTVI cam\u00e9ra de t\u00e9l\u00e9surveillance TVI - GSD","description":"La cam\u00e9ra de t\u00e9l\u00e9surveillance PTZ18XTVI de r\u00e9solution 2MP de chez GSD a une port\u00e9e de 125 m\u00e8tres et peut \u00eatre utilis\u00e9e en int\u00e9rieur comme en exterieur","robots":{"index":"noindex","follow":"follow","max-snippet":"max-snippet:-1","max-image-preview":"max-image-preview:large","max-video-preview":"max-video-preview:-1"},"og_locale":"fr_FR","og_type":"article","og_title":"PTZ18XTVI cam\u00e9ra de t\u00e9l\u00e9surveillance TVI - GSD","og_description":"La cam\u00e9ra de t\u00e9l\u00e9surveillance PTZ18XTVI de r\u00e9solution 2MP de chez GSD a une port\u00e9e de 125 m\u00e8tres et peut \u00eatre utilis\u00e9e en int\u00e9rieur comme en exterieur","og_url":"https:\/\/staging.nbgtele.com\/fr\/produit\/ptz18xtvi\/","og_site_name":"NBGTele.com","article_modified_time":"2023-02-22T21:42:11+00:00","og_image":[{"width":1000,"height":1000,"url":"https:\/\/staging.nbgtele.com\/wp-content\/uploads\/2022\/09\/PTZ18XTVI-2.jpg","type":"image\/jpeg"}],"twitter_card":"summary_large_image","schema":{"@context":"https:\/\/schema.org","@graph":[{"@type":"WebPage","@id":"https:\/\/staging.nbgtele.com\/fr\/produit\/ptz18xtvi\/","url":"https:\/\/staging.nbgtele.com\/fr\/produit\/ptz18xtvi\/","name":"PTZ18XTVI cam\u00e9ra de t\u00e9l\u00e9surveillance TVI - GSD","isPartOf":{"@id":"https:\/\/staging.nbgtele.com\/fr\/#website"},"primaryImageOfPage":{"@id":"https:\/\/staging.nbgtele.com\/fr\/produit\/ptz18xtvi\/#primaryimage"},"image":{"@id":"https:\/\/staging.nbgtele.com\/fr\/produit\/ptz18xtvi\/#primaryimage"},"thumbnailUrl":"https:\/\/staging.nbgtele.com\/wp-content\/uploads\/2022\/09\/PTZ18XTVI-2.jpg","datePublished":"2022-09-13T20:38:31+00:00","dateModified":"2023-02-22T21:42:11+00:00","description":"La cam\u00e9ra de t\u00e9l\u00e9surveillance PTZ18XTVI de r\u00e9solution 2MP de chez GSD a une port\u00e9e de 125 m\u00e8tres et peut \u00eatre utilis\u00e9e en int\u00e9rieur comme en exterieur","breadcrumb":{"@id":"https:\/\/staging.nbgtele.com\/fr\/produit\/ptz18xtvi\/#breadcrumb"},"inLanguage":"fr-FR","potentialAction":[{"@type":"ReadAction","target":["https:\/\/staging.nbgtele.com\/fr\/produit\/ptz18xtvi\/"]}]},{"@type":"ImageObject","inLanguage":"fr-FR","@id":"https:\/\/staging.nbgtele.com\/fr\/produit\/ptz18xtvi\/#primaryimage","url":"https:\/\/staging.nbgtele.com\/wp-content\/uploads\/2022\/09\/PTZ18XTVI-2.jpg","contentUrl":"https:\/\/staging.nbgtele.com\/wp-content\/uploads\/2022\/09\/PTZ18XTVI-2.jpg","width":1000,"height":1000},{"@type":"BreadcrumbList","@id":"https:\/\/staging.nbgtele.com\/fr\/produit\/ptz18xtvi\/#breadcrumb","itemListElement":[{"@type":"ListItem","position":1,"name":"Home","item":"https:\/\/staging.nbgtele.com\/fr\/"},{"@type":"ListItem","position":2,"name":"Boutique","item":"https:\/\/staging.nbgtele.com\/shop\/"},{"@type":"ListItem","position":3,"name":"TVI Point Tilt Zoom 2MP Camera"}]},{"@type":"WebSite","@id":"https:\/\/staging.nbgtele.com\/fr\/#website","url":"https:\/\/staging.nbgtele.com\/fr\/","name":"NBGTele.com","description":"","potentialAction":[{"@type":"SearchAction","target":{"@type":"EntryPoint","urlTemplate":"https:\/\/staging.nbgtele.com\/fr\/?s={search_term_string}"},"query-input":{"@type":"PropertyValueSpecification","valueRequired":true,"valueName":"search_term_string"}}],"inLanguage":"fr-FR"}]}},"_links":{"self":[{"href":"https:\/\/staging.nbgtele.com\/fr\/wp-json\/wp\/v2\/product\/2427","targetHints":{"allow":["GET"]}}],"collection":[{"href":"https:\/\/staging.nbgtele.com\/fr\/wp-json\/wp\/v2\/product"}],"about":[{"href":"https:\/\/staging.nbgtele.com\/fr\/wp-json\/wp\/v2\/types\/product"}],"wp:featuredmedia":[{"embeddable":true,"href":"https:\/\/staging.nbgtele.com\/fr\/wp-json\/wp\/v2\/media\/1557"}],"wp:attachment":[{"href":"https:\/\/staging.nbgtele.com\/fr\/wp-json\/wp\/v2\/media?parent=2427"}],"wp:term":[{"taxonomy":"product_brand","embeddable":true,"href":"https:\/\/staging.nbgtele.com\/fr\/wp-json\/wp\/v2\/product_brand?post=2427"},{"taxonomy":"product_cat","embeddable":true,"href":"https:\/\/staging.nbgtele.com\/fr\/wp-json\/wp\/v2\/product_cat?post=2427"},{"taxonomy":"product_tag","embeddable":true,"href":"https:\/\/staging.nbgtele.com\/fr\/wp-json\/wp\/v2\/product_tag?post=2427"},{"taxonomy":"brand","embeddable":true,"href":"https:\/\/staging.nbgtele.com\/fr\/wp-json\/wp\/v2\/brand?post=2427"},{"taxonomy":"model","embeddable":true,"href":"https:\/\/staging.nbgtele.com\/fr\/wp-json\/wp\/v2\/model?post=2427"},{"taxonomy":"profile","embeddable":true,"href":"https:\/\/staging.nbgtele.com\/fr\/wp-json\/wp\/v2\/profile?post=2427"},{"taxonomy":"resolution","embeddable":true,"href":"https:\/\/staging.nbgtele.com\/fr\/wp-json\/wp\/v2\/resolution?post=2427"},{"taxonomy":"lens","embeddable":true,"href":"https:\/\/staging.nbgtele.com\/fr\/wp-json\/wp\/v2\/lens?post=2427"},{"taxonomy":"color","embeddable":true,"href":"https:\/\/staging.nbgtele.com\/fr\/wp-json\/wp\/v2\/color?post=2427"},{"taxonomy":"ndaa_compliant","embeddable":true,"href":"https:\/\/staging.nbgtele.com\/fr\/wp-json\/wp\/v2\/ndaa_compliant?post=2427"},{"taxonomy":"dual_voltage","embeddable":true,"href":"https:\/\/staging.nbgtele.com\/fr\/wp-json\/wp\/v2\/dual_voltage?post=2427"},{"taxonomy":"ai","embeddable":true,"href":"https:\/\/staging.nbgtele.com\/fr\/wp-json\/wp\/v2\/ai?post=2427"},{"taxonomy":"lite","embeddable":true,"href":"https:\/\/staging.nbgtele.com\/fr\/wp-json\/wp\/v2\/lite?post=2427"},{"taxonomy":"infrared_perimeter","embeddable":true,"href":"https:\/\/staging.nbgtele.com\/fr\/wp-json\/wp\/v2\/infrared_perimeter?post=2427"},{"taxonomy":"fixed_dome_microphone","embeddable":true,"href":"https:\/\/staging.nbgtele.com\/fr\/wp-json\/wp\/v2\/fixed_dome_microphone?post=2427"},{"taxonomy":"analog_hd","embeddable":true,"href":"https:\/\/staging.nbgtele.com\/fr\/wp-json\/wp\/v2\/analog_hd?post=2427"},{"taxonomy":"covert_camera","embeddable":true,"href":"https:\/\/staging.nbgtele.com\/fr\/wp-json\/wp\/v2\/covert_camera?post=2427"},{"taxonomy":"internet_protocol","embeddable":true,"href":"https:\/\/staging.nbgtele.com\/fr\/wp-json\/wp\/v2\/internet_protocol?post=2427"},{"taxonomy":"channels","embeddable":true,"href":"https:\/\/staging.nbgtele.com\/fr\/wp-json\/wp\/v2\/channels?post=2427"},{"taxonomy":"ports","embeddable":true,"href":"https:\/\/staging.nbgtele.com\/fr\/wp-json\/wp\/v2\/ports?post=2427"}],"curies":[{"name":"wp","href":"https:\/\/api.w.org\/{rel}","templated":true}]}}