{"id":2429,"date":"2022-09-13T16:37:42","date_gmt":"2022-09-13T20:37:42","guid":{"rendered":"https:\/\/nbgtele.com\/product\/b7zvf2812aio-5mp\/"},"modified":"2023-02-22T17:50:25","modified_gmt":"2023-02-22T21:50:25","slug":"b7zvf2812aio-5mp","status":"publish","type":"product","link":"https:\/\/staging.nbgtele.com\/fr\/produit\/b7zvf2812aio-5mp\/","title":{"rendered":"AIO Bullet 5MP 2812 Camera"},"content":{"rendered":"","protected":false},"excerpt":{"rendered":"<p><span style=\"font-weight: 400;\">Le mod\u00e8le\u00a0B7ZVF2812AIO-5MP est une cam\u00e9ra d\u2019int\u00e9rieur et d\u2019ext\u00e9rieur qui permet une surveillance accrue gr\u00e2ce \u00e0 sa r\u00e9solution de 5\u00a0m\u00e9gapixels et sa vision nocturne d\u2019une port\u00e9e de 40\u00a0m. Elle propose les options TVI<\/span><span style=\"font-weight: 400;\">\/<\/span><span style=\"font-weight: 400;\">CVI<\/span><span style=\"font-weight: 400;\">\/<\/span><span style=\"font-weight: 400;\">AHD<\/span><span style=\"font-weight: 400;\">\/<\/span><span style=\"font-weight: 400;\">960H et est compatible avec la bo\u00eete de jonction\u00a0B6BASE1.<\/span><\/p>\n","protected":false},"featured_media":1237,"template":"","meta":{"_acf_changed":false},"product_brand":[],"product_cat":[51],"product_tag":[],"brand":[195],"model":[149],"profile":[152],"resolution":[163],"lens":[168,167],"color":[172],"ndaa_compliant":[173],"dual_voltage":[],"ai":[],"lite":[],"infrared_perimeter":[],"fixed_dome_microphone":[],"analog_hd":[179],"covert_camera":[],"internet_protocol":[],"channels":[],"ports":[],"class_list":{"0":"post-2429","1":"product","2":"type-product","3":"status-publish","4":"has-post-thumbnail","6":"product_cat-cameras-fr","7":"brand-gsd-fr","8":"model-tvi-aio-fr","9":"profile-bullet-fr","10":"resolution-5mp-fr","11":"lens-motorized-fr","12":"lens-varifocal-fr","13":"color-white-fr","14":"ndaa_compliant-ndaa-compliance-fr","15":"analog_hd-analog-hd-fr","16":"entry","18":"first","19":"instock","20":"taxable","21":"shipping-taxable","22":"product-type-simple"},"acf":[],"wcpa_form_fields":null,"yoast_head":"<!-- This site is optimized with the Yoast SEO plugin v23.7 - https:\/\/yoast.com\/wordpress\/plugins\/seo\/ -->\n<title>B7ZVF2812AIO-5MP cam\u00e9ra de t\u00e9l\u00e9surveillance TVI - GSD<\/title>\n<meta name=\"description\" content=\"D\u00e9couvrez la cam\u00e9ra de t\u00e9l\u00e9surveillance B7ZVF2812AIO-5MP de r\u00e9solution 5MP, de la marque GSD Avec une port\u00e9e de 40 m\u00e8tres, elle est compatible en int\u00e9rieur et exterieur\" \/>\n<meta name=\"robots\" content=\"noindex, follow, max-snippet:-1, max-image-preview:large, max-video-preview:-1\" \/>\n<meta property=\"og:locale\" content=\"fr_FR\" \/>\n<meta property=\"og:type\" content=\"article\" \/>\n<meta property=\"og:title\" content=\"B7ZVF2812AIO-5MP cam\u00e9ra de t\u00e9l\u00e9surveillance TVI - GSD\" \/>\n<meta property=\"og:description\" content=\"D\u00e9couvrez la cam\u00e9ra de t\u00e9l\u00e9surveillance B7ZVF2812AIO-5MP de r\u00e9solution 5MP, de la marque GSD Avec une port\u00e9e de 40 m\u00e8tres, elle est compatible en int\u00e9rieur et exterieur\" \/>\n<meta property=\"og:url\" content=\"https:\/\/staging.nbgtele.com\/fr\/produit\/b7zvf2812aio-5mp\/\" \/>\n<meta property=\"og:site_name\" content=\"NBGTele.com\" \/>\n<meta property=\"article:modified_time\" content=\"2023-02-22T21:50:25+00:00\" \/>\n<meta property=\"og:image\" content=\"https:\/\/staging.nbgtele.com\/wp-content\/uploads\/2022\/09\/B7ZVF2812AIO-5MP-2.jpg\" \/>\n\t<meta property=\"og:image:width\" content=\"1000\" \/>\n\t<meta property=\"og:image:height\" content=\"1000\" \/>\n\t<meta property=\"og:image:type\" content=\"image\/jpeg\" \/>\n<meta name=\"twitter:card\" content=\"summary_large_image\" \/>\n<script type=\"application\/ld+json\" class=\"yoast-schema-graph\">{\"@context\":\"https:\/\/schema.org\",\"@graph\":[{\"@type\":\"WebPage\",\"@id\":\"https:\/\/staging.nbgtele.com\/fr\/produit\/b7zvf2812aio-5mp\/\",\"url\":\"https:\/\/staging.nbgtele.com\/fr\/produit\/b7zvf2812aio-5mp\/\",\"name\":\"B7ZVF2812AIO-5MP cam\u00e9ra de t\u00e9l\u00e9surveillance TVI - GSD\",\"isPartOf\":{\"@id\":\"https:\/\/staging.nbgtele.com\/fr\/#website\"},\"primaryImageOfPage\":{\"@id\":\"https:\/\/staging.nbgtele.com\/fr\/produit\/b7zvf2812aio-5mp\/#primaryimage\"},\"image\":{\"@id\":\"https:\/\/staging.nbgtele.com\/fr\/produit\/b7zvf2812aio-5mp\/#primaryimage\"},\"thumbnailUrl\":\"https:\/\/staging.nbgtele.com\/wp-content\/uploads\/2022\/09\/B7ZVF2812AIO-5MP-2.jpg\",\"datePublished\":\"2022-09-13T20:37:42+00:00\",\"dateModified\":\"2023-02-22T21:50:25+00:00\",\"description\":\"D\u00e9couvrez la cam\u00e9ra de t\u00e9l\u00e9surveillance B7ZVF2812AIO-5MP de r\u00e9solution 5MP, de la marque GSD Avec une port\u00e9e de 40 m\u00e8tres, elle est compatible en int\u00e9rieur et exterieur\",\"breadcrumb\":{\"@id\":\"https:\/\/staging.nbgtele.com\/fr\/produit\/b7zvf2812aio-5mp\/#breadcrumb\"},\"inLanguage\":\"fr-FR\",\"potentialAction\":[{\"@type\":\"ReadAction\",\"target\":[\"https:\/\/staging.nbgtele.com\/fr\/produit\/b7zvf2812aio-5mp\/\"]}]},{\"@type\":\"ImageObject\",\"inLanguage\":\"fr-FR\",\"@id\":\"https:\/\/staging.nbgtele.com\/fr\/produit\/b7zvf2812aio-5mp\/#primaryimage\",\"url\":\"https:\/\/staging.nbgtele.com\/wp-content\/uploads\/2022\/09\/B7ZVF2812AIO-5MP-2.jpg\",\"contentUrl\":\"https:\/\/staging.nbgtele.com\/wp-content\/uploads\/2022\/09\/B7ZVF2812AIO-5MP-2.jpg\",\"width\":1000,\"height\":1000},{\"@type\":\"BreadcrumbList\",\"@id\":\"https:\/\/staging.nbgtele.com\/fr\/produit\/b7zvf2812aio-5mp\/#breadcrumb\",\"itemListElement\":[{\"@type\":\"ListItem\",\"position\":1,\"name\":\"Home\",\"item\":\"https:\/\/staging.nbgtele.com\/fr\/\"},{\"@type\":\"ListItem\",\"position\":2,\"name\":\"Boutique\",\"item\":\"https:\/\/staging.nbgtele.com\/shop\/\"},{\"@type\":\"ListItem\",\"position\":3,\"name\":\"AIO Bullet 5MP 2812 Camera\"}]},{\"@type\":\"WebSite\",\"@id\":\"https:\/\/staging.nbgtele.com\/fr\/#website\",\"url\":\"https:\/\/staging.nbgtele.com\/fr\/\",\"name\":\"NBGTele.com\",\"description\":\"\",\"potentialAction\":[{\"@type\":\"SearchAction\",\"target\":{\"@type\":\"EntryPoint\",\"urlTemplate\":\"https:\/\/staging.nbgtele.com\/fr\/?s={search_term_string}\"},\"query-input\":{\"@type\":\"PropertyValueSpecification\",\"valueRequired\":true,\"valueName\":\"search_term_string\"}}],\"inLanguage\":\"fr-FR\"}]}<\/script>\n<!-- \/ Yoast SEO plugin. -->","yoast_head_json":{"title":"B7ZVF2812AIO-5MP cam\u00e9ra de t\u00e9l\u00e9surveillance TVI - GSD","description":"D\u00e9couvrez la cam\u00e9ra de t\u00e9l\u00e9surveillance B7ZVF2812AIO-5MP de r\u00e9solution 5MP, de la marque GSD Avec une port\u00e9e de 40 m\u00e8tres, elle est compatible en int\u00e9rieur et exterieur","robots":{"index":"noindex","follow":"follow","max-snippet":"max-snippet:-1","max-image-preview":"max-image-preview:large","max-video-preview":"max-video-preview:-1"},"og_locale":"fr_FR","og_type":"article","og_title":"B7ZVF2812AIO-5MP cam\u00e9ra de t\u00e9l\u00e9surveillance TVI - GSD","og_description":"D\u00e9couvrez la cam\u00e9ra de t\u00e9l\u00e9surveillance B7ZVF2812AIO-5MP de r\u00e9solution 5MP, de la marque GSD Avec une port\u00e9e de 40 m\u00e8tres, elle est compatible en int\u00e9rieur et exterieur","og_url":"https:\/\/staging.nbgtele.com\/fr\/produit\/b7zvf2812aio-5mp\/","og_site_name":"NBGTele.com","article_modified_time":"2023-02-22T21:50:25+00:00","og_image":[{"width":1000,"height":1000,"url":"https:\/\/staging.nbgtele.com\/wp-content\/uploads\/2022\/09\/B7ZVF2812AIO-5MP-2.jpg","type":"image\/jpeg"}],"twitter_card":"summary_large_image","schema":{"@context":"https:\/\/schema.org","@graph":[{"@type":"WebPage","@id":"https:\/\/staging.nbgtele.com\/fr\/produit\/b7zvf2812aio-5mp\/","url":"https:\/\/staging.nbgtele.com\/fr\/produit\/b7zvf2812aio-5mp\/","name":"B7ZVF2812AIO-5MP cam\u00e9ra de t\u00e9l\u00e9surveillance TVI - GSD","isPartOf":{"@id":"https:\/\/staging.nbgtele.com\/fr\/#website"},"primaryImageOfPage":{"@id":"https:\/\/staging.nbgtele.com\/fr\/produit\/b7zvf2812aio-5mp\/#primaryimage"},"image":{"@id":"https:\/\/staging.nbgtele.com\/fr\/produit\/b7zvf2812aio-5mp\/#primaryimage"},"thumbnailUrl":"https:\/\/staging.nbgtele.com\/wp-content\/uploads\/2022\/09\/B7ZVF2812AIO-5MP-2.jpg","datePublished":"2022-09-13T20:37:42+00:00","dateModified":"2023-02-22T21:50:25+00:00","description":"D\u00e9couvrez la cam\u00e9ra de t\u00e9l\u00e9surveillance B7ZVF2812AIO-5MP de r\u00e9solution 5MP, de la marque GSD Avec une port\u00e9e de 40 m\u00e8tres, elle est compatible en int\u00e9rieur et exterieur","breadcrumb":{"@id":"https:\/\/staging.nbgtele.com\/fr\/produit\/b7zvf2812aio-5mp\/#breadcrumb"},"inLanguage":"fr-FR","potentialAction":[{"@type":"ReadAction","target":["https:\/\/staging.nbgtele.com\/fr\/produit\/b7zvf2812aio-5mp\/"]}]},{"@type":"ImageObject","inLanguage":"fr-FR","@id":"https:\/\/staging.nbgtele.com\/fr\/produit\/b7zvf2812aio-5mp\/#primaryimage","url":"https:\/\/staging.nbgtele.com\/wp-content\/uploads\/2022\/09\/B7ZVF2812AIO-5MP-2.jpg","contentUrl":"https:\/\/staging.nbgtele.com\/wp-content\/uploads\/2022\/09\/B7ZVF2812AIO-5MP-2.jpg","width":1000,"height":1000},{"@type":"BreadcrumbList","@id":"https:\/\/staging.nbgtele.com\/fr\/produit\/b7zvf2812aio-5mp\/#breadcrumb","itemListElement":[{"@type":"ListItem","position":1,"name":"Home","item":"https:\/\/staging.nbgtele.com\/fr\/"},{"@type":"ListItem","position":2,"name":"Boutique","item":"https:\/\/staging.nbgtele.com\/shop\/"},{"@type":"ListItem","position":3,"name":"AIO Bullet 5MP 2812 Camera"}]},{"@type":"WebSite","@id":"https:\/\/staging.nbgtele.com\/fr\/#website","url":"https:\/\/staging.nbgtele.com\/fr\/","name":"NBGTele.com","description":"","potentialAction":[{"@type":"SearchAction","target":{"@type":"EntryPoint","urlTemplate":"https:\/\/staging.nbgtele.com\/fr\/?s={search_term_string}"},"query-input":{"@type":"PropertyValueSpecification","valueRequired":true,"valueName":"search_term_string"}}],"inLanguage":"fr-FR"}]}},"_links":{"self":[{"href":"https:\/\/staging.nbgtele.com\/fr\/wp-json\/wp\/v2\/product\/2429","targetHints":{"allow":["GET"]}}],"collection":[{"href":"https:\/\/staging.nbgtele.com\/fr\/wp-json\/wp\/v2\/product"}],"about":[{"href":"https:\/\/staging.nbgtele.com\/fr\/wp-json\/wp\/v2\/types\/product"}],"wp:featuredmedia":[{"embeddable":true,"href":"https:\/\/staging.nbgtele.com\/fr\/wp-json\/wp\/v2\/media\/1237"}],"wp:attachment":[{"href":"https:\/\/staging.nbgtele.com\/fr\/wp-json\/wp\/v2\/media?parent=2429"}],"wp:term":[{"taxonomy":"product_brand","embeddable":true,"href":"https:\/\/staging.nbgtele.com\/fr\/wp-json\/wp\/v2\/product_brand?post=2429"},{"taxonomy":"product_cat","embeddable":true,"href":"https:\/\/staging.nbgtele.com\/fr\/wp-json\/wp\/v2\/product_cat?post=2429"},{"taxonomy":"product_tag","embeddable":true,"href":"https:\/\/staging.nbgtele.com\/fr\/wp-json\/wp\/v2\/product_tag?post=2429"},{"taxonomy":"brand","embeddable":true,"href":"https:\/\/staging.nbgtele.com\/fr\/wp-json\/wp\/v2\/brand?post=2429"},{"taxonomy":"model","embeddable":true,"href":"https:\/\/staging.nbgtele.com\/fr\/wp-json\/wp\/v2\/model?post=2429"},{"taxonomy":"profile","embeddable":true,"href":"https:\/\/staging.nbgtele.com\/fr\/wp-json\/wp\/v2\/profile?post=2429"},{"taxonomy":"resolution","embeddable":true,"href":"https:\/\/staging.nbgtele.com\/fr\/wp-json\/wp\/v2\/resolution?post=2429"},{"taxonomy":"lens","embeddable":true,"href":"https:\/\/staging.nbgtele.com\/fr\/wp-json\/wp\/v2\/lens?post=2429"},{"taxonomy":"color","embeddable":true,"href":"https:\/\/staging.nbgtele.com\/fr\/wp-json\/wp\/v2\/color?post=2429"},{"taxonomy":"ndaa_compliant","embeddable":true,"href":"https:\/\/staging.nbgtele.com\/fr\/wp-json\/wp\/v2\/ndaa_compliant?post=2429"},{"taxonomy":"dual_voltage","embeddable":true,"href":"https:\/\/staging.nbgtele.com\/fr\/wp-json\/wp\/v2\/dual_voltage?post=2429"},{"taxonomy":"ai","embeddable":true,"href":"https:\/\/staging.nbgtele.com\/fr\/wp-json\/wp\/v2\/ai?post=2429"},{"taxonomy":"lite","embeddable":true,"href":"https:\/\/staging.nbgtele.com\/fr\/wp-json\/wp\/v2\/lite?post=2429"},{"taxonomy":"infrared_perimeter","embeddable":true,"href":"https:\/\/staging.nbgtele.com\/fr\/wp-json\/wp\/v2\/infrared_perimeter?post=2429"},{"taxonomy":"fixed_dome_microphone","embeddable":true,"href":"https:\/\/staging.nbgtele.com\/fr\/wp-json\/wp\/v2\/fixed_dome_microphone?post=2429"},{"taxonomy":"analog_hd","embeddable":true,"href":"https:\/\/staging.nbgtele.com\/fr\/wp-json\/wp\/v2\/analog_hd?post=2429"},{"taxonomy":"covert_camera","embeddable":true,"href":"https:\/\/staging.nbgtele.com\/fr\/wp-json\/wp\/v2\/covert_camera?post=2429"},{"taxonomy":"internet_protocol","embeddable":true,"href":"https:\/\/staging.nbgtele.com\/fr\/wp-json\/wp\/v2\/internet_protocol?post=2429"},{"taxonomy":"channels","embeddable":true,"href":"https:\/\/staging.nbgtele.com\/fr\/wp-json\/wp\/v2\/channels?post=2429"},{"taxonomy":"ports","embeddable":true,"href":"https:\/\/staging.nbgtele.com\/fr\/wp-json\/wp\/v2\/ports?post=2429"}],"curies":[{"name":"wp","href":"https:\/\/api.w.org\/{rel}","templated":true}]}}