{"id":2431,"date":"2022-09-13T16:36:54","date_gmt":"2022-09-13T20:36:54","guid":{"rendered":"https:\/\/nbgtele.com\/product\/b6zd550tvi\/"},"modified":"2023-02-22T17:35:20","modified_gmt":"2023-02-22T21:35:20","slug":"b6zd550tvi","status":"publish","type":"product","link":"https:\/\/staging.nbgtele.com\/fr\/produit\/b6zd550tvi\/","title":{"rendered":"TVI Bullet 2MP Camera"},"content":{"rendered":"","protected":false},"excerpt":{"rendered":"<p><span style=\"font-weight: 400;\">La cam\u00e9ra\u00a0B6ZD550TVI poss\u00e8de une r\u00e9solution de 2\u00a0m\u00e9gapixels et une vision nocturne sur 60\u00a0m. Elle fonctionne avec la bo\u00eete de jonction\u00a0EB3BASE4 et peut s\u2019installer en int\u00e9rieur comme en ext\u00e9rieur gr\u00e2ce \u00e0 son support mural inclus. <\/span><\/p>\n","protected":false},"featured_media":1193,"template":"","meta":{"_acf_changed":false},"product_brand":[],"product_cat":[51],"product_tag":[],"brand":[195],"model":[149],"profile":[152],"resolution":[162],"lens":[168],"color":[172],"ndaa_compliant":[173],"dual_voltage":[174],"ai":[],"lite":[],"infrared_perimeter":[],"fixed_dome_microphone":[],"analog_hd":[],"covert_camera":[],"internet_protocol":[],"channels":[],"ports":[],"class_list":{"0":"post-2431","1":"product","2":"type-product","3":"status-publish","4":"has-post-thumbnail","6":"product_cat-cameras-fr","7":"brand-gsd-fr","8":"model-tvi-aio-fr","9":"profile-bullet-fr","10":"resolution-2mp-fr","11":"lens-motorized-fr","12":"color-white-fr","13":"ndaa_compliant-ndaa-compliance-fr","14":"dual_voltage-dual-voltage-fr","15":"entry","17":"first","18":"instock","19":"taxable","20":"shipping-taxable","21":"product-type-simple"},"acf":[],"wcpa_form_fields":null,"yoast_head":"<!-- This site is optimized with the Yoast SEO plugin v23.7 - https:\/\/yoast.com\/wordpress\/plugins\/seo\/ -->\n<title>B6ZD550TVI cam\u00e9ra de t\u00e9l\u00e9surveillance TVI - GSD<\/title>\n<meta name=\"description\" content=\"D\u00e9couvrez la cam\u00e9ra de t\u00e9l\u00e9surveillance B6ZD550TVI de r\u00e9solution 2MP, de la marque GSD Avec une port\u00e9e de 60 m\u00e8tres, elle est compatible en int\u00e9rieur et exterieur\" \/>\n<meta name=\"robots\" content=\"noindex, follow, max-snippet:-1, max-image-preview:large, max-video-preview:-1\" \/>\n<meta property=\"og:locale\" content=\"fr_FR\" \/>\n<meta property=\"og:type\" content=\"article\" \/>\n<meta property=\"og:title\" content=\"B6ZD550TVI cam\u00e9ra de t\u00e9l\u00e9surveillance TVI - GSD\" \/>\n<meta property=\"og:description\" content=\"D\u00e9couvrez la cam\u00e9ra de t\u00e9l\u00e9surveillance B6ZD550TVI de r\u00e9solution 2MP, de la marque GSD Avec une port\u00e9e de 60 m\u00e8tres, elle est compatible en int\u00e9rieur et exterieur\" \/>\n<meta property=\"og:url\" content=\"https:\/\/staging.nbgtele.com\/fr\/produit\/b6zd550tvi\/\" \/>\n<meta property=\"og:site_name\" content=\"NBGTele.com\" \/>\n<meta property=\"article:modified_time\" content=\"2023-02-22T21:35:20+00:00\" \/>\n<meta property=\"og:image\" content=\"https:\/\/staging.nbgtele.com\/wp-content\/uploads\/2022\/09\/B6ZD550TVI-2.jpg\" \/>\n\t<meta property=\"og:image:width\" content=\"1000\" \/>\n\t<meta property=\"og:image:height\" content=\"1000\" \/>\n\t<meta property=\"og:image:type\" content=\"image\/jpeg\" \/>\n<meta name=\"twitter:card\" content=\"summary_large_image\" \/>\n<script type=\"application\/ld+json\" class=\"yoast-schema-graph\">{\"@context\":\"https:\/\/schema.org\",\"@graph\":[{\"@type\":\"WebPage\",\"@id\":\"https:\/\/staging.nbgtele.com\/fr\/produit\/b6zd550tvi\/\",\"url\":\"https:\/\/staging.nbgtele.com\/fr\/produit\/b6zd550tvi\/\",\"name\":\"B6ZD550TVI cam\u00e9ra de t\u00e9l\u00e9surveillance TVI - GSD\",\"isPartOf\":{\"@id\":\"https:\/\/staging.nbgtele.com\/fr\/#website\"},\"primaryImageOfPage\":{\"@id\":\"https:\/\/staging.nbgtele.com\/fr\/produit\/b6zd550tvi\/#primaryimage\"},\"image\":{\"@id\":\"https:\/\/staging.nbgtele.com\/fr\/produit\/b6zd550tvi\/#primaryimage\"},\"thumbnailUrl\":\"https:\/\/staging.nbgtele.com\/wp-content\/uploads\/2022\/09\/B6ZD550TVI-2.jpg\",\"datePublished\":\"2022-09-13T20:36:54+00:00\",\"dateModified\":\"2023-02-22T21:35:20+00:00\",\"description\":\"D\u00e9couvrez la cam\u00e9ra de t\u00e9l\u00e9surveillance B6ZD550TVI de r\u00e9solution 2MP, de la marque GSD Avec une port\u00e9e de 60 m\u00e8tres, elle est compatible en int\u00e9rieur et exterieur\",\"breadcrumb\":{\"@id\":\"https:\/\/staging.nbgtele.com\/fr\/produit\/b6zd550tvi\/#breadcrumb\"},\"inLanguage\":\"fr-FR\",\"potentialAction\":[{\"@type\":\"ReadAction\",\"target\":[\"https:\/\/staging.nbgtele.com\/fr\/produit\/b6zd550tvi\/\"]}]},{\"@type\":\"ImageObject\",\"inLanguage\":\"fr-FR\",\"@id\":\"https:\/\/staging.nbgtele.com\/fr\/produit\/b6zd550tvi\/#primaryimage\",\"url\":\"https:\/\/staging.nbgtele.com\/wp-content\/uploads\/2022\/09\/B6ZD550TVI-2.jpg\",\"contentUrl\":\"https:\/\/staging.nbgtele.com\/wp-content\/uploads\/2022\/09\/B6ZD550TVI-2.jpg\",\"width\":1000,\"height\":1000},{\"@type\":\"BreadcrumbList\",\"@id\":\"https:\/\/staging.nbgtele.com\/fr\/produit\/b6zd550tvi\/#breadcrumb\",\"itemListElement\":[{\"@type\":\"ListItem\",\"position\":1,\"name\":\"Home\",\"item\":\"https:\/\/staging.nbgtele.com\/fr\/\"},{\"@type\":\"ListItem\",\"position\":2,\"name\":\"Boutique\",\"item\":\"https:\/\/staging.nbgtele.com\/shop\/\"},{\"@type\":\"ListItem\",\"position\":3,\"name\":\"TVI Bullet 2MP Camera\"}]},{\"@type\":\"WebSite\",\"@id\":\"https:\/\/staging.nbgtele.com\/fr\/#website\",\"url\":\"https:\/\/staging.nbgtele.com\/fr\/\",\"name\":\"NBGTele.com\",\"description\":\"\",\"potentialAction\":[{\"@type\":\"SearchAction\",\"target\":{\"@type\":\"EntryPoint\",\"urlTemplate\":\"https:\/\/staging.nbgtele.com\/fr\/?s={search_term_string}\"},\"query-input\":{\"@type\":\"PropertyValueSpecification\",\"valueRequired\":true,\"valueName\":\"search_term_string\"}}],\"inLanguage\":\"fr-FR\"}]}<\/script>\n<!-- \/ Yoast SEO plugin. -->","yoast_head_json":{"title":"B6ZD550TVI cam\u00e9ra de t\u00e9l\u00e9surveillance TVI - GSD","description":"D\u00e9couvrez la cam\u00e9ra de t\u00e9l\u00e9surveillance B6ZD550TVI de r\u00e9solution 2MP, de la marque GSD Avec une port\u00e9e de 60 m\u00e8tres, elle est compatible en int\u00e9rieur et exterieur","robots":{"index":"noindex","follow":"follow","max-snippet":"max-snippet:-1","max-image-preview":"max-image-preview:large","max-video-preview":"max-video-preview:-1"},"og_locale":"fr_FR","og_type":"article","og_title":"B6ZD550TVI cam\u00e9ra de t\u00e9l\u00e9surveillance TVI - GSD","og_description":"D\u00e9couvrez la cam\u00e9ra de t\u00e9l\u00e9surveillance B6ZD550TVI de r\u00e9solution 2MP, de la marque GSD Avec une port\u00e9e de 60 m\u00e8tres, elle est compatible en int\u00e9rieur et exterieur","og_url":"https:\/\/staging.nbgtele.com\/fr\/produit\/b6zd550tvi\/","og_site_name":"NBGTele.com","article_modified_time":"2023-02-22T21:35:20+00:00","og_image":[{"width":1000,"height":1000,"url":"https:\/\/staging.nbgtele.com\/wp-content\/uploads\/2022\/09\/B6ZD550TVI-2.jpg","type":"image\/jpeg"}],"twitter_card":"summary_large_image","schema":{"@context":"https:\/\/schema.org","@graph":[{"@type":"WebPage","@id":"https:\/\/staging.nbgtele.com\/fr\/produit\/b6zd550tvi\/","url":"https:\/\/staging.nbgtele.com\/fr\/produit\/b6zd550tvi\/","name":"B6ZD550TVI cam\u00e9ra de t\u00e9l\u00e9surveillance TVI - GSD","isPartOf":{"@id":"https:\/\/staging.nbgtele.com\/fr\/#website"},"primaryImageOfPage":{"@id":"https:\/\/staging.nbgtele.com\/fr\/produit\/b6zd550tvi\/#primaryimage"},"image":{"@id":"https:\/\/staging.nbgtele.com\/fr\/produit\/b6zd550tvi\/#primaryimage"},"thumbnailUrl":"https:\/\/staging.nbgtele.com\/wp-content\/uploads\/2022\/09\/B6ZD550TVI-2.jpg","datePublished":"2022-09-13T20:36:54+00:00","dateModified":"2023-02-22T21:35:20+00:00","description":"D\u00e9couvrez la cam\u00e9ra de t\u00e9l\u00e9surveillance B6ZD550TVI de r\u00e9solution 2MP, de la marque GSD Avec une port\u00e9e de 60 m\u00e8tres, elle est compatible en int\u00e9rieur et exterieur","breadcrumb":{"@id":"https:\/\/staging.nbgtele.com\/fr\/produit\/b6zd550tvi\/#breadcrumb"},"inLanguage":"fr-FR","potentialAction":[{"@type":"ReadAction","target":["https:\/\/staging.nbgtele.com\/fr\/produit\/b6zd550tvi\/"]}]},{"@type":"ImageObject","inLanguage":"fr-FR","@id":"https:\/\/staging.nbgtele.com\/fr\/produit\/b6zd550tvi\/#primaryimage","url":"https:\/\/staging.nbgtele.com\/wp-content\/uploads\/2022\/09\/B6ZD550TVI-2.jpg","contentUrl":"https:\/\/staging.nbgtele.com\/wp-content\/uploads\/2022\/09\/B6ZD550TVI-2.jpg","width":1000,"height":1000},{"@type":"BreadcrumbList","@id":"https:\/\/staging.nbgtele.com\/fr\/produit\/b6zd550tvi\/#breadcrumb","itemListElement":[{"@type":"ListItem","position":1,"name":"Home","item":"https:\/\/staging.nbgtele.com\/fr\/"},{"@type":"ListItem","position":2,"name":"Boutique","item":"https:\/\/staging.nbgtele.com\/shop\/"},{"@type":"ListItem","position":3,"name":"TVI Bullet 2MP Camera"}]},{"@type":"WebSite","@id":"https:\/\/staging.nbgtele.com\/fr\/#website","url":"https:\/\/staging.nbgtele.com\/fr\/","name":"NBGTele.com","description":"","potentialAction":[{"@type":"SearchAction","target":{"@type":"EntryPoint","urlTemplate":"https:\/\/staging.nbgtele.com\/fr\/?s={search_term_string}"},"query-input":{"@type":"PropertyValueSpecification","valueRequired":true,"valueName":"search_term_string"}}],"inLanguage":"fr-FR"}]}},"_links":{"self":[{"href":"https:\/\/staging.nbgtele.com\/fr\/wp-json\/wp\/v2\/product\/2431","targetHints":{"allow":["GET"]}}],"collection":[{"href":"https:\/\/staging.nbgtele.com\/fr\/wp-json\/wp\/v2\/product"}],"about":[{"href":"https:\/\/staging.nbgtele.com\/fr\/wp-json\/wp\/v2\/types\/product"}],"wp:featuredmedia":[{"embeddable":true,"href":"https:\/\/staging.nbgtele.com\/fr\/wp-json\/wp\/v2\/media\/1193"}],"wp:attachment":[{"href":"https:\/\/staging.nbgtele.com\/fr\/wp-json\/wp\/v2\/media?parent=2431"}],"wp:term":[{"taxonomy":"product_brand","embeddable":true,"href":"https:\/\/staging.nbgtele.com\/fr\/wp-json\/wp\/v2\/product_brand?post=2431"},{"taxonomy":"product_cat","embeddable":true,"href":"https:\/\/staging.nbgtele.com\/fr\/wp-json\/wp\/v2\/product_cat?post=2431"},{"taxonomy":"product_tag","embeddable":true,"href":"https:\/\/staging.nbgtele.com\/fr\/wp-json\/wp\/v2\/product_tag?post=2431"},{"taxonomy":"brand","embeddable":true,"href":"https:\/\/staging.nbgtele.com\/fr\/wp-json\/wp\/v2\/brand?post=2431"},{"taxonomy":"model","embeddable":true,"href":"https:\/\/staging.nbgtele.com\/fr\/wp-json\/wp\/v2\/model?post=2431"},{"taxonomy":"profile","embeddable":true,"href":"https:\/\/staging.nbgtele.com\/fr\/wp-json\/wp\/v2\/profile?post=2431"},{"taxonomy":"resolution","embeddable":true,"href":"https:\/\/staging.nbgtele.com\/fr\/wp-json\/wp\/v2\/resolution?post=2431"},{"taxonomy":"lens","embeddable":true,"href":"https:\/\/staging.nbgtele.com\/fr\/wp-json\/wp\/v2\/lens?post=2431"},{"taxonomy":"color","embeddable":true,"href":"https:\/\/staging.nbgtele.com\/fr\/wp-json\/wp\/v2\/color?post=2431"},{"taxonomy":"ndaa_compliant","embeddable":true,"href":"https:\/\/staging.nbgtele.com\/fr\/wp-json\/wp\/v2\/ndaa_compliant?post=2431"},{"taxonomy":"dual_voltage","embeddable":true,"href":"https:\/\/staging.nbgtele.com\/fr\/wp-json\/wp\/v2\/dual_voltage?post=2431"},{"taxonomy":"ai","embeddable":true,"href":"https:\/\/staging.nbgtele.com\/fr\/wp-json\/wp\/v2\/ai?post=2431"},{"taxonomy":"lite","embeddable":true,"href":"https:\/\/staging.nbgtele.com\/fr\/wp-json\/wp\/v2\/lite?post=2431"},{"taxonomy":"infrared_perimeter","embeddable":true,"href":"https:\/\/staging.nbgtele.com\/fr\/wp-json\/wp\/v2\/infrared_perimeter?post=2431"},{"taxonomy":"fixed_dome_microphone","embeddable":true,"href":"https:\/\/staging.nbgtele.com\/fr\/wp-json\/wp\/v2\/fixed_dome_microphone?post=2431"},{"taxonomy":"analog_hd","embeddable":true,"href":"https:\/\/staging.nbgtele.com\/fr\/wp-json\/wp\/v2\/analog_hd?post=2431"},{"taxonomy":"covert_camera","embeddable":true,"href":"https:\/\/staging.nbgtele.com\/fr\/wp-json\/wp\/v2\/covert_camera?post=2431"},{"taxonomy":"internet_protocol","embeddable":true,"href":"https:\/\/staging.nbgtele.com\/fr\/wp-json\/wp\/v2\/internet_protocol?post=2431"},{"taxonomy":"channels","embeddable":true,"href":"https:\/\/staging.nbgtele.com\/fr\/wp-json\/wp\/v2\/channels?post=2431"},{"taxonomy":"ports","embeddable":true,"href":"https:\/\/staging.nbgtele.com\/fr\/wp-json\/wp\/v2\/ports?post=2431"}],"curies":[{"name":"wp","href":"https:\/\/api.w.org\/{rel}","templated":true}]}}