{"id":2435,"date":"2022-09-13T16:35:36","date_gmt":"2022-09-13T20:35:36","guid":{"rendered":"https:\/\/nbgtele.com\/product\/t3vf2812aio-5mp\/"},"modified":"2023-02-22T17:32:26","modified_gmt":"2023-02-22T21:32:26","slug":"t3vf2812aio-5mp","status":"publish","type":"product","link":"https:\/\/staging.nbgtele.com\/fr\/produit\/t3vf2812aio-5mp\/","title":{"rendered":"AIO Turret 5MP Camera"},"content":{"rendered":"","protected":false},"excerpt":{"rendered":"<p><span style=\"font-weight: 400;\">La cam\u00e9ra\u00a0T3VF2812AIO-5MP avec sa r\u00e9solution de cinq m\u00e9gapixels est \u00e9quip\u00e9e des technologies\u00a0TVI-CVI-AHD-960H et permet de filmer de jour comme de nuit gr\u00e2ce \u00e0 sa vision infrarouge d\u2019une port\u00e9e de 30\u00a0m. Elle peut se placer en int\u00e9rieur comme en ext\u00e9rieur et est compatible avec la boite de jonction\u00a0EB3BASE3.<\/span><\/p>\n","protected":false},"featured_media":1605,"template":"","meta":{"_acf_changed":false},"product_brand":[],"product_cat":[51],"product_tag":[],"brand":[195],"model":[149],"profile":[160],"resolution":[163],"lens":[167],"color":[172],"ndaa_compliant":[173],"dual_voltage":[],"ai":[],"lite":[],"infrared_perimeter":[],"fixed_dome_microphone":[],"analog_hd":[179],"covert_camera":[],"internet_protocol":[],"channels":[],"ports":[],"class_list":{"0":"post-2435","1":"product","2":"type-product","3":"status-publish","4":"has-post-thumbnail","6":"product_cat-cameras-fr","7":"brand-gsd-fr","8":"model-tvi-aio-fr","9":"profile-turret-fr","10":"resolution-5mp-fr","11":"lens-varifocal-fr","12":"color-white-fr","13":"ndaa_compliant-ndaa-compliance-fr","14":"analog_hd-analog-hd-fr","15":"entry","17":"first","18":"instock","19":"taxable","20":"shipping-taxable","21":"product-type-simple"},"acf":[],"wcpa_form_fields":null,"yoast_head":"<!-- This site is optimized with the Yoast SEO plugin v23.7 - https:\/\/yoast.com\/wordpress\/plugins\/seo\/ -->\n<title>T3VF2812AIO-5MP cam\u00e9ra de t\u00e9l\u00e9surveillance TVI - GSD<\/title>\n<meta name=\"description\" content=\"La cam\u00e9ra de t\u00e9l\u00e9surveillance T3VF2812AIO-5MP de r\u00e9solution 5MP de chez GSD a une port\u00e9e de 30 m\u00e8tres et peut \u00eatre utilis\u00e9e en int\u00e9rieur comme en exterieur\" \/>\n<meta name=\"robots\" content=\"noindex, follow, max-snippet:-1, max-image-preview:large, max-video-preview:-1\" \/>\n<meta property=\"og:locale\" content=\"fr_FR\" \/>\n<meta property=\"og:type\" content=\"article\" \/>\n<meta property=\"og:title\" content=\"T3VF2812AIO-5MP cam\u00e9ra de t\u00e9l\u00e9surveillance TVI - GSD\" \/>\n<meta property=\"og:description\" content=\"La cam\u00e9ra de t\u00e9l\u00e9surveillance T3VF2812AIO-5MP de r\u00e9solution 5MP de chez GSD a une port\u00e9e de 30 m\u00e8tres et peut \u00eatre utilis\u00e9e en int\u00e9rieur comme en exterieur\" \/>\n<meta property=\"og:url\" content=\"https:\/\/staging.nbgtele.com\/fr\/produit\/t3vf2812aio-5mp\/\" \/>\n<meta property=\"og:site_name\" content=\"NBGTele.com\" \/>\n<meta property=\"article:modified_time\" content=\"2023-02-22T21:32:26+00:00\" \/>\n<meta property=\"og:image\" content=\"https:\/\/staging.nbgtele.com\/wp-content\/uploads\/2022\/09\/T3VF2812AIO-5MP-2.jpg\" \/>\n\t<meta property=\"og:image:width\" content=\"1000\" \/>\n\t<meta property=\"og:image:height\" content=\"1000\" \/>\n\t<meta property=\"og:image:type\" content=\"image\/jpeg\" \/>\n<meta name=\"twitter:card\" content=\"summary_large_image\" \/>\n<script type=\"application\/ld+json\" class=\"yoast-schema-graph\">{\"@context\":\"https:\/\/schema.org\",\"@graph\":[{\"@type\":\"WebPage\",\"@id\":\"https:\/\/staging.nbgtele.com\/fr\/produit\/t3vf2812aio-5mp\/\",\"url\":\"https:\/\/staging.nbgtele.com\/fr\/produit\/t3vf2812aio-5mp\/\",\"name\":\"T3VF2812AIO-5MP cam\u00e9ra de t\u00e9l\u00e9surveillance TVI - GSD\",\"isPartOf\":{\"@id\":\"https:\/\/staging.nbgtele.com\/fr\/#website\"},\"primaryImageOfPage\":{\"@id\":\"https:\/\/staging.nbgtele.com\/fr\/produit\/t3vf2812aio-5mp\/#primaryimage\"},\"image\":{\"@id\":\"https:\/\/staging.nbgtele.com\/fr\/produit\/t3vf2812aio-5mp\/#primaryimage\"},\"thumbnailUrl\":\"https:\/\/staging.nbgtele.com\/wp-content\/uploads\/2022\/09\/T3VF2812AIO-5MP-2.jpg\",\"datePublished\":\"2022-09-13T20:35:36+00:00\",\"dateModified\":\"2023-02-22T21:32:26+00:00\",\"description\":\"La cam\u00e9ra de t\u00e9l\u00e9surveillance T3VF2812AIO-5MP de r\u00e9solution 5MP de chez GSD a une port\u00e9e de 30 m\u00e8tres et peut \u00eatre utilis\u00e9e en int\u00e9rieur comme en exterieur\",\"breadcrumb\":{\"@id\":\"https:\/\/staging.nbgtele.com\/fr\/produit\/t3vf2812aio-5mp\/#breadcrumb\"},\"inLanguage\":\"fr-FR\",\"potentialAction\":[{\"@type\":\"ReadAction\",\"target\":[\"https:\/\/staging.nbgtele.com\/fr\/produit\/t3vf2812aio-5mp\/\"]}]},{\"@type\":\"ImageObject\",\"inLanguage\":\"fr-FR\",\"@id\":\"https:\/\/staging.nbgtele.com\/fr\/produit\/t3vf2812aio-5mp\/#primaryimage\",\"url\":\"https:\/\/staging.nbgtele.com\/wp-content\/uploads\/2022\/09\/T3VF2812AIO-5MP-2.jpg\",\"contentUrl\":\"https:\/\/staging.nbgtele.com\/wp-content\/uploads\/2022\/09\/T3VF2812AIO-5MP-2.jpg\",\"width\":1000,\"height\":1000},{\"@type\":\"BreadcrumbList\",\"@id\":\"https:\/\/staging.nbgtele.com\/fr\/produit\/t3vf2812aio-5mp\/#breadcrumb\",\"itemListElement\":[{\"@type\":\"ListItem\",\"position\":1,\"name\":\"Home\",\"item\":\"https:\/\/staging.nbgtele.com\/fr\/\"},{\"@type\":\"ListItem\",\"position\":2,\"name\":\"Boutique\",\"item\":\"https:\/\/staging.nbgtele.com\/shop\/\"},{\"@type\":\"ListItem\",\"position\":3,\"name\":\"AIO Turret 5MP Camera\"}]},{\"@type\":\"WebSite\",\"@id\":\"https:\/\/staging.nbgtele.com\/fr\/#website\",\"url\":\"https:\/\/staging.nbgtele.com\/fr\/\",\"name\":\"NBGTele.com\",\"description\":\"\",\"potentialAction\":[{\"@type\":\"SearchAction\",\"target\":{\"@type\":\"EntryPoint\",\"urlTemplate\":\"https:\/\/staging.nbgtele.com\/fr\/?s={search_term_string}\"},\"query-input\":{\"@type\":\"PropertyValueSpecification\",\"valueRequired\":true,\"valueName\":\"search_term_string\"}}],\"inLanguage\":\"fr-FR\"}]}<\/script>\n<!-- \/ Yoast SEO plugin. -->","yoast_head_json":{"title":"T3VF2812AIO-5MP cam\u00e9ra de t\u00e9l\u00e9surveillance TVI - GSD","description":"La cam\u00e9ra de t\u00e9l\u00e9surveillance T3VF2812AIO-5MP de r\u00e9solution 5MP de chez GSD a une port\u00e9e de 30 m\u00e8tres et peut \u00eatre utilis\u00e9e en int\u00e9rieur comme en exterieur","robots":{"index":"noindex","follow":"follow","max-snippet":"max-snippet:-1","max-image-preview":"max-image-preview:large","max-video-preview":"max-video-preview:-1"},"og_locale":"fr_FR","og_type":"article","og_title":"T3VF2812AIO-5MP cam\u00e9ra de t\u00e9l\u00e9surveillance TVI - GSD","og_description":"La cam\u00e9ra de t\u00e9l\u00e9surveillance T3VF2812AIO-5MP de r\u00e9solution 5MP de chez GSD a une port\u00e9e de 30 m\u00e8tres et peut \u00eatre utilis\u00e9e en int\u00e9rieur comme en exterieur","og_url":"https:\/\/staging.nbgtele.com\/fr\/produit\/t3vf2812aio-5mp\/","og_site_name":"NBGTele.com","article_modified_time":"2023-02-22T21:32:26+00:00","og_image":[{"width":1000,"height":1000,"url":"https:\/\/staging.nbgtele.com\/wp-content\/uploads\/2022\/09\/T3VF2812AIO-5MP-2.jpg","type":"image\/jpeg"}],"twitter_card":"summary_large_image","schema":{"@context":"https:\/\/schema.org","@graph":[{"@type":"WebPage","@id":"https:\/\/staging.nbgtele.com\/fr\/produit\/t3vf2812aio-5mp\/","url":"https:\/\/staging.nbgtele.com\/fr\/produit\/t3vf2812aio-5mp\/","name":"T3VF2812AIO-5MP cam\u00e9ra de t\u00e9l\u00e9surveillance TVI - GSD","isPartOf":{"@id":"https:\/\/staging.nbgtele.com\/fr\/#website"},"primaryImageOfPage":{"@id":"https:\/\/staging.nbgtele.com\/fr\/produit\/t3vf2812aio-5mp\/#primaryimage"},"image":{"@id":"https:\/\/staging.nbgtele.com\/fr\/produit\/t3vf2812aio-5mp\/#primaryimage"},"thumbnailUrl":"https:\/\/staging.nbgtele.com\/wp-content\/uploads\/2022\/09\/T3VF2812AIO-5MP-2.jpg","datePublished":"2022-09-13T20:35:36+00:00","dateModified":"2023-02-22T21:32:26+00:00","description":"La cam\u00e9ra de t\u00e9l\u00e9surveillance T3VF2812AIO-5MP de r\u00e9solution 5MP de chez GSD a une port\u00e9e de 30 m\u00e8tres et peut \u00eatre utilis\u00e9e en int\u00e9rieur comme en exterieur","breadcrumb":{"@id":"https:\/\/staging.nbgtele.com\/fr\/produit\/t3vf2812aio-5mp\/#breadcrumb"},"inLanguage":"fr-FR","potentialAction":[{"@type":"ReadAction","target":["https:\/\/staging.nbgtele.com\/fr\/produit\/t3vf2812aio-5mp\/"]}]},{"@type":"ImageObject","inLanguage":"fr-FR","@id":"https:\/\/staging.nbgtele.com\/fr\/produit\/t3vf2812aio-5mp\/#primaryimage","url":"https:\/\/staging.nbgtele.com\/wp-content\/uploads\/2022\/09\/T3VF2812AIO-5MP-2.jpg","contentUrl":"https:\/\/staging.nbgtele.com\/wp-content\/uploads\/2022\/09\/T3VF2812AIO-5MP-2.jpg","width":1000,"height":1000},{"@type":"BreadcrumbList","@id":"https:\/\/staging.nbgtele.com\/fr\/produit\/t3vf2812aio-5mp\/#breadcrumb","itemListElement":[{"@type":"ListItem","position":1,"name":"Home","item":"https:\/\/staging.nbgtele.com\/fr\/"},{"@type":"ListItem","position":2,"name":"Boutique","item":"https:\/\/staging.nbgtele.com\/shop\/"},{"@type":"ListItem","position":3,"name":"AIO Turret 5MP Camera"}]},{"@type":"WebSite","@id":"https:\/\/staging.nbgtele.com\/fr\/#website","url":"https:\/\/staging.nbgtele.com\/fr\/","name":"NBGTele.com","description":"","potentialAction":[{"@type":"SearchAction","target":{"@type":"EntryPoint","urlTemplate":"https:\/\/staging.nbgtele.com\/fr\/?s={search_term_string}"},"query-input":{"@type":"PropertyValueSpecification","valueRequired":true,"valueName":"search_term_string"}}],"inLanguage":"fr-FR"}]}},"_links":{"self":[{"href":"https:\/\/staging.nbgtele.com\/fr\/wp-json\/wp\/v2\/product\/2435","targetHints":{"allow":["GET"]}}],"collection":[{"href":"https:\/\/staging.nbgtele.com\/fr\/wp-json\/wp\/v2\/product"}],"about":[{"href":"https:\/\/staging.nbgtele.com\/fr\/wp-json\/wp\/v2\/types\/product"}],"wp:featuredmedia":[{"embeddable":true,"href":"https:\/\/staging.nbgtele.com\/fr\/wp-json\/wp\/v2\/media\/1605"}],"wp:attachment":[{"href":"https:\/\/staging.nbgtele.com\/fr\/wp-json\/wp\/v2\/media?parent=2435"}],"wp:term":[{"taxonomy":"product_brand","embeddable":true,"href":"https:\/\/staging.nbgtele.com\/fr\/wp-json\/wp\/v2\/product_brand?post=2435"},{"taxonomy":"product_cat","embeddable":true,"href":"https:\/\/staging.nbgtele.com\/fr\/wp-json\/wp\/v2\/product_cat?post=2435"},{"taxonomy":"product_tag","embeddable":true,"href":"https:\/\/staging.nbgtele.com\/fr\/wp-json\/wp\/v2\/product_tag?post=2435"},{"taxonomy":"brand","embeddable":true,"href":"https:\/\/staging.nbgtele.com\/fr\/wp-json\/wp\/v2\/brand?post=2435"},{"taxonomy":"model","embeddable":true,"href":"https:\/\/staging.nbgtele.com\/fr\/wp-json\/wp\/v2\/model?post=2435"},{"taxonomy":"profile","embeddable":true,"href":"https:\/\/staging.nbgtele.com\/fr\/wp-json\/wp\/v2\/profile?post=2435"},{"taxonomy":"resolution","embeddable":true,"href":"https:\/\/staging.nbgtele.com\/fr\/wp-json\/wp\/v2\/resolution?post=2435"},{"taxonomy":"lens","embeddable":true,"href":"https:\/\/staging.nbgtele.com\/fr\/wp-json\/wp\/v2\/lens?post=2435"},{"taxonomy":"color","embeddable":true,"href":"https:\/\/staging.nbgtele.com\/fr\/wp-json\/wp\/v2\/color?post=2435"},{"taxonomy":"ndaa_compliant","embeddable":true,"href":"https:\/\/staging.nbgtele.com\/fr\/wp-json\/wp\/v2\/ndaa_compliant?post=2435"},{"taxonomy":"dual_voltage","embeddable":true,"href":"https:\/\/staging.nbgtele.com\/fr\/wp-json\/wp\/v2\/dual_voltage?post=2435"},{"taxonomy":"ai","embeddable":true,"href":"https:\/\/staging.nbgtele.com\/fr\/wp-json\/wp\/v2\/ai?post=2435"},{"taxonomy":"lite","embeddable":true,"href":"https:\/\/staging.nbgtele.com\/fr\/wp-json\/wp\/v2\/lite?post=2435"},{"taxonomy":"infrared_perimeter","embeddable":true,"href":"https:\/\/staging.nbgtele.com\/fr\/wp-json\/wp\/v2\/infrared_perimeter?post=2435"},{"taxonomy":"fixed_dome_microphone","embeddable":true,"href":"https:\/\/staging.nbgtele.com\/fr\/wp-json\/wp\/v2\/fixed_dome_microphone?post=2435"},{"taxonomy":"analog_hd","embeddable":true,"href":"https:\/\/staging.nbgtele.com\/fr\/wp-json\/wp\/v2\/analog_hd?post=2435"},{"taxonomy":"covert_camera","embeddable":true,"href":"https:\/\/staging.nbgtele.com\/fr\/wp-json\/wp\/v2\/covert_camera?post=2435"},{"taxonomy":"internet_protocol","embeddable":true,"href":"https:\/\/staging.nbgtele.com\/fr\/wp-json\/wp\/v2\/internet_protocol?post=2435"},{"taxonomy":"channels","embeddable":true,"href":"https:\/\/staging.nbgtele.com\/fr\/wp-json\/wp\/v2\/channels?post=2435"},{"taxonomy":"ports","embeddable":true,"href":"https:\/\/staging.nbgtele.com\/fr\/wp-json\/wp\/v2\/ports?post=2435"}],"curies":[{"name":"wp","href":"https:\/\/api.w.org\/{rel}","templated":true}]}}