{"id":2477,"date":"2022-09-13T15:51:29","date_gmt":"2022-09-13T19:51:29","guid":{"rendered":"https:\/\/nbgtele.com\/product\/eb2fdaip8mp28-l\/"},"modified":"2023-02-22T16:29:01","modified_gmt":"2023-02-22T20:29:01","slug":"eb2fdaip8mp28-l","status":"publish","type":"product","link":"https:\/\/staging.nbgtele.com\/fr\/produit\/eb2fdaip8mp28-l\/","title":{"rendered":"IP Eyeball 8MP Camera"},"content":{"rendered":"","protected":false},"excerpt":{"rendered":"<p><span style=\"font-weight: 400;\">La cam\u00e9ra\u00a0EB2FDAIP8MP28-L d\u2019une r\u00e9solution de huit\u00a0m\u00e9gapixels peut se fixer en int\u00e9rieur ou en ext\u00e9rieur. Elle propose comme option une analyse d\u2019alarme BNC. Fixez-la o\u00f9 vous le souhaitez gr\u00e2ce au support mural\u00a0WMB2.<\/span><\/p>\n","protected":false},"featured_media":1377,"template":"","meta":{"_acf_changed":false},"product_brand":[],"product_cat":[51],"product_tag":[],"brand":[195],"model":[150],"profile":[157],"resolution":[164],"lens":[],"color":[172],"ndaa_compliant":[],"dual_voltage":[],"ai":[],"lite":[176],"infrared_perimeter":[],"fixed_dome_microphone":[178],"analog_hd":[],"covert_camera":[],"internet_protocol":[181],"channels":[],"ports":[],"class_list":{"0":"post-2477","1":"product","2":"type-product","3":"status-publish","4":"has-post-thumbnail","6":"product_cat-cameras-fr","7":"brand-gsd-fr","8":"model-ip-fr","9":"profile-eyeball-fr","10":"resolution-8mp-4k-fr","11":"color-white-fr","12":"lite-lite-fr","13":"fixed_dome_microphone-fixed-dome-microphone-fr","14":"internet_protocol-internet-protocol-fr","15":"entry","17":"first","18":"instock","19":"taxable","20":"shipping-taxable","21":"product-type-simple"},"acf":[],"wcpa_form_fields":null,"yoast_head":"<!-- This site is optimized with the Yoast SEO plugin v23.7 - https:\/\/yoast.com\/wordpress\/plugins\/seo\/ -->\n<title>EB2FDAIP8MP28-L cam\u00e9ra de t\u00e9l\u00e9surveillance IP - GSD<\/title>\n<meta name=\"description\" content=\"Apprenez-en plus sur la cam\u00e9ra de t\u00e9l\u00e9surveillance EB2FDAIP8MP28-L avec une r\u00e9solution de 8MP, par la marque GSD. Elle est compatible en int\u00e9rieur et exterieur\" \/>\n<meta name=\"robots\" content=\"noindex, follow, max-snippet:-1, max-image-preview:large, max-video-preview:-1\" \/>\n<meta property=\"og:locale\" content=\"fr_FR\" \/>\n<meta property=\"og:type\" content=\"article\" \/>\n<meta property=\"og:title\" content=\"EB2FDAIP8MP28-L cam\u00e9ra de t\u00e9l\u00e9surveillance IP - GSD\" \/>\n<meta property=\"og:description\" content=\"Apprenez-en plus sur la cam\u00e9ra de t\u00e9l\u00e9surveillance EB2FDAIP8MP28-L avec une r\u00e9solution de 8MP, par la marque GSD. Elle est compatible en int\u00e9rieur et exterieur\" \/>\n<meta property=\"og:url\" content=\"https:\/\/staging.nbgtele.com\/fr\/produit\/eb2fdaip8mp28-l\/\" \/>\n<meta property=\"og:site_name\" content=\"NBGTele.com\" \/>\n<meta property=\"article:modified_time\" content=\"2023-02-22T20:29:01+00:00\" \/>\n<meta property=\"og:image\" content=\"https:\/\/staging.nbgtele.com\/wp-content\/uploads\/2022\/09\/EB2FDAIP8MP28-L-2.jpg\" \/>\n\t<meta property=\"og:image:width\" content=\"1000\" \/>\n\t<meta property=\"og:image:height\" content=\"1000\" \/>\n\t<meta property=\"og:image:type\" content=\"image\/jpeg\" \/>\n<meta name=\"twitter:card\" content=\"summary_large_image\" \/>\n<script type=\"application\/ld+json\" class=\"yoast-schema-graph\">{\"@context\":\"https:\/\/schema.org\",\"@graph\":[{\"@type\":\"WebPage\",\"@id\":\"https:\/\/staging.nbgtele.com\/fr\/produit\/eb2fdaip8mp28-l\/\",\"url\":\"https:\/\/staging.nbgtele.com\/fr\/produit\/eb2fdaip8mp28-l\/\",\"name\":\"EB2FDAIP8MP28-L cam\u00e9ra de t\u00e9l\u00e9surveillance IP - GSD\",\"isPartOf\":{\"@id\":\"https:\/\/staging.nbgtele.com\/fr\/#website\"},\"primaryImageOfPage\":{\"@id\":\"https:\/\/staging.nbgtele.com\/fr\/produit\/eb2fdaip8mp28-l\/#primaryimage\"},\"image\":{\"@id\":\"https:\/\/staging.nbgtele.com\/fr\/produit\/eb2fdaip8mp28-l\/#primaryimage\"},\"thumbnailUrl\":\"https:\/\/staging.nbgtele.com\/wp-content\/uploads\/2022\/09\/EB2FDAIP8MP28-L-2.jpg\",\"datePublished\":\"2022-09-13T19:51:29+00:00\",\"dateModified\":\"2023-02-22T20:29:01+00:00\",\"description\":\"Apprenez-en plus sur la cam\u00e9ra de t\u00e9l\u00e9surveillance EB2FDAIP8MP28-L avec une r\u00e9solution de 8MP, par la marque GSD. Elle est compatible en int\u00e9rieur et exterieur\",\"breadcrumb\":{\"@id\":\"https:\/\/staging.nbgtele.com\/fr\/produit\/eb2fdaip8mp28-l\/#breadcrumb\"},\"inLanguage\":\"fr-FR\",\"potentialAction\":[{\"@type\":\"ReadAction\",\"target\":[\"https:\/\/staging.nbgtele.com\/fr\/produit\/eb2fdaip8mp28-l\/\"]}]},{\"@type\":\"ImageObject\",\"inLanguage\":\"fr-FR\",\"@id\":\"https:\/\/staging.nbgtele.com\/fr\/produit\/eb2fdaip8mp28-l\/#primaryimage\",\"url\":\"https:\/\/staging.nbgtele.com\/wp-content\/uploads\/2022\/09\/EB2FDAIP8MP28-L-2.jpg\",\"contentUrl\":\"https:\/\/staging.nbgtele.com\/wp-content\/uploads\/2022\/09\/EB2FDAIP8MP28-L-2.jpg\",\"width\":1000,\"height\":1000},{\"@type\":\"BreadcrumbList\",\"@id\":\"https:\/\/staging.nbgtele.com\/fr\/produit\/eb2fdaip8mp28-l\/#breadcrumb\",\"itemListElement\":[{\"@type\":\"ListItem\",\"position\":1,\"name\":\"Home\",\"item\":\"https:\/\/staging.nbgtele.com\/fr\/\"},{\"@type\":\"ListItem\",\"position\":2,\"name\":\"Boutique\",\"item\":\"https:\/\/staging.nbgtele.com\/shop\/\"},{\"@type\":\"ListItem\",\"position\":3,\"name\":\"IP Eyeball 8MP Camera\"}]},{\"@type\":\"WebSite\",\"@id\":\"https:\/\/staging.nbgtele.com\/fr\/#website\",\"url\":\"https:\/\/staging.nbgtele.com\/fr\/\",\"name\":\"NBGTele.com\",\"description\":\"\",\"potentialAction\":[{\"@type\":\"SearchAction\",\"target\":{\"@type\":\"EntryPoint\",\"urlTemplate\":\"https:\/\/staging.nbgtele.com\/fr\/?s={search_term_string}\"},\"query-input\":{\"@type\":\"PropertyValueSpecification\",\"valueRequired\":true,\"valueName\":\"search_term_string\"}}],\"inLanguage\":\"fr-FR\"}]}<\/script>\n<!-- \/ Yoast SEO plugin. -->","yoast_head_json":{"title":"EB2FDAIP8MP28-L cam\u00e9ra de t\u00e9l\u00e9surveillance IP - GSD","description":"Apprenez-en plus sur la cam\u00e9ra de t\u00e9l\u00e9surveillance EB2FDAIP8MP28-L avec une r\u00e9solution de 8MP, par la marque GSD. Elle est compatible en int\u00e9rieur et exterieur","robots":{"index":"noindex","follow":"follow","max-snippet":"max-snippet:-1","max-image-preview":"max-image-preview:large","max-video-preview":"max-video-preview:-1"},"og_locale":"fr_FR","og_type":"article","og_title":"EB2FDAIP8MP28-L cam\u00e9ra de t\u00e9l\u00e9surveillance IP - GSD","og_description":"Apprenez-en plus sur la cam\u00e9ra de t\u00e9l\u00e9surveillance EB2FDAIP8MP28-L avec une r\u00e9solution de 8MP, par la marque GSD. Elle est compatible en int\u00e9rieur et exterieur","og_url":"https:\/\/staging.nbgtele.com\/fr\/produit\/eb2fdaip8mp28-l\/","og_site_name":"NBGTele.com","article_modified_time":"2023-02-22T20:29:01+00:00","og_image":[{"width":1000,"height":1000,"url":"https:\/\/staging.nbgtele.com\/wp-content\/uploads\/2022\/09\/EB2FDAIP8MP28-L-2.jpg","type":"image\/jpeg"}],"twitter_card":"summary_large_image","schema":{"@context":"https:\/\/schema.org","@graph":[{"@type":"WebPage","@id":"https:\/\/staging.nbgtele.com\/fr\/produit\/eb2fdaip8mp28-l\/","url":"https:\/\/staging.nbgtele.com\/fr\/produit\/eb2fdaip8mp28-l\/","name":"EB2FDAIP8MP28-L cam\u00e9ra de t\u00e9l\u00e9surveillance IP - GSD","isPartOf":{"@id":"https:\/\/staging.nbgtele.com\/fr\/#website"},"primaryImageOfPage":{"@id":"https:\/\/staging.nbgtele.com\/fr\/produit\/eb2fdaip8mp28-l\/#primaryimage"},"image":{"@id":"https:\/\/staging.nbgtele.com\/fr\/produit\/eb2fdaip8mp28-l\/#primaryimage"},"thumbnailUrl":"https:\/\/staging.nbgtele.com\/wp-content\/uploads\/2022\/09\/EB2FDAIP8MP28-L-2.jpg","datePublished":"2022-09-13T19:51:29+00:00","dateModified":"2023-02-22T20:29:01+00:00","description":"Apprenez-en plus sur la cam\u00e9ra de t\u00e9l\u00e9surveillance EB2FDAIP8MP28-L avec une r\u00e9solution de 8MP, par la marque GSD. Elle est compatible en int\u00e9rieur et exterieur","breadcrumb":{"@id":"https:\/\/staging.nbgtele.com\/fr\/produit\/eb2fdaip8mp28-l\/#breadcrumb"},"inLanguage":"fr-FR","potentialAction":[{"@type":"ReadAction","target":["https:\/\/staging.nbgtele.com\/fr\/produit\/eb2fdaip8mp28-l\/"]}]},{"@type":"ImageObject","inLanguage":"fr-FR","@id":"https:\/\/staging.nbgtele.com\/fr\/produit\/eb2fdaip8mp28-l\/#primaryimage","url":"https:\/\/staging.nbgtele.com\/wp-content\/uploads\/2022\/09\/EB2FDAIP8MP28-L-2.jpg","contentUrl":"https:\/\/staging.nbgtele.com\/wp-content\/uploads\/2022\/09\/EB2FDAIP8MP28-L-2.jpg","width":1000,"height":1000},{"@type":"BreadcrumbList","@id":"https:\/\/staging.nbgtele.com\/fr\/produit\/eb2fdaip8mp28-l\/#breadcrumb","itemListElement":[{"@type":"ListItem","position":1,"name":"Home","item":"https:\/\/staging.nbgtele.com\/fr\/"},{"@type":"ListItem","position":2,"name":"Boutique","item":"https:\/\/staging.nbgtele.com\/shop\/"},{"@type":"ListItem","position":3,"name":"IP Eyeball 8MP Camera"}]},{"@type":"WebSite","@id":"https:\/\/staging.nbgtele.com\/fr\/#website","url":"https:\/\/staging.nbgtele.com\/fr\/","name":"NBGTele.com","description":"","potentialAction":[{"@type":"SearchAction","target":{"@type":"EntryPoint","urlTemplate":"https:\/\/staging.nbgtele.com\/fr\/?s={search_term_string}"},"query-input":{"@type":"PropertyValueSpecification","valueRequired":true,"valueName":"search_term_string"}}],"inLanguage":"fr-FR"}]}},"_links":{"self":[{"href":"https:\/\/staging.nbgtele.com\/fr\/wp-json\/wp\/v2\/product\/2477","targetHints":{"allow":["GET"]}}],"collection":[{"href":"https:\/\/staging.nbgtele.com\/fr\/wp-json\/wp\/v2\/product"}],"about":[{"href":"https:\/\/staging.nbgtele.com\/fr\/wp-json\/wp\/v2\/types\/product"}],"wp:featuredmedia":[{"embeddable":true,"href":"https:\/\/staging.nbgtele.com\/fr\/wp-json\/wp\/v2\/media\/1377"}],"wp:attachment":[{"href":"https:\/\/staging.nbgtele.com\/fr\/wp-json\/wp\/v2\/media?parent=2477"}],"wp:term":[{"taxonomy":"product_brand","embeddable":true,"href":"https:\/\/staging.nbgtele.com\/fr\/wp-json\/wp\/v2\/product_brand?post=2477"},{"taxonomy":"product_cat","embeddable":true,"href":"https:\/\/staging.nbgtele.com\/fr\/wp-json\/wp\/v2\/product_cat?post=2477"},{"taxonomy":"product_tag","embeddable":true,"href":"https:\/\/staging.nbgtele.com\/fr\/wp-json\/wp\/v2\/product_tag?post=2477"},{"taxonomy":"brand","embeddable":true,"href":"https:\/\/staging.nbgtele.com\/fr\/wp-json\/wp\/v2\/brand?post=2477"},{"taxonomy":"model","embeddable":true,"href":"https:\/\/staging.nbgtele.com\/fr\/wp-json\/wp\/v2\/model?post=2477"},{"taxonomy":"profile","embeddable":true,"href":"https:\/\/staging.nbgtele.com\/fr\/wp-json\/wp\/v2\/profile?post=2477"},{"taxonomy":"resolution","embeddable":true,"href":"https:\/\/staging.nbgtele.com\/fr\/wp-json\/wp\/v2\/resolution?post=2477"},{"taxonomy":"lens","embeddable":true,"href":"https:\/\/staging.nbgtele.com\/fr\/wp-json\/wp\/v2\/lens?post=2477"},{"taxonomy":"color","embeddable":true,"href":"https:\/\/staging.nbgtele.com\/fr\/wp-json\/wp\/v2\/color?post=2477"},{"taxonomy":"ndaa_compliant","embeddable":true,"href":"https:\/\/staging.nbgtele.com\/fr\/wp-json\/wp\/v2\/ndaa_compliant?post=2477"},{"taxonomy":"dual_voltage","embeddable":true,"href":"https:\/\/staging.nbgtele.com\/fr\/wp-json\/wp\/v2\/dual_voltage?post=2477"},{"taxonomy":"ai","embeddable":true,"href":"https:\/\/staging.nbgtele.com\/fr\/wp-json\/wp\/v2\/ai?post=2477"},{"taxonomy":"lite","embeddable":true,"href":"https:\/\/staging.nbgtele.com\/fr\/wp-json\/wp\/v2\/lite?post=2477"},{"taxonomy":"infrared_perimeter","embeddable":true,"href":"https:\/\/staging.nbgtele.com\/fr\/wp-json\/wp\/v2\/infrared_perimeter?post=2477"},{"taxonomy":"fixed_dome_microphone","embeddable":true,"href":"https:\/\/staging.nbgtele.com\/fr\/wp-json\/wp\/v2\/fixed_dome_microphone?post=2477"},{"taxonomy":"analog_hd","embeddable":true,"href":"https:\/\/staging.nbgtele.com\/fr\/wp-json\/wp\/v2\/analog_hd?post=2477"},{"taxonomy":"covert_camera","embeddable":true,"href":"https:\/\/staging.nbgtele.com\/fr\/wp-json\/wp\/v2\/covert_camera?post=2477"},{"taxonomy":"internet_protocol","embeddable":true,"href":"https:\/\/staging.nbgtele.com\/fr\/wp-json\/wp\/v2\/internet_protocol?post=2477"},{"taxonomy":"channels","embeddable":true,"href":"https:\/\/staging.nbgtele.com\/fr\/wp-json\/wp\/v2\/channels?post=2477"},{"taxonomy":"ports","embeddable":true,"href":"https:\/\/staging.nbgtele.com\/fr\/wp-json\/wp\/v2\/ports?post=2477"}],"curies":[{"name":"wp","href":"https:\/\/api.w.org\/{rel}","templated":true}]}}