{"id":2610,"date":"2022-09-07T09:50:21","date_gmt":"2022-09-07T13:50:21","guid":{"rendered":"https:\/\/nbgtele.com\/product\/gsd-dvrfnc5mp-16-n\/"},"modified":"2023-03-23T13:30:43","modified_gmt":"2023-03-23T17:30:43","slug":"gsd-dvrfnc5mp-16-n","status":"publish","type":"product","link":"https:\/\/staging.nbgtele.com\/fr\/produit\/gsd-dvrfnc5mp-16-n\/","title":{"rendered":"16 Channels DVR Recorder 5MP"},"content":{"rendered":"","protected":false},"excerpt":{"rendered":"<p><span style=\"font-weight: 400;\">L\u2019enregistreur num\u00e9rique 16 Channels DVR Recorder 5MP est le point central de votre syst\u00e8me de vid\u00e9osurveillance et permet d\u2019enregistrer et stocker vos vid\u00e9os aux formats 1080p et 4K. L\u2019appareil est \u00e9quip\u00e9 de 16 canaux. <\/span><\/p>\n","protected":false},"featured_media":879,"template":"","meta":{"_acf_changed":false},"product_brand":[],"product_cat":[75],"product_tag":[],"brand":[195],"model":[184],"profile":[],"resolution":[163],"lens":[],"color":[],"ndaa_compliant":[],"dual_voltage":[],"ai":[],"lite":[],"infrared_perimeter":[],"fixed_dome_microphone":[],"analog_hd":[],"covert_camera":[],"internet_protocol":[],"channels":[204],"ports":[],"class_list":{"0":"post-2610","1":"product","2":"type-product","3":"status-publish","4":"has-post-thumbnail","6":"product_cat-recorder-fr","7":"brand-gsd-fr","8":"model-dvr-fr","9":"resolution-5mp-fr","10":"channels-16-fr","11":"entry","13":"first","14":"instock","15":"taxable","16":"shipping-taxable","17":"product-type-simple"},"acf":[],"wcpa_form_fields":null,"yoast_head":"<!-- This site is optimized with the Yoast SEO plugin v23.7 - https:\/\/yoast.com\/wordpress\/plugins\/seo\/ -->\n<title>GSD - Enregistreur vid\u00e9o 16 Channels DVR Recorder 5MP<\/title>\n<meta name=\"description\" content=\"L&#039;enregistreur num\u00e9rique 16 Channels DVR Recorder 5MP enregistre et conserve les informations de vos appareils de t\u00e9l\u00e9surveillance avec ses 16 canaux.\" \/>\n<meta name=\"robots\" content=\"noindex, follow, max-snippet:-1, max-image-preview:large, max-video-preview:-1\" \/>\n<meta property=\"og:locale\" content=\"fr_FR\" \/>\n<meta property=\"og:type\" content=\"article\" \/>\n<meta property=\"og:title\" content=\"GSD - Enregistreur vid\u00e9o 16 Channels DVR Recorder 5MP\" \/>\n<meta property=\"og:description\" content=\"L&#039;enregistreur num\u00e9rique 16 Channels DVR Recorder 5MP enregistre et conserve les informations de vos appareils de t\u00e9l\u00e9surveillance avec ses 16 canaux.\" \/>\n<meta property=\"og:url\" content=\"https:\/\/staging.nbgtele.com\/fr\/produit\/gsd-dvrfnc5mp-16-n\/\" \/>\n<meta property=\"og:site_name\" content=\"NBGTele.com\" \/>\n<meta property=\"article:modified_time\" content=\"2023-03-23T17:30:43+00:00\" \/>\n<meta property=\"og:image\" content=\"https:\/\/staging.nbgtele.com\/wp-content\/uploads\/2022\/09\/gsd-dvrfnc5mp-16-n-1.jpeg\" \/>\n\t<meta property=\"og:image:width\" content=\"1000\" \/>\n\t<meta property=\"og:image:height\" content=\"1000\" \/>\n\t<meta property=\"og:image:type\" content=\"image\/jpeg\" \/>\n<meta name=\"twitter:card\" content=\"summary_large_image\" \/>\n<script type=\"application\/ld+json\" class=\"yoast-schema-graph\">{\"@context\":\"https:\/\/schema.org\",\"@graph\":[{\"@type\":\"WebPage\",\"@id\":\"https:\/\/staging.nbgtele.com\/fr\/produit\/gsd-dvrfnc5mp-16-n\/\",\"url\":\"https:\/\/staging.nbgtele.com\/fr\/produit\/gsd-dvrfnc5mp-16-n\/\",\"name\":\"GSD - Enregistreur vid\u00e9o 16 Channels DVR Recorder 5MP\",\"isPartOf\":{\"@id\":\"https:\/\/staging.nbgtele.com\/fr\/#website\"},\"primaryImageOfPage\":{\"@id\":\"https:\/\/staging.nbgtele.com\/fr\/produit\/gsd-dvrfnc5mp-16-n\/#primaryimage\"},\"image\":{\"@id\":\"https:\/\/staging.nbgtele.com\/fr\/produit\/gsd-dvrfnc5mp-16-n\/#primaryimage\"},\"thumbnailUrl\":\"https:\/\/staging.nbgtele.com\/wp-content\/uploads\/2022\/09\/gsd-dvrfnc5mp-16-n-1.jpeg\",\"datePublished\":\"2022-09-07T13:50:21+00:00\",\"dateModified\":\"2023-03-23T17:30:43+00:00\",\"description\":\"L'enregistreur num\u00e9rique 16 Channels DVR Recorder 5MP enregistre et conserve les informations de vos appareils de t\u00e9l\u00e9surveillance avec ses 16 canaux.\",\"breadcrumb\":{\"@id\":\"https:\/\/staging.nbgtele.com\/fr\/produit\/gsd-dvrfnc5mp-16-n\/#breadcrumb\"},\"inLanguage\":\"fr-FR\",\"potentialAction\":[{\"@type\":\"ReadAction\",\"target\":[\"https:\/\/staging.nbgtele.com\/fr\/produit\/gsd-dvrfnc5mp-16-n\/\"]}]},{\"@type\":\"ImageObject\",\"inLanguage\":\"fr-FR\",\"@id\":\"https:\/\/staging.nbgtele.com\/fr\/produit\/gsd-dvrfnc5mp-16-n\/#primaryimage\",\"url\":\"https:\/\/staging.nbgtele.com\/wp-content\/uploads\/2022\/09\/gsd-dvrfnc5mp-16-n-1.jpeg\",\"contentUrl\":\"https:\/\/staging.nbgtele.com\/wp-content\/uploads\/2022\/09\/gsd-dvrfnc5mp-16-n-1.jpeg\",\"width\":1000,\"height\":1000},{\"@type\":\"BreadcrumbList\",\"@id\":\"https:\/\/staging.nbgtele.com\/fr\/produit\/gsd-dvrfnc5mp-16-n\/#breadcrumb\",\"itemListElement\":[{\"@type\":\"ListItem\",\"position\":1,\"name\":\"Home\",\"item\":\"https:\/\/staging.nbgtele.com\/fr\/\"},{\"@type\":\"ListItem\",\"position\":2,\"name\":\"Boutique\",\"item\":\"https:\/\/staging.nbgtele.com\/shop\/\"},{\"@type\":\"ListItem\",\"position\":3,\"name\":\"16 Channels DVR Recorder 5MP\"}]},{\"@type\":\"WebSite\",\"@id\":\"https:\/\/staging.nbgtele.com\/fr\/#website\",\"url\":\"https:\/\/staging.nbgtele.com\/fr\/\",\"name\":\"NBGTele.com\",\"description\":\"\",\"potentialAction\":[{\"@type\":\"SearchAction\",\"target\":{\"@type\":\"EntryPoint\",\"urlTemplate\":\"https:\/\/staging.nbgtele.com\/fr\/?s={search_term_string}\"},\"query-input\":{\"@type\":\"PropertyValueSpecification\",\"valueRequired\":true,\"valueName\":\"search_term_string\"}}],\"inLanguage\":\"fr-FR\"}]}<\/script>\n<!-- \/ Yoast SEO plugin. -->","yoast_head_json":{"title":"GSD - Enregistreur vid\u00e9o 16 Channels DVR Recorder 5MP","description":"L'enregistreur num\u00e9rique 16 Channels DVR Recorder 5MP enregistre et conserve les informations de vos appareils de t\u00e9l\u00e9surveillance avec ses 16 canaux.","robots":{"index":"noindex","follow":"follow","max-snippet":"max-snippet:-1","max-image-preview":"max-image-preview:large","max-video-preview":"max-video-preview:-1"},"og_locale":"fr_FR","og_type":"article","og_title":"GSD - Enregistreur vid\u00e9o 16 Channels DVR Recorder 5MP","og_description":"L'enregistreur num\u00e9rique 16 Channels DVR Recorder 5MP enregistre et conserve les informations de vos appareils de t\u00e9l\u00e9surveillance avec ses 16 canaux.","og_url":"https:\/\/staging.nbgtele.com\/fr\/produit\/gsd-dvrfnc5mp-16-n\/","og_site_name":"NBGTele.com","article_modified_time":"2023-03-23T17:30:43+00:00","og_image":[{"width":1000,"height":1000,"url":"https:\/\/staging.nbgtele.com\/wp-content\/uploads\/2022\/09\/gsd-dvrfnc5mp-16-n-1.jpeg","type":"image\/jpeg"}],"twitter_card":"summary_large_image","schema":{"@context":"https:\/\/schema.org","@graph":[{"@type":"WebPage","@id":"https:\/\/staging.nbgtele.com\/fr\/produit\/gsd-dvrfnc5mp-16-n\/","url":"https:\/\/staging.nbgtele.com\/fr\/produit\/gsd-dvrfnc5mp-16-n\/","name":"GSD - Enregistreur vid\u00e9o 16 Channels DVR Recorder 5MP","isPartOf":{"@id":"https:\/\/staging.nbgtele.com\/fr\/#website"},"primaryImageOfPage":{"@id":"https:\/\/staging.nbgtele.com\/fr\/produit\/gsd-dvrfnc5mp-16-n\/#primaryimage"},"image":{"@id":"https:\/\/staging.nbgtele.com\/fr\/produit\/gsd-dvrfnc5mp-16-n\/#primaryimage"},"thumbnailUrl":"https:\/\/staging.nbgtele.com\/wp-content\/uploads\/2022\/09\/gsd-dvrfnc5mp-16-n-1.jpeg","datePublished":"2022-09-07T13:50:21+00:00","dateModified":"2023-03-23T17:30:43+00:00","description":"L'enregistreur num\u00e9rique 16 Channels DVR Recorder 5MP enregistre et conserve les informations de vos appareils de t\u00e9l\u00e9surveillance avec ses 16 canaux.","breadcrumb":{"@id":"https:\/\/staging.nbgtele.com\/fr\/produit\/gsd-dvrfnc5mp-16-n\/#breadcrumb"},"inLanguage":"fr-FR","potentialAction":[{"@type":"ReadAction","target":["https:\/\/staging.nbgtele.com\/fr\/produit\/gsd-dvrfnc5mp-16-n\/"]}]},{"@type":"ImageObject","inLanguage":"fr-FR","@id":"https:\/\/staging.nbgtele.com\/fr\/produit\/gsd-dvrfnc5mp-16-n\/#primaryimage","url":"https:\/\/staging.nbgtele.com\/wp-content\/uploads\/2022\/09\/gsd-dvrfnc5mp-16-n-1.jpeg","contentUrl":"https:\/\/staging.nbgtele.com\/wp-content\/uploads\/2022\/09\/gsd-dvrfnc5mp-16-n-1.jpeg","width":1000,"height":1000},{"@type":"BreadcrumbList","@id":"https:\/\/staging.nbgtele.com\/fr\/produit\/gsd-dvrfnc5mp-16-n\/#breadcrumb","itemListElement":[{"@type":"ListItem","position":1,"name":"Home","item":"https:\/\/staging.nbgtele.com\/fr\/"},{"@type":"ListItem","position":2,"name":"Boutique","item":"https:\/\/staging.nbgtele.com\/shop\/"},{"@type":"ListItem","position":3,"name":"16 Channels DVR Recorder 5MP"}]},{"@type":"WebSite","@id":"https:\/\/staging.nbgtele.com\/fr\/#website","url":"https:\/\/staging.nbgtele.com\/fr\/","name":"NBGTele.com","description":"","potentialAction":[{"@type":"SearchAction","target":{"@type":"EntryPoint","urlTemplate":"https:\/\/staging.nbgtele.com\/fr\/?s={search_term_string}"},"query-input":{"@type":"PropertyValueSpecification","valueRequired":true,"valueName":"search_term_string"}}],"inLanguage":"fr-FR"}]}},"_links":{"self":[{"href":"https:\/\/staging.nbgtele.com\/fr\/wp-json\/wp\/v2\/product\/2610","targetHints":{"allow":["GET"]}}],"collection":[{"href":"https:\/\/staging.nbgtele.com\/fr\/wp-json\/wp\/v2\/product"}],"about":[{"href":"https:\/\/staging.nbgtele.com\/fr\/wp-json\/wp\/v2\/types\/product"}],"wp:featuredmedia":[{"embeddable":true,"href":"https:\/\/staging.nbgtele.com\/fr\/wp-json\/wp\/v2\/media\/879"}],"wp:attachment":[{"href":"https:\/\/staging.nbgtele.com\/fr\/wp-json\/wp\/v2\/media?parent=2610"}],"wp:term":[{"taxonomy":"product_brand","embeddable":true,"href":"https:\/\/staging.nbgtele.com\/fr\/wp-json\/wp\/v2\/product_brand?post=2610"},{"taxonomy":"product_cat","embeddable":true,"href":"https:\/\/staging.nbgtele.com\/fr\/wp-json\/wp\/v2\/product_cat?post=2610"},{"taxonomy":"product_tag","embeddable":true,"href":"https:\/\/staging.nbgtele.com\/fr\/wp-json\/wp\/v2\/product_tag?post=2610"},{"taxonomy":"brand","embeddable":true,"href":"https:\/\/staging.nbgtele.com\/fr\/wp-json\/wp\/v2\/brand?post=2610"},{"taxonomy":"model","embeddable":true,"href":"https:\/\/staging.nbgtele.com\/fr\/wp-json\/wp\/v2\/model?post=2610"},{"taxonomy":"profile","embeddable":true,"href":"https:\/\/staging.nbgtele.com\/fr\/wp-json\/wp\/v2\/profile?post=2610"},{"taxonomy":"resolution","embeddable":true,"href":"https:\/\/staging.nbgtele.com\/fr\/wp-json\/wp\/v2\/resolution?post=2610"},{"taxonomy":"lens","embeddable":true,"href":"https:\/\/staging.nbgtele.com\/fr\/wp-json\/wp\/v2\/lens?post=2610"},{"taxonomy":"color","embeddable":true,"href":"https:\/\/staging.nbgtele.com\/fr\/wp-json\/wp\/v2\/color?post=2610"},{"taxonomy":"ndaa_compliant","embeddable":true,"href":"https:\/\/staging.nbgtele.com\/fr\/wp-json\/wp\/v2\/ndaa_compliant?post=2610"},{"taxonomy":"dual_voltage","embeddable":true,"href":"https:\/\/staging.nbgtele.com\/fr\/wp-json\/wp\/v2\/dual_voltage?post=2610"},{"taxonomy":"ai","embeddable":true,"href":"https:\/\/staging.nbgtele.com\/fr\/wp-json\/wp\/v2\/ai?post=2610"},{"taxonomy":"lite","embeddable":true,"href":"https:\/\/staging.nbgtele.com\/fr\/wp-json\/wp\/v2\/lite?post=2610"},{"taxonomy":"infrared_perimeter","embeddable":true,"href":"https:\/\/staging.nbgtele.com\/fr\/wp-json\/wp\/v2\/infrared_perimeter?post=2610"},{"taxonomy":"fixed_dome_microphone","embeddable":true,"href":"https:\/\/staging.nbgtele.com\/fr\/wp-json\/wp\/v2\/fixed_dome_microphone?post=2610"},{"taxonomy":"analog_hd","embeddable":true,"href":"https:\/\/staging.nbgtele.com\/fr\/wp-json\/wp\/v2\/analog_hd?post=2610"},{"taxonomy":"covert_camera","embeddable":true,"href":"https:\/\/staging.nbgtele.com\/fr\/wp-json\/wp\/v2\/covert_camera?post=2610"},{"taxonomy":"internet_protocol","embeddable":true,"href":"https:\/\/staging.nbgtele.com\/fr\/wp-json\/wp\/v2\/internet_protocol?post=2610"},{"taxonomy":"channels","embeddable":true,"href":"https:\/\/staging.nbgtele.com\/fr\/wp-json\/wp\/v2\/channels?post=2610"},{"taxonomy":"ports","embeddable":true,"href":"https:\/\/staging.nbgtele.com\/fr\/wp-json\/wp\/v2\/ports?post=2610"}],"curies":[{"name":"wp","href":"https:\/\/api.w.org\/{rel}","templated":true}]}}