{"id":2612,"date":"2022-09-07T09:49:32","date_gmt":"2022-09-07T13:49:32","guid":{"rendered":"https:\/\/nbgtele.com\/product\/gsd-dvrfnc4k-08-n\/"},"modified":"2023-03-23T13:22:49","modified_gmt":"2023-03-23T17:22:49","slug":"gsd-dvrfnc4k-08-n","status":"publish","type":"product","link":"https:\/\/staging.nbgtele.com\/fr\/produit\/gsd-dvrfnc4k-08-n\/","title":{"rendered":"8 Channels DVR Recorder 8MP\/4K"},"content":{"rendered":"","protected":false},"excerpt":{"rendered":"<p><span style=\"font-weight: 400;\">L\u2019enregistreur num\u00e9rique 8 Channels DVR Recorder 8MP\/4K est le point central de votre syst\u00e8me de vid\u00e9osurveillance et permet d\u2019enregistrer et stocker vos vid\u00e9os aux formats 1080p et 4K. L\u2019appareil est \u00e9quip\u00e9 de 8 canaux.<\/span><\/p>\n","protected":false},"featured_media":881,"template":"","meta":{"_acf_changed":false},"product_brand":[],"product_cat":[75],"product_tag":[],"brand":[195],"model":[184],"profile":[],"resolution":[164],"lens":[],"color":[],"ndaa_compliant":[],"dual_voltage":[],"ai":[],"lite":[],"infrared_perimeter":[],"fixed_dome_microphone":[],"analog_hd":[],"covert_camera":[],"internet_protocol":[],"channels":[203],"ports":[],"class_list":{"0":"post-2612","1":"product","2":"type-product","3":"status-publish","4":"has-post-thumbnail","6":"product_cat-recorder-fr","7":"brand-gsd-fr","8":"model-dvr-fr","9":"resolution-8mp-4k-fr","10":"channels-8-fr","11":"entry","13":"first","14":"instock","15":"taxable","16":"shipping-taxable","17":"product-type-simple"},"acf":[],"wcpa_form_fields":null,"yoast_head":"<!-- This site is optimized with the Yoast SEO plugin v23.7 - https:\/\/yoast.com\/wordpress\/plugins\/seo\/ -->\n<title>GSD - Enregistreur vid\u00e9o 8 Channels DVR Recorder 8MP\/4K<\/title>\n<meta name=\"description\" content=\"D\u00e9couvrez l\u2019enregistreur num\u00e9rique DVR \u00e0 8 canaux d\u2019une r\u00e9solution de 8 m\u00e9gapixels. Il poss\u00e8de un emplacement HDD et fonctionne avec l&#039;application SmartGardian.\" \/>\n<meta name=\"robots\" content=\"noindex, follow, max-snippet:-1, max-image-preview:large, max-video-preview:-1\" \/>\n<meta property=\"og:locale\" content=\"fr_FR\" \/>\n<meta property=\"og:type\" content=\"article\" \/>\n<meta property=\"og:title\" content=\"GSD - Enregistreur vid\u00e9o 8 Channels DVR Recorder 8MP\/4K\" \/>\n<meta property=\"og:description\" content=\"D\u00e9couvrez l\u2019enregistreur num\u00e9rique DVR \u00e0 8 canaux d\u2019une r\u00e9solution de 8 m\u00e9gapixels. Il poss\u00e8de un emplacement HDD et fonctionne avec l&#039;application SmartGardian.\" \/>\n<meta property=\"og:url\" content=\"https:\/\/staging.nbgtele.com\/fr\/produit\/gsd-dvrfnc4k-08-n\/\" \/>\n<meta property=\"og:site_name\" content=\"NBGTele.com\" \/>\n<meta property=\"article:modified_time\" content=\"2023-03-23T17:22:49+00:00\" \/>\n<meta property=\"og:image\" content=\"https:\/\/staging.nbgtele.com\/wp-content\/uploads\/2022\/09\/gsd-dvrfnc4k-08-n-1.jpeg\" \/>\n\t<meta property=\"og:image:width\" content=\"1000\" \/>\n\t<meta property=\"og:image:height\" content=\"1000\" \/>\n\t<meta property=\"og:image:type\" content=\"image\/jpeg\" \/>\n<meta name=\"twitter:card\" content=\"summary_large_image\" \/>\n<script type=\"application\/ld+json\" class=\"yoast-schema-graph\">{\"@context\":\"https:\/\/schema.org\",\"@graph\":[{\"@type\":\"WebPage\",\"@id\":\"https:\/\/staging.nbgtele.com\/fr\/produit\/gsd-dvrfnc4k-08-n\/\",\"url\":\"https:\/\/staging.nbgtele.com\/fr\/produit\/gsd-dvrfnc4k-08-n\/\",\"name\":\"GSD - Enregistreur vid\u00e9o 8 Channels DVR Recorder 8MP\/4K\",\"isPartOf\":{\"@id\":\"https:\/\/staging.nbgtele.com\/fr\/#website\"},\"primaryImageOfPage\":{\"@id\":\"https:\/\/staging.nbgtele.com\/fr\/produit\/gsd-dvrfnc4k-08-n\/#primaryimage\"},\"image\":{\"@id\":\"https:\/\/staging.nbgtele.com\/fr\/produit\/gsd-dvrfnc4k-08-n\/#primaryimage\"},\"thumbnailUrl\":\"https:\/\/staging.nbgtele.com\/wp-content\/uploads\/2022\/09\/gsd-dvrfnc4k-08-n-1.jpeg\",\"datePublished\":\"2022-09-07T13:49:32+00:00\",\"dateModified\":\"2023-03-23T17:22:49+00:00\",\"description\":\"D\u00e9couvrez l\u2019enregistreur num\u00e9rique DVR \u00e0 8 canaux d\u2019une r\u00e9solution de 8 m\u00e9gapixels. Il poss\u00e8de un emplacement HDD et fonctionne avec l'application SmartGardian.\",\"breadcrumb\":{\"@id\":\"https:\/\/staging.nbgtele.com\/fr\/produit\/gsd-dvrfnc4k-08-n\/#breadcrumb\"},\"inLanguage\":\"fr-FR\",\"potentialAction\":[{\"@type\":\"ReadAction\",\"target\":[\"https:\/\/staging.nbgtele.com\/fr\/produit\/gsd-dvrfnc4k-08-n\/\"]}]},{\"@type\":\"ImageObject\",\"inLanguage\":\"fr-FR\",\"@id\":\"https:\/\/staging.nbgtele.com\/fr\/produit\/gsd-dvrfnc4k-08-n\/#primaryimage\",\"url\":\"https:\/\/staging.nbgtele.com\/wp-content\/uploads\/2022\/09\/gsd-dvrfnc4k-08-n-1.jpeg\",\"contentUrl\":\"https:\/\/staging.nbgtele.com\/wp-content\/uploads\/2022\/09\/gsd-dvrfnc4k-08-n-1.jpeg\",\"width\":1000,\"height\":1000},{\"@type\":\"BreadcrumbList\",\"@id\":\"https:\/\/staging.nbgtele.com\/fr\/produit\/gsd-dvrfnc4k-08-n\/#breadcrumb\",\"itemListElement\":[{\"@type\":\"ListItem\",\"position\":1,\"name\":\"Home\",\"item\":\"https:\/\/staging.nbgtele.com\/fr\/\"},{\"@type\":\"ListItem\",\"position\":2,\"name\":\"Boutique\",\"item\":\"https:\/\/staging.nbgtele.com\/shop\/\"},{\"@type\":\"ListItem\",\"position\":3,\"name\":\"8 Channels DVR Recorder 8MP\/4K\"}]},{\"@type\":\"WebSite\",\"@id\":\"https:\/\/staging.nbgtele.com\/fr\/#website\",\"url\":\"https:\/\/staging.nbgtele.com\/fr\/\",\"name\":\"NBGTele.com\",\"description\":\"\",\"potentialAction\":[{\"@type\":\"SearchAction\",\"target\":{\"@type\":\"EntryPoint\",\"urlTemplate\":\"https:\/\/staging.nbgtele.com\/fr\/?s={search_term_string}\"},\"query-input\":{\"@type\":\"PropertyValueSpecification\",\"valueRequired\":true,\"valueName\":\"search_term_string\"}}],\"inLanguage\":\"fr-FR\"}]}<\/script>\n<!-- \/ Yoast SEO plugin. -->","yoast_head_json":{"title":"GSD - Enregistreur vid\u00e9o 8 Channels DVR Recorder 8MP\/4K","description":"D\u00e9couvrez l\u2019enregistreur num\u00e9rique DVR \u00e0 8 canaux d\u2019une r\u00e9solution de 8 m\u00e9gapixels. Il poss\u00e8de un emplacement HDD et fonctionne avec l'application SmartGardian.","robots":{"index":"noindex","follow":"follow","max-snippet":"max-snippet:-1","max-image-preview":"max-image-preview:large","max-video-preview":"max-video-preview:-1"},"og_locale":"fr_FR","og_type":"article","og_title":"GSD - Enregistreur vid\u00e9o 8 Channels DVR Recorder 8MP\/4K","og_description":"D\u00e9couvrez l\u2019enregistreur num\u00e9rique DVR \u00e0 8 canaux d\u2019une r\u00e9solution de 8 m\u00e9gapixels. Il poss\u00e8de un emplacement HDD et fonctionne avec l'application SmartGardian.","og_url":"https:\/\/staging.nbgtele.com\/fr\/produit\/gsd-dvrfnc4k-08-n\/","og_site_name":"NBGTele.com","article_modified_time":"2023-03-23T17:22:49+00:00","og_image":[{"width":1000,"height":1000,"url":"https:\/\/staging.nbgtele.com\/wp-content\/uploads\/2022\/09\/gsd-dvrfnc4k-08-n-1.jpeg","type":"image\/jpeg"}],"twitter_card":"summary_large_image","schema":{"@context":"https:\/\/schema.org","@graph":[{"@type":"WebPage","@id":"https:\/\/staging.nbgtele.com\/fr\/produit\/gsd-dvrfnc4k-08-n\/","url":"https:\/\/staging.nbgtele.com\/fr\/produit\/gsd-dvrfnc4k-08-n\/","name":"GSD - Enregistreur vid\u00e9o 8 Channels DVR Recorder 8MP\/4K","isPartOf":{"@id":"https:\/\/staging.nbgtele.com\/fr\/#website"},"primaryImageOfPage":{"@id":"https:\/\/staging.nbgtele.com\/fr\/produit\/gsd-dvrfnc4k-08-n\/#primaryimage"},"image":{"@id":"https:\/\/staging.nbgtele.com\/fr\/produit\/gsd-dvrfnc4k-08-n\/#primaryimage"},"thumbnailUrl":"https:\/\/staging.nbgtele.com\/wp-content\/uploads\/2022\/09\/gsd-dvrfnc4k-08-n-1.jpeg","datePublished":"2022-09-07T13:49:32+00:00","dateModified":"2023-03-23T17:22:49+00:00","description":"D\u00e9couvrez l\u2019enregistreur num\u00e9rique DVR \u00e0 8 canaux d\u2019une r\u00e9solution de 8 m\u00e9gapixels. Il poss\u00e8de un emplacement HDD et fonctionne avec l'application SmartGardian.","breadcrumb":{"@id":"https:\/\/staging.nbgtele.com\/fr\/produit\/gsd-dvrfnc4k-08-n\/#breadcrumb"},"inLanguage":"fr-FR","potentialAction":[{"@type":"ReadAction","target":["https:\/\/staging.nbgtele.com\/fr\/produit\/gsd-dvrfnc4k-08-n\/"]}]},{"@type":"ImageObject","inLanguage":"fr-FR","@id":"https:\/\/staging.nbgtele.com\/fr\/produit\/gsd-dvrfnc4k-08-n\/#primaryimage","url":"https:\/\/staging.nbgtele.com\/wp-content\/uploads\/2022\/09\/gsd-dvrfnc4k-08-n-1.jpeg","contentUrl":"https:\/\/staging.nbgtele.com\/wp-content\/uploads\/2022\/09\/gsd-dvrfnc4k-08-n-1.jpeg","width":1000,"height":1000},{"@type":"BreadcrumbList","@id":"https:\/\/staging.nbgtele.com\/fr\/produit\/gsd-dvrfnc4k-08-n\/#breadcrumb","itemListElement":[{"@type":"ListItem","position":1,"name":"Home","item":"https:\/\/staging.nbgtele.com\/fr\/"},{"@type":"ListItem","position":2,"name":"Boutique","item":"https:\/\/staging.nbgtele.com\/shop\/"},{"@type":"ListItem","position":3,"name":"8 Channels DVR Recorder 8MP\/4K"}]},{"@type":"WebSite","@id":"https:\/\/staging.nbgtele.com\/fr\/#website","url":"https:\/\/staging.nbgtele.com\/fr\/","name":"NBGTele.com","description":"","potentialAction":[{"@type":"SearchAction","target":{"@type":"EntryPoint","urlTemplate":"https:\/\/staging.nbgtele.com\/fr\/?s={search_term_string}"},"query-input":{"@type":"PropertyValueSpecification","valueRequired":true,"valueName":"search_term_string"}}],"inLanguage":"fr-FR"}]}},"_links":{"self":[{"href":"https:\/\/staging.nbgtele.com\/fr\/wp-json\/wp\/v2\/product\/2612","targetHints":{"allow":["GET"]}}],"collection":[{"href":"https:\/\/staging.nbgtele.com\/fr\/wp-json\/wp\/v2\/product"}],"about":[{"href":"https:\/\/staging.nbgtele.com\/fr\/wp-json\/wp\/v2\/types\/product"}],"wp:featuredmedia":[{"embeddable":true,"href":"https:\/\/staging.nbgtele.com\/fr\/wp-json\/wp\/v2\/media\/881"}],"wp:attachment":[{"href":"https:\/\/staging.nbgtele.com\/fr\/wp-json\/wp\/v2\/media?parent=2612"}],"wp:term":[{"taxonomy":"product_brand","embeddable":true,"href":"https:\/\/staging.nbgtele.com\/fr\/wp-json\/wp\/v2\/product_brand?post=2612"},{"taxonomy":"product_cat","embeddable":true,"href":"https:\/\/staging.nbgtele.com\/fr\/wp-json\/wp\/v2\/product_cat?post=2612"},{"taxonomy":"product_tag","embeddable":true,"href":"https:\/\/staging.nbgtele.com\/fr\/wp-json\/wp\/v2\/product_tag?post=2612"},{"taxonomy":"brand","embeddable":true,"href":"https:\/\/staging.nbgtele.com\/fr\/wp-json\/wp\/v2\/brand?post=2612"},{"taxonomy":"model","embeddable":true,"href":"https:\/\/staging.nbgtele.com\/fr\/wp-json\/wp\/v2\/model?post=2612"},{"taxonomy":"profile","embeddable":true,"href":"https:\/\/staging.nbgtele.com\/fr\/wp-json\/wp\/v2\/profile?post=2612"},{"taxonomy":"resolution","embeddable":true,"href":"https:\/\/staging.nbgtele.com\/fr\/wp-json\/wp\/v2\/resolution?post=2612"},{"taxonomy":"lens","embeddable":true,"href":"https:\/\/staging.nbgtele.com\/fr\/wp-json\/wp\/v2\/lens?post=2612"},{"taxonomy":"color","embeddable":true,"href":"https:\/\/staging.nbgtele.com\/fr\/wp-json\/wp\/v2\/color?post=2612"},{"taxonomy":"ndaa_compliant","embeddable":true,"href":"https:\/\/staging.nbgtele.com\/fr\/wp-json\/wp\/v2\/ndaa_compliant?post=2612"},{"taxonomy":"dual_voltage","embeddable":true,"href":"https:\/\/staging.nbgtele.com\/fr\/wp-json\/wp\/v2\/dual_voltage?post=2612"},{"taxonomy":"ai","embeddable":true,"href":"https:\/\/staging.nbgtele.com\/fr\/wp-json\/wp\/v2\/ai?post=2612"},{"taxonomy":"lite","embeddable":true,"href":"https:\/\/staging.nbgtele.com\/fr\/wp-json\/wp\/v2\/lite?post=2612"},{"taxonomy":"infrared_perimeter","embeddable":true,"href":"https:\/\/staging.nbgtele.com\/fr\/wp-json\/wp\/v2\/infrared_perimeter?post=2612"},{"taxonomy":"fixed_dome_microphone","embeddable":true,"href":"https:\/\/staging.nbgtele.com\/fr\/wp-json\/wp\/v2\/fixed_dome_microphone?post=2612"},{"taxonomy":"analog_hd","embeddable":true,"href":"https:\/\/staging.nbgtele.com\/fr\/wp-json\/wp\/v2\/analog_hd?post=2612"},{"taxonomy":"covert_camera","embeddable":true,"href":"https:\/\/staging.nbgtele.com\/fr\/wp-json\/wp\/v2\/covert_camera?post=2612"},{"taxonomy":"internet_protocol","embeddable":true,"href":"https:\/\/staging.nbgtele.com\/fr\/wp-json\/wp\/v2\/internet_protocol?post=2612"},{"taxonomy":"channels","embeddable":true,"href":"https:\/\/staging.nbgtele.com\/fr\/wp-json\/wp\/v2\/channels?post=2612"},{"taxonomy":"ports","embeddable":true,"href":"https:\/\/staging.nbgtele.com\/fr\/wp-json\/wp\/v2\/ports?post=2612"}],"curies":[{"name":"wp","href":"https:\/\/api.w.org\/{rel}","templated":true}]}}