{"id":76833,"date":"2023-01-25T11:40:21","date_gmt":"2023-01-25T15:40:21","guid":{"rendered":"https:\/\/nbgtele.com\/?post_type=product&#038;p=76833"},"modified":"2023-02-22T14:52:52","modified_gmt":"2023-02-22T18:52:52","slug":"fe360ip12mp-ai","status":"publish","type":"product","link":"https:\/\/staging.nbgtele.com\/fr\/produit\/fe360ip12mp-ai\/","title":{"rendered":"IP Fisheye 12MP Camera with AI"},"content":{"rendered":"","protected":false},"excerpt":{"rendered":"<p><span style=\"font-weight: 400;\">Cette cam\u00e9ra\u00a0FE360IP12MP-AI poss\u00e8de une lentille fixe de 1,6 mm et capture des images tr\u00e8s haute<\/span> <span style=\"font-weight: 400;\">r\u00e9solution de 12\u00a0m\u00e9gapixels. Elle est fonctionnelle la nuit gr\u00e2ce \u00e0 sa vision nocturne par infrarouge portant sur 10\u00a0m.<\/span><\/p>\n<p><span style=\"font-weight: 400;\">De couleur blanche, la cam\u00e9ra est compatible avec les supports muraux FEBASE-G + WMB6 et la bo\u00eete de jonction FEBASE. <\/span><\/p>\n","protected":false},"featured_media":76814,"template":"","meta":{"_acf_changed":false},"product_brand":[],"product_cat":[51],"product_tag":[],"brand":[195],"model":[150],"profile":[],"resolution":[165],"lens":[169],"color":[172],"ndaa_compliant":[173],"dual_voltage":[],"ai":[175],"lite":[],"infrared_perimeter":[],"fixed_dome_microphone":[],"analog_hd":[],"covert_camera":[],"internet_protocol":[181],"channels":[],"ports":[],"class_list":{"0":"post-76833","1":"product","2":"type-product","3":"status-publish","4":"has-post-thumbnail","6":"product_cat-cameras-fr","7":"brand-gsd-fr","8":"model-ip-fr","9":"resolution-12mp-fr","10":"lens-fisheye-360-fr","11":"color-white-fr","12":"ndaa_compliant-ndaa-compliance-fr","13":"ai-ai-fr","14":"internet_protocol-internet-protocol-fr","15":"entry","17":"first","18":"instock","19":"taxable","20":"shipping-taxable","21":"product-type-simple"},"acf":[],"wcpa_form_fields":null,"yoast_head":"<!-- This site is optimized with the Yoast SEO plugin v23.7 - https:\/\/yoast.com\/wordpress\/plugins\/seo\/ -->\n<title>IP Fisheye 12MP Camera with AI - NBGTele.com<\/title>\n<meta name=\"robots\" content=\"noindex, follow, max-snippet:-1, max-image-preview:large, max-video-preview:-1\" \/>\n<meta property=\"og:locale\" content=\"fr_FR\" \/>\n<meta property=\"og:type\" content=\"article\" \/>\n<meta property=\"og:title\" content=\"IP Fisheye 12MP Camera with AI - NBGTele.com\" \/>\n<meta property=\"og:description\" content=\"Cette cam\u00e9ra\u00a0FE360IP12MP-AI poss\u00e8de une lentille fixe de 1,6 mm et capture des images tr\u00e8s haute r\u00e9solution de 12\u00a0m\u00e9gapixels. Elle est fonctionnelle la nuit gr\u00e2ce \u00e0 sa vision nocturne par infrarouge portant sur 10\u00a0m.  De couleur blanche, la cam\u00e9ra est compatible avec les supports muraux FEBASE-G + WMB6 et la bo\u00eete de jonction FEBASE.\" \/>\n<meta property=\"og:url\" content=\"https:\/\/staging.nbgtele.com\/fr\/produit\/fe360ip12mp-ai\/\" \/>\n<meta property=\"og:site_name\" content=\"NBGTele.com\" \/>\n<meta property=\"article:modified_time\" content=\"2023-02-22T18:52:52+00:00\" \/>\n<meta property=\"og:image\" content=\"https:\/\/staging.nbgtele.com\/wp-content\/uploads\/2023\/01\/FE360IP12MP-AI_1.jpg\" \/>\n\t<meta property=\"og:image:width\" content=\"1000\" \/>\n\t<meta property=\"og:image:height\" content=\"1000\" \/>\n\t<meta property=\"og:image:type\" content=\"image\/jpeg\" \/>\n<meta name=\"twitter:card\" content=\"summary_large_image\" \/>\n<script type=\"application\/ld+json\" class=\"yoast-schema-graph\">{\"@context\":\"https:\/\/schema.org\",\"@graph\":[{\"@type\":\"WebPage\",\"@id\":\"https:\/\/staging.nbgtele.com\/fr\/produit\/fe360ip12mp-ai\/\",\"url\":\"https:\/\/staging.nbgtele.com\/fr\/produit\/fe360ip12mp-ai\/\",\"name\":\"IP Fisheye 12MP Camera with AI - NBGTele.com\",\"isPartOf\":{\"@id\":\"https:\/\/staging.nbgtele.com\/fr\/#website\"},\"primaryImageOfPage\":{\"@id\":\"https:\/\/staging.nbgtele.com\/fr\/produit\/fe360ip12mp-ai\/#primaryimage\"},\"image\":{\"@id\":\"https:\/\/staging.nbgtele.com\/fr\/produit\/fe360ip12mp-ai\/#primaryimage\"},\"thumbnailUrl\":\"https:\/\/staging.nbgtele.com\/wp-content\/uploads\/2023\/01\/FE360IP12MP-AI_1.jpg\",\"datePublished\":\"2023-01-25T15:40:21+00:00\",\"dateModified\":\"2023-02-22T18:52:52+00:00\",\"breadcrumb\":{\"@id\":\"https:\/\/staging.nbgtele.com\/fr\/produit\/fe360ip12mp-ai\/#breadcrumb\"},\"inLanguage\":\"fr-FR\",\"potentialAction\":[{\"@type\":\"ReadAction\",\"target\":[\"https:\/\/staging.nbgtele.com\/fr\/produit\/fe360ip12mp-ai\/\"]}]},{\"@type\":\"ImageObject\",\"inLanguage\":\"fr-FR\",\"@id\":\"https:\/\/staging.nbgtele.com\/fr\/produit\/fe360ip12mp-ai\/#primaryimage\",\"url\":\"https:\/\/staging.nbgtele.com\/wp-content\/uploads\/2023\/01\/FE360IP12MP-AI_1.jpg\",\"contentUrl\":\"https:\/\/staging.nbgtele.com\/wp-content\/uploads\/2023\/01\/FE360IP12MP-AI_1.jpg\",\"width\":1000,\"height\":1000},{\"@type\":\"BreadcrumbList\",\"@id\":\"https:\/\/staging.nbgtele.com\/fr\/produit\/fe360ip12mp-ai\/#breadcrumb\",\"itemListElement\":[{\"@type\":\"ListItem\",\"position\":1,\"name\":\"Home\",\"item\":\"https:\/\/staging.nbgtele.com\/fr\/\"},{\"@type\":\"ListItem\",\"position\":2,\"name\":\"Boutique\",\"item\":\"https:\/\/staging.nbgtele.com\/shop\/\"},{\"@type\":\"ListItem\",\"position\":3,\"name\":\"IP Fisheye 12MP Camera with AI\"}]},{\"@type\":\"WebSite\",\"@id\":\"https:\/\/staging.nbgtele.com\/fr\/#website\",\"url\":\"https:\/\/staging.nbgtele.com\/fr\/\",\"name\":\"NBGTele.com\",\"description\":\"\",\"potentialAction\":[{\"@type\":\"SearchAction\",\"target\":{\"@type\":\"EntryPoint\",\"urlTemplate\":\"https:\/\/staging.nbgtele.com\/fr\/?s={search_term_string}\"},\"query-input\":{\"@type\":\"PropertyValueSpecification\",\"valueRequired\":true,\"valueName\":\"search_term_string\"}}],\"inLanguage\":\"fr-FR\"}]}<\/script>\n<!-- \/ Yoast SEO plugin. -->","yoast_head_json":{"title":"IP Fisheye 12MP Camera with AI - NBGTele.com","robots":{"index":"noindex","follow":"follow","max-snippet":"max-snippet:-1","max-image-preview":"max-image-preview:large","max-video-preview":"max-video-preview:-1"},"og_locale":"fr_FR","og_type":"article","og_title":"IP Fisheye 12MP Camera with AI - NBGTele.com","og_description":"Cette cam\u00e9ra\u00a0FE360IP12MP-AI poss\u00e8de une lentille fixe de 1,6 mm et capture des images tr\u00e8s haute r\u00e9solution de 12\u00a0m\u00e9gapixels. Elle est fonctionnelle la nuit gr\u00e2ce \u00e0 sa vision nocturne par infrarouge portant sur 10\u00a0m.  De couleur blanche, la cam\u00e9ra est compatible avec les supports muraux FEBASE-G + WMB6 et la bo\u00eete de jonction FEBASE.","og_url":"https:\/\/staging.nbgtele.com\/fr\/produit\/fe360ip12mp-ai\/","og_site_name":"NBGTele.com","article_modified_time":"2023-02-22T18:52:52+00:00","og_image":[{"width":1000,"height":1000,"url":"https:\/\/staging.nbgtele.com\/wp-content\/uploads\/2023\/01\/FE360IP12MP-AI_1.jpg","type":"image\/jpeg"}],"twitter_card":"summary_large_image","schema":{"@context":"https:\/\/schema.org","@graph":[{"@type":"WebPage","@id":"https:\/\/staging.nbgtele.com\/fr\/produit\/fe360ip12mp-ai\/","url":"https:\/\/staging.nbgtele.com\/fr\/produit\/fe360ip12mp-ai\/","name":"IP Fisheye 12MP Camera with AI - NBGTele.com","isPartOf":{"@id":"https:\/\/staging.nbgtele.com\/fr\/#website"},"primaryImageOfPage":{"@id":"https:\/\/staging.nbgtele.com\/fr\/produit\/fe360ip12mp-ai\/#primaryimage"},"image":{"@id":"https:\/\/staging.nbgtele.com\/fr\/produit\/fe360ip12mp-ai\/#primaryimage"},"thumbnailUrl":"https:\/\/staging.nbgtele.com\/wp-content\/uploads\/2023\/01\/FE360IP12MP-AI_1.jpg","datePublished":"2023-01-25T15:40:21+00:00","dateModified":"2023-02-22T18:52:52+00:00","breadcrumb":{"@id":"https:\/\/staging.nbgtele.com\/fr\/produit\/fe360ip12mp-ai\/#breadcrumb"},"inLanguage":"fr-FR","potentialAction":[{"@type":"ReadAction","target":["https:\/\/staging.nbgtele.com\/fr\/produit\/fe360ip12mp-ai\/"]}]},{"@type":"ImageObject","inLanguage":"fr-FR","@id":"https:\/\/staging.nbgtele.com\/fr\/produit\/fe360ip12mp-ai\/#primaryimage","url":"https:\/\/staging.nbgtele.com\/wp-content\/uploads\/2023\/01\/FE360IP12MP-AI_1.jpg","contentUrl":"https:\/\/staging.nbgtele.com\/wp-content\/uploads\/2023\/01\/FE360IP12MP-AI_1.jpg","width":1000,"height":1000},{"@type":"BreadcrumbList","@id":"https:\/\/staging.nbgtele.com\/fr\/produit\/fe360ip12mp-ai\/#breadcrumb","itemListElement":[{"@type":"ListItem","position":1,"name":"Home","item":"https:\/\/staging.nbgtele.com\/fr\/"},{"@type":"ListItem","position":2,"name":"Boutique","item":"https:\/\/staging.nbgtele.com\/shop\/"},{"@type":"ListItem","position":3,"name":"IP Fisheye 12MP Camera with AI"}]},{"@type":"WebSite","@id":"https:\/\/staging.nbgtele.com\/fr\/#website","url":"https:\/\/staging.nbgtele.com\/fr\/","name":"NBGTele.com","description":"","potentialAction":[{"@type":"SearchAction","target":{"@type":"EntryPoint","urlTemplate":"https:\/\/staging.nbgtele.com\/fr\/?s={search_term_string}"},"query-input":{"@type":"PropertyValueSpecification","valueRequired":true,"valueName":"search_term_string"}}],"inLanguage":"fr-FR"}]}},"_links":{"self":[{"href":"https:\/\/staging.nbgtele.com\/fr\/wp-json\/wp\/v2\/product\/76833","targetHints":{"allow":["GET"]}}],"collection":[{"href":"https:\/\/staging.nbgtele.com\/fr\/wp-json\/wp\/v2\/product"}],"about":[{"href":"https:\/\/staging.nbgtele.com\/fr\/wp-json\/wp\/v2\/types\/product"}],"wp:featuredmedia":[{"embeddable":true,"href":"https:\/\/staging.nbgtele.com\/fr\/wp-json\/wp\/v2\/media\/76814"}],"wp:attachment":[{"href":"https:\/\/staging.nbgtele.com\/fr\/wp-json\/wp\/v2\/media?parent=76833"}],"wp:term":[{"taxonomy":"product_brand","embeddable":true,"href":"https:\/\/staging.nbgtele.com\/fr\/wp-json\/wp\/v2\/product_brand?post=76833"},{"taxonomy":"product_cat","embeddable":true,"href":"https:\/\/staging.nbgtele.com\/fr\/wp-json\/wp\/v2\/product_cat?post=76833"},{"taxonomy":"product_tag","embeddable":true,"href":"https:\/\/staging.nbgtele.com\/fr\/wp-json\/wp\/v2\/product_tag?post=76833"},{"taxonomy":"brand","embeddable":true,"href":"https:\/\/staging.nbgtele.com\/fr\/wp-json\/wp\/v2\/brand?post=76833"},{"taxonomy":"model","embeddable":true,"href":"https:\/\/staging.nbgtele.com\/fr\/wp-json\/wp\/v2\/model?post=76833"},{"taxonomy":"profile","embeddable":true,"href":"https:\/\/staging.nbgtele.com\/fr\/wp-json\/wp\/v2\/profile?post=76833"},{"taxonomy":"resolution","embeddable":true,"href":"https:\/\/staging.nbgtele.com\/fr\/wp-json\/wp\/v2\/resolution?post=76833"},{"taxonomy":"lens","embeddable":true,"href":"https:\/\/staging.nbgtele.com\/fr\/wp-json\/wp\/v2\/lens?post=76833"},{"taxonomy":"color","embeddable":true,"href":"https:\/\/staging.nbgtele.com\/fr\/wp-json\/wp\/v2\/color?post=76833"},{"taxonomy":"ndaa_compliant","embeddable":true,"href":"https:\/\/staging.nbgtele.com\/fr\/wp-json\/wp\/v2\/ndaa_compliant?post=76833"},{"taxonomy":"dual_voltage","embeddable":true,"href":"https:\/\/staging.nbgtele.com\/fr\/wp-json\/wp\/v2\/dual_voltage?post=76833"},{"taxonomy":"ai","embeddable":true,"href":"https:\/\/staging.nbgtele.com\/fr\/wp-json\/wp\/v2\/ai?post=76833"},{"taxonomy":"lite","embeddable":true,"href":"https:\/\/staging.nbgtele.com\/fr\/wp-json\/wp\/v2\/lite?post=76833"},{"taxonomy":"infrared_perimeter","embeddable":true,"href":"https:\/\/staging.nbgtele.com\/fr\/wp-json\/wp\/v2\/infrared_perimeter?post=76833"},{"taxonomy":"fixed_dome_microphone","embeddable":true,"href":"https:\/\/staging.nbgtele.com\/fr\/wp-json\/wp\/v2\/fixed_dome_microphone?post=76833"},{"taxonomy":"analog_hd","embeddable":true,"href":"https:\/\/staging.nbgtele.com\/fr\/wp-json\/wp\/v2\/analog_hd?post=76833"},{"taxonomy":"covert_camera","embeddable":true,"href":"https:\/\/staging.nbgtele.com\/fr\/wp-json\/wp\/v2\/covert_camera?post=76833"},{"taxonomy":"internet_protocol","embeddable":true,"href":"https:\/\/staging.nbgtele.com\/fr\/wp-json\/wp\/v2\/internet_protocol?post=76833"},{"taxonomy":"channels","embeddable":true,"href":"https:\/\/staging.nbgtele.com\/fr\/wp-json\/wp\/v2\/channels?post=76833"},{"taxonomy":"ports","embeddable":true,"href":"https:\/\/staging.nbgtele.com\/fr\/wp-json\/wp\/v2\/ports?post=76833"}],"curies":[{"name":"wp","href":"https:\/\/api.w.org\/{rel}","templated":true}]}}