{"id":76841,"date":"2023-01-25T12:00:39","date_gmt":"2023-01-25T16:00:39","guid":{"rendered":"https:\/\/nbgtele.com\/?post_type=product&#038;p=76841"},"modified":"2023-02-22T14:54:17","modified_gmt":"2023-02-22T18:54:17","slug":"flf28d5mp-ai","status":"publish","type":"product","link":"https:\/\/staging.nbgtele.com\/fr\/produit\/flf28d5mp-ai\/","title":{"rendered":"IP Mini Flat Dome 5MP Camera with AI"},"content":{"rendered":"","protected":false},"excerpt":{"rendered":"<p><span style=\"font-weight: 400;\">Cette cam\u00e9ra\u00a0FE360IP12MP-AI poss\u00e8de une lentille fixe de 2,8 mm et capture des images haute<\/span> <span style=\"font-weight: 400;\">r\u00e9solution de 5\u00a0m\u00e9gapixels. Elle est fonctionnelle la nuit gr\u00e2ce \u00e0 sa vision nocturne par infrarouge portant sur 20\u00a0m.<\/span><\/p>\n<p><span style=\"font-weight: 400;\">De couleur blanche, la cam\u00e9ra est compatible avec les supports muraux WMB6 + EB3BASE4-G ou WMB2 et la bo\u00eete de jonction EB3BASE4. <\/span><\/p>\n","protected":false},"featured_media":76790,"template":"","meta":{"_acf_changed":false},"product_brand":[],"product_cat":[51],"product_tag":[],"brand":[195],"model":[150],"profile":[161],"resolution":[163],"lens":[],"color":[172],"ndaa_compliant":[],"dual_voltage":[174],"ai":[175],"lite":[],"infrared_perimeter":[],"fixed_dome_microphone":[],"analog_hd":[],"covert_camera":[],"internet_protocol":[],"channels":[],"ports":[],"class_list":{"0":"post-76841","1":"product","2":"type-product","3":"status-publish","4":"has-post-thumbnail","6":"product_cat-cameras-fr","7":"brand-gsd-fr","8":"model-ip-fr","9":"profile-mini-flat-dome-fr","10":"resolution-5mp-fr","11":"color-white-fr","12":"dual_voltage-dual-voltage-fr","13":"ai-ai-fr","14":"entry","16":"first","17":"instock","18":"taxable","19":"shipping-taxable","20":"product-type-simple"},"acf":[],"wcpa_form_fields":null,"yoast_head":"<!-- This site is optimized with the Yoast SEO plugin v23.7 - https:\/\/yoast.com\/wordpress\/plugins\/seo\/ -->\n<title>IP Mini Flat Dome 5MP Camera with AI - NBGTele.com<\/title>\n<meta name=\"robots\" content=\"noindex, follow, max-snippet:-1, max-image-preview:large, max-video-preview:-1\" \/>\n<meta property=\"og:locale\" content=\"fr_FR\" \/>\n<meta property=\"og:type\" content=\"article\" \/>\n<meta property=\"og:title\" content=\"IP Mini Flat Dome 5MP Camera with AI - NBGTele.com\" \/>\n<meta property=\"og:description\" content=\"Cette cam\u00e9ra\u00a0FE360IP12MP-AI poss\u00e8de une lentille fixe de 2,8 mm et capture des images haute r\u00e9solution de 5\u00a0m\u00e9gapixels. Elle est fonctionnelle la nuit gr\u00e2ce \u00e0 sa vision nocturne par infrarouge portant sur 20\u00a0m.  De couleur blanche, la cam\u00e9ra est compatible avec les supports muraux WMB6 + EB3BASE4-G ou WMB2 et la bo\u00eete de jonction EB3BASE4.\" \/>\n<meta property=\"og:url\" content=\"https:\/\/staging.nbgtele.com\/fr\/produit\/flf28d5mp-ai\/\" \/>\n<meta property=\"og:site_name\" content=\"NBGTele.com\" \/>\n<meta property=\"article:modified_time\" content=\"2023-02-22T18:54:17+00:00\" \/>\n<meta property=\"og:image\" content=\"https:\/\/staging.nbgtele.com\/wp-content\/uploads\/2023\/01\/FLF28D5MP-AI_1.png\" \/>\n\t<meta property=\"og:image:width\" content=\"1000\" \/>\n\t<meta property=\"og:image:height\" content=\"1000\" \/>\n\t<meta property=\"og:image:type\" content=\"image\/png\" \/>\n<meta name=\"twitter:card\" content=\"summary_large_image\" \/>\n<script type=\"application\/ld+json\" class=\"yoast-schema-graph\">{\"@context\":\"https:\/\/schema.org\",\"@graph\":[{\"@type\":\"WebPage\",\"@id\":\"https:\/\/staging.nbgtele.com\/fr\/produit\/flf28d5mp-ai\/\",\"url\":\"https:\/\/staging.nbgtele.com\/fr\/produit\/flf28d5mp-ai\/\",\"name\":\"IP Mini Flat Dome 5MP Camera with AI - NBGTele.com\",\"isPartOf\":{\"@id\":\"https:\/\/staging.nbgtele.com\/fr\/#website\"},\"primaryImageOfPage\":{\"@id\":\"https:\/\/staging.nbgtele.com\/fr\/produit\/flf28d5mp-ai\/#primaryimage\"},\"image\":{\"@id\":\"https:\/\/staging.nbgtele.com\/fr\/produit\/flf28d5mp-ai\/#primaryimage\"},\"thumbnailUrl\":\"https:\/\/staging.nbgtele.com\/wp-content\/uploads\/2023\/01\/FLF28D5MP-AI_1.png\",\"datePublished\":\"2023-01-25T16:00:39+00:00\",\"dateModified\":\"2023-02-22T18:54:17+00:00\",\"breadcrumb\":{\"@id\":\"https:\/\/staging.nbgtele.com\/fr\/produit\/flf28d5mp-ai\/#breadcrumb\"},\"inLanguage\":\"fr-FR\",\"potentialAction\":[{\"@type\":\"ReadAction\",\"target\":[\"https:\/\/staging.nbgtele.com\/fr\/produit\/flf28d5mp-ai\/\"]}]},{\"@type\":\"ImageObject\",\"inLanguage\":\"fr-FR\",\"@id\":\"https:\/\/staging.nbgtele.com\/fr\/produit\/flf28d5mp-ai\/#primaryimage\",\"url\":\"https:\/\/staging.nbgtele.com\/wp-content\/uploads\/2023\/01\/FLF28D5MP-AI_1.png\",\"contentUrl\":\"https:\/\/staging.nbgtele.com\/wp-content\/uploads\/2023\/01\/FLF28D5MP-AI_1.png\",\"width\":1000,\"height\":1000},{\"@type\":\"BreadcrumbList\",\"@id\":\"https:\/\/staging.nbgtele.com\/fr\/produit\/flf28d5mp-ai\/#breadcrumb\",\"itemListElement\":[{\"@type\":\"ListItem\",\"position\":1,\"name\":\"Home\",\"item\":\"https:\/\/staging.nbgtele.com\/fr\/\"},{\"@type\":\"ListItem\",\"position\":2,\"name\":\"Boutique\",\"item\":\"https:\/\/staging.nbgtele.com\/shop\/\"},{\"@type\":\"ListItem\",\"position\":3,\"name\":\"IP Mini Flat Dome 5MP Camera with AI\"}]},{\"@type\":\"WebSite\",\"@id\":\"https:\/\/staging.nbgtele.com\/fr\/#website\",\"url\":\"https:\/\/staging.nbgtele.com\/fr\/\",\"name\":\"NBGTele.com\",\"description\":\"\",\"potentialAction\":[{\"@type\":\"SearchAction\",\"target\":{\"@type\":\"EntryPoint\",\"urlTemplate\":\"https:\/\/staging.nbgtele.com\/fr\/?s={search_term_string}\"},\"query-input\":{\"@type\":\"PropertyValueSpecification\",\"valueRequired\":true,\"valueName\":\"search_term_string\"}}],\"inLanguage\":\"fr-FR\"}]}<\/script>\n<!-- \/ Yoast SEO plugin. -->","yoast_head_json":{"title":"IP Mini Flat Dome 5MP Camera with AI - NBGTele.com","robots":{"index":"noindex","follow":"follow","max-snippet":"max-snippet:-1","max-image-preview":"max-image-preview:large","max-video-preview":"max-video-preview:-1"},"og_locale":"fr_FR","og_type":"article","og_title":"IP Mini Flat Dome 5MP Camera with AI - NBGTele.com","og_description":"Cette cam\u00e9ra\u00a0FE360IP12MP-AI poss\u00e8de une lentille fixe de 2,8 mm et capture des images haute r\u00e9solution de 5\u00a0m\u00e9gapixels. Elle est fonctionnelle la nuit gr\u00e2ce \u00e0 sa vision nocturne par infrarouge portant sur 20\u00a0m.  De couleur blanche, la cam\u00e9ra est compatible avec les supports muraux WMB6 + EB3BASE4-G ou WMB2 et la bo\u00eete de jonction EB3BASE4.","og_url":"https:\/\/staging.nbgtele.com\/fr\/produit\/flf28d5mp-ai\/","og_site_name":"NBGTele.com","article_modified_time":"2023-02-22T18:54:17+00:00","og_image":[{"width":1000,"height":1000,"url":"https:\/\/staging.nbgtele.com\/wp-content\/uploads\/2023\/01\/FLF28D5MP-AI_1.png","type":"image\/png"}],"twitter_card":"summary_large_image","schema":{"@context":"https:\/\/schema.org","@graph":[{"@type":"WebPage","@id":"https:\/\/staging.nbgtele.com\/fr\/produit\/flf28d5mp-ai\/","url":"https:\/\/staging.nbgtele.com\/fr\/produit\/flf28d5mp-ai\/","name":"IP Mini Flat Dome 5MP Camera with AI - NBGTele.com","isPartOf":{"@id":"https:\/\/staging.nbgtele.com\/fr\/#website"},"primaryImageOfPage":{"@id":"https:\/\/staging.nbgtele.com\/fr\/produit\/flf28d5mp-ai\/#primaryimage"},"image":{"@id":"https:\/\/staging.nbgtele.com\/fr\/produit\/flf28d5mp-ai\/#primaryimage"},"thumbnailUrl":"https:\/\/staging.nbgtele.com\/wp-content\/uploads\/2023\/01\/FLF28D5MP-AI_1.png","datePublished":"2023-01-25T16:00:39+00:00","dateModified":"2023-02-22T18:54:17+00:00","breadcrumb":{"@id":"https:\/\/staging.nbgtele.com\/fr\/produit\/flf28d5mp-ai\/#breadcrumb"},"inLanguage":"fr-FR","potentialAction":[{"@type":"ReadAction","target":["https:\/\/staging.nbgtele.com\/fr\/produit\/flf28d5mp-ai\/"]}]},{"@type":"ImageObject","inLanguage":"fr-FR","@id":"https:\/\/staging.nbgtele.com\/fr\/produit\/flf28d5mp-ai\/#primaryimage","url":"https:\/\/staging.nbgtele.com\/wp-content\/uploads\/2023\/01\/FLF28D5MP-AI_1.png","contentUrl":"https:\/\/staging.nbgtele.com\/wp-content\/uploads\/2023\/01\/FLF28D5MP-AI_1.png","width":1000,"height":1000},{"@type":"BreadcrumbList","@id":"https:\/\/staging.nbgtele.com\/fr\/produit\/flf28d5mp-ai\/#breadcrumb","itemListElement":[{"@type":"ListItem","position":1,"name":"Home","item":"https:\/\/staging.nbgtele.com\/fr\/"},{"@type":"ListItem","position":2,"name":"Boutique","item":"https:\/\/staging.nbgtele.com\/shop\/"},{"@type":"ListItem","position":3,"name":"IP Mini Flat Dome 5MP Camera with AI"}]},{"@type":"WebSite","@id":"https:\/\/staging.nbgtele.com\/fr\/#website","url":"https:\/\/staging.nbgtele.com\/fr\/","name":"NBGTele.com","description":"","potentialAction":[{"@type":"SearchAction","target":{"@type":"EntryPoint","urlTemplate":"https:\/\/staging.nbgtele.com\/fr\/?s={search_term_string}"},"query-input":{"@type":"PropertyValueSpecification","valueRequired":true,"valueName":"search_term_string"}}],"inLanguage":"fr-FR"}]}},"_links":{"self":[{"href":"https:\/\/staging.nbgtele.com\/fr\/wp-json\/wp\/v2\/product\/76841","targetHints":{"allow":["GET"]}}],"collection":[{"href":"https:\/\/staging.nbgtele.com\/fr\/wp-json\/wp\/v2\/product"}],"about":[{"href":"https:\/\/staging.nbgtele.com\/fr\/wp-json\/wp\/v2\/types\/product"}],"wp:featuredmedia":[{"embeddable":true,"href":"https:\/\/staging.nbgtele.com\/fr\/wp-json\/wp\/v2\/media\/76790"}],"wp:attachment":[{"href":"https:\/\/staging.nbgtele.com\/fr\/wp-json\/wp\/v2\/media?parent=76841"}],"wp:term":[{"taxonomy":"product_brand","embeddable":true,"href":"https:\/\/staging.nbgtele.com\/fr\/wp-json\/wp\/v2\/product_brand?post=76841"},{"taxonomy":"product_cat","embeddable":true,"href":"https:\/\/staging.nbgtele.com\/fr\/wp-json\/wp\/v2\/product_cat?post=76841"},{"taxonomy":"product_tag","embeddable":true,"href":"https:\/\/staging.nbgtele.com\/fr\/wp-json\/wp\/v2\/product_tag?post=76841"},{"taxonomy":"brand","embeddable":true,"href":"https:\/\/staging.nbgtele.com\/fr\/wp-json\/wp\/v2\/brand?post=76841"},{"taxonomy":"model","embeddable":true,"href":"https:\/\/staging.nbgtele.com\/fr\/wp-json\/wp\/v2\/model?post=76841"},{"taxonomy":"profile","embeddable":true,"href":"https:\/\/staging.nbgtele.com\/fr\/wp-json\/wp\/v2\/profile?post=76841"},{"taxonomy":"resolution","embeddable":true,"href":"https:\/\/staging.nbgtele.com\/fr\/wp-json\/wp\/v2\/resolution?post=76841"},{"taxonomy":"lens","embeddable":true,"href":"https:\/\/staging.nbgtele.com\/fr\/wp-json\/wp\/v2\/lens?post=76841"},{"taxonomy":"color","embeddable":true,"href":"https:\/\/staging.nbgtele.com\/fr\/wp-json\/wp\/v2\/color?post=76841"},{"taxonomy":"ndaa_compliant","embeddable":true,"href":"https:\/\/staging.nbgtele.com\/fr\/wp-json\/wp\/v2\/ndaa_compliant?post=76841"},{"taxonomy":"dual_voltage","embeddable":true,"href":"https:\/\/staging.nbgtele.com\/fr\/wp-json\/wp\/v2\/dual_voltage?post=76841"},{"taxonomy":"ai","embeddable":true,"href":"https:\/\/staging.nbgtele.com\/fr\/wp-json\/wp\/v2\/ai?post=76841"},{"taxonomy":"lite","embeddable":true,"href":"https:\/\/staging.nbgtele.com\/fr\/wp-json\/wp\/v2\/lite?post=76841"},{"taxonomy":"infrared_perimeter","embeddable":true,"href":"https:\/\/staging.nbgtele.com\/fr\/wp-json\/wp\/v2\/infrared_perimeter?post=76841"},{"taxonomy":"fixed_dome_microphone","embeddable":true,"href":"https:\/\/staging.nbgtele.com\/fr\/wp-json\/wp\/v2\/fixed_dome_microphone?post=76841"},{"taxonomy":"analog_hd","embeddable":true,"href":"https:\/\/staging.nbgtele.com\/fr\/wp-json\/wp\/v2\/analog_hd?post=76841"},{"taxonomy":"covert_camera","embeddable":true,"href":"https:\/\/staging.nbgtele.com\/fr\/wp-json\/wp\/v2\/covert_camera?post=76841"},{"taxonomy":"internet_protocol","embeddable":true,"href":"https:\/\/staging.nbgtele.com\/fr\/wp-json\/wp\/v2\/internet_protocol?post=76841"},{"taxonomy":"channels","embeddable":true,"href":"https:\/\/staging.nbgtele.com\/fr\/wp-json\/wp\/v2\/channels?post=76841"},{"taxonomy":"ports","embeddable":true,"href":"https:\/\/staging.nbgtele.com\/fr\/wp-json\/wp\/v2\/ports?post=76841"}],"curies":[{"name":"wp","href":"https:\/\/api.w.org\/{rel}","templated":true}]}}