{"id":95814,"date":"2023-06-07T16:02:01","date_gmt":"2023-06-07T20:02:01","guid":{"rendered":"https:\/\/nbgtele.com\/?post_type=product&#038;p=95814"},"modified":"2023-06-14T10:02:46","modified_gmt":"2023-06-14T14:02:46","slug":"16-channels-dvr-recorder-8mp-4k-hdd","status":"publish","type":"product","link":"https:\/\/staging.nbgtele.com\/fr\/produit\/16-channels-dvr-recorder-8mp-4k-hdd\/","title":{"rendered":"16 Channels DVR Recorder 8MP\/4K + HDD"},"content":{"rendered":"","protected":false},"excerpt":{"rendered":"","protected":false},"featured_media":95423,"template":"","meta":{"_acf_changed":false},"product_brand":[],"product_cat":[75],"product_tag":[],"brand":[195],"model":[184],"profile":[],"resolution":[164],"lens":[],"color":[],"ndaa_compliant":[173],"dual_voltage":[],"ai":[],"lite":[],"infrared_perimeter":[],"fixed_dome_microphone":[],"analog_hd":[],"covert_camera":[],"internet_protocol":[],"channels":[204],"ports":[],"class_list":{"0":"post-95814","1":"product","2":"type-product","3":"status-publish","4":"has-post-thumbnail","6":"product_cat-recorder-fr","7":"brand-gsd-fr","8":"model-dvr-fr","9":"resolution-8mp-4k-fr","10":"ndaa_compliant-ndaa-compliance-fr","11":"channels-16-fr","12":"entry","14":"first","15":"instock","16":"taxable","17":"shipping-taxable","18":"product-type-variable"},"acf":[],"wcpa_form_fields":null,"yoast_head":"<!-- This site is optimized with the Yoast SEO plugin v23.7 - https:\/\/yoast.com\/wordpress\/plugins\/seo\/ -->\n<title>Enregistreur vid\u00e9o 16 Channels DVR Recorder 8MP\/4K + HDD<\/title>\n<meta name=\"description\" content=\"L&#039;enregistreur num\u00e9rique 16 Channels DVR Recorder 8MP\/4K + HDD \u00e0 8 canaux enregistre des vid\u00e9os (8MP) gr\u00e2ce au disque dur fourni. Capacit\u00e9 : 4-8 TB.\" \/>\n<meta name=\"robots\" content=\"noindex, follow, max-snippet:-1, max-image-preview:large, max-video-preview:-1\" \/>\n<meta property=\"og:locale\" content=\"fr_FR\" \/>\n<meta property=\"og:type\" content=\"article\" \/>\n<meta property=\"og:title\" content=\"Enregistreur vid\u00e9o 16 Channels DVR Recorder 8MP\/4K + HDD\" \/>\n<meta property=\"og:description\" content=\"L&#039;enregistreur num\u00e9rique 16 Channels DVR Recorder 8MP\/4K + HDD \u00e0 8 canaux enregistre des vid\u00e9os (8MP) gr\u00e2ce au disque dur fourni. Capacit\u00e9 : 4-8 TB.\" \/>\n<meta property=\"og:url\" content=\"https:\/\/staging.nbgtele.com\/fr\/produit\/16-channels-dvr-recorder-8mp-4k-hdd\/\" \/>\n<meta property=\"og:site_name\" content=\"NBGTele.com\" \/>\n<meta property=\"article:modified_time\" content=\"2023-06-14T14:02:46+00:00\" \/>\n<meta property=\"og:image\" content=\"https:\/\/staging.nbgtele.com\/wp-content\/uploads\/2023\/06\/DVR-16CH.png\" \/>\n\t<meta property=\"og:image:width\" content=\"1487\" \/>\n\t<meta property=\"og:image:height\" content=\"992\" \/>\n\t<meta property=\"og:image:type\" content=\"image\/png\" \/>\n<meta name=\"twitter:card\" content=\"summary_large_image\" \/>\n<script type=\"application\/ld+json\" class=\"yoast-schema-graph\">{\"@context\":\"https:\/\/schema.org\",\"@graph\":[{\"@type\":\"WebPage\",\"@id\":\"https:\/\/staging.nbgtele.com\/fr\/produit\/16-channels-dvr-recorder-8mp-4k-hdd\/\",\"url\":\"https:\/\/staging.nbgtele.com\/fr\/produit\/16-channels-dvr-recorder-8mp-4k-hdd\/\",\"name\":\"Enregistreur vid\u00e9o 16 Channels DVR Recorder 8MP\/4K + HDD\",\"isPartOf\":{\"@id\":\"https:\/\/staging.nbgtele.com\/fr\/#website\"},\"primaryImageOfPage\":{\"@id\":\"https:\/\/staging.nbgtele.com\/fr\/produit\/16-channels-dvr-recorder-8mp-4k-hdd\/#primaryimage\"},\"image\":{\"@id\":\"https:\/\/staging.nbgtele.com\/fr\/produit\/16-channels-dvr-recorder-8mp-4k-hdd\/#primaryimage\"},\"thumbnailUrl\":\"https:\/\/staging.nbgtele.com\/wp-content\/uploads\/2023\/06\/DVR-16CH.png\",\"datePublished\":\"2023-06-07T20:02:01+00:00\",\"dateModified\":\"2023-06-14T14:02:46+00:00\",\"description\":\"L'enregistreur num\u00e9rique 16 Channels DVR Recorder 8MP\/4K + HDD \u00e0 8 canaux enregistre des vid\u00e9os (8MP) gr\u00e2ce au disque dur fourni. Capacit\u00e9 : 4-8 TB.\",\"breadcrumb\":{\"@id\":\"https:\/\/staging.nbgtele.com\/fr\/produit\/16-channels-dvr-recorder-8mp-4k-hdd\/#breadcrumb\"},\"inLanguage\":\"fr-FR\",\"potentialAction\":[{\"@type\":\"ReadAction\",\"target\":[\"https:\/\/staging.nbgtele.com\/fr\/produit\/16-channels-dvr-recorder-8mp-4k-hdd\/\"]}]},{\"@type\":\"ImageObject\",\"inLanguage\":\"fr-FR\",\"@id\":\"https:\/\/staging.nbgtele.com\/fr\/produit\/16-channels-dvr-recorder-8mp-4k-hdd\/#primaryimage\",\"url\":\"https:\/\/staging.nbgtele.com\/wp-content\/uploads\/2023\/06\/DVR-16CH.png\",\"contentUrl\":\"https:\/\/staging.nbgtele.com\/wp-content\/uploads\/2023\/06\/DVR-16CH.png\",\"width\":1487,\"height\":992},{\"@type\":\"BreadcrumbList\",\"@id\":\"https:\/\/staging.nbgtele.com\/fr\/produit\/16-channels-dvr-recorder-8mp-4k-hdd\/#breadcrumb\",\"itemListElement\":[{\"@type\":\"ListItem\",\"position\":1,\"name\":\"Home\",\"item\":\"https:\/\/staging.nbgtele.com\/fr\/\"},{\"@type\":\"ListItem\",\"position\":2,\"name\":\"Boutique\",\"item\":\"https:\/\/staging.nbgtele.com\/shop\/\"},{\"@type\":\"ListItem\",\"position\":3,\"name\":\"16 Channels DVR Recorder 8MP\/4K + HDD\"}]},{\"@type\":\"WebSite\",\"@id\":\"https:\/\/staging.nbgtele.com\/fr\/#website\",\"url\":\"https:\/\/staging.nbgtele.com\/fr\/\",\"name\":\"NBGTele.com\",\"description\":\"\",\"potentialAction\":[{\"@type\":\"SearchAction\",\"target\":{\"@type\":\"EntryPoint\",\"urlTemplate\":\"https:\/\/staging.nbgtele.com\/fr\/?s={search_term_string}\"},\"query-input\":{\"@type\":\"PropertyValueSpecification\",\"valueRequired\":true,\"valueName\":\"search_term_string\"}}],\"inLanguage\":\"fr-FR\"}]}<\/script>\n<!-- \/ Yoast SEO plugin. -->","yoast_head_json":{"title":"Enregistreur vid\u00e9o 16 Channels DVR Recorder 8MP\/4K + HDD","description":"L'enregistreur num\u00e9rique 16 Channels DVR Recorder 8MP\/4K + HDD \u00e0 8 canaux enregistre des vid\u00e9os (8MP) gr\u00e2ce au disque dur fourni. Capacit\u00e9 : 4-8 TB.","robots":{"index":"noindex","follow":"follow","max-snippet":"max-snippet:-1","max-image-preview":"max-image-preview:large","max-video-preview":"max-video-preview:-1"},"og_locale":"fr_FR","og_type":"article","og_title":"Enregistreur vid\u00e9o 16 Channels DVR Recorder 8MP\/4K + HDD","og_description":"L'enregistreur num\u00e9rique 16 Channels DVR Recorder 8MP\/4K + HDD \u00e0 8 canaux enregistre des vid\u00e9os (8MP) gr\u00e2ce au disque dur fourni. Capacit\u00e9 : 4-8 TB.","og_url":"https:\/\/staging.nbgtele.com\/fr\/produit\/16-channels-dvr-recorder-8mp-4k-hdd\/","og_site_name":"NBGTele.com","article_modified_time":"2023-06-14T14:02:46+00:00","og_image":[{"width":1487,"height":992,"url":"https:\/\/staging.nbgtele.com\/wp-content\/uploads\/2023\/06\/DVR-16CH.png","type":"image\/png"}],"twitter_card":"summary_large_image","schema":{"@context":"https:\/\/schema.org","@graph":[{"@type":"WebPage","@id":"https:\/\/staging.nbgtele.com\/fr\/produit\/16-channels-dvr-recorder-8mp-4k-hdd\/","url":"https:\/\/staging.nbgtele.com\/fr\/produit\/16-channels-dvr-recorder-8mp-4k-hdd\/","name":"Enregistreur vid\u00e9o 16 Channels DVR Recorder 8MP\/4K + HDD","isPartOf":{"@id":"https:\/\/staging.nbgtele.com\/fr\/#website"},"primaryImageOfPage":{"@id":"https:\/\/staging.nbgtele.com\/fr\/produit\/16-channels-dvr-recorder-8mp-4k-hdd\/#primaryimage"},"image":{"@id":"https:\/\/staging.nbgtele.com\/fr\/produit\/16-channels-dvr-recorder-8mp-4k-hdd\/#primaryimage"},"thumbnailUrl":"https:\/\/staging.nbgtele.com\/wp-content\/uploads\/2023\/06\/DVR-16CH.png","datePublished":"2023-06-07T20:02:01+00:00","dateModified":"2023-06-14T14:02:46+00:00","description":"L'enregistreur num\u00e9rique 16 Channels DVR Recorder 8MP\/4K + HDD \u00e0 8 canaux enregistre des vid\u00e9os (8MP) gr\u00e2ce au disque dur fourni. Capacit\u00e9 : 4-8 TB.","breadcrumb":{"@id":"https:\/\/staging.nbgtele.com\/fr\/produit\/16-channels-dvr-recorder-8mp-4k-hdd\/#breadcrumb"},"inLanguage":"fr-FR","potentialAction":[{"@type":"ReadAction","target":["https:\/\/staging.nbgtele.com\/fr\/produit\/16-channels-dvr-recorder-8mp-4k-hdd\/"]}]},{"@type":"ImageObject","inLanguage":"fr-FR","@id":"https:\/\/staging.nbgtele.com\/fr\/produit\/16-channels-dvr-recorder-8mp-4k-hdd\/#primaryimage","url":"https:\/\/staging.nbgtele.com\/wp-content\/uploads\/2023\/06\/DVR-16CH.png","contentUrl":"https:\/\/staging.nbgtele.com\/wp-content\/uploads\/2023\/06\/DVR-16CH.png","width":1487,"height":992},{"@type":"BreadcrumbList","@id":"https:\/\/staging.nbgtele.com\/fr\/produit\/16-channels-dvr-recorder-8mp-4k-hdd\/#breadcrumb","itemListElement":[{"@type":"ListItem","position":1,"name":"Home","item":"https:\/\/staging.nbgtele.com\/fr\/"},{"@type":"ListItem","position":2,"name":"Boutique","item":"https:\/\/staging.nbgtele.com\/shop\/"},{"@type":"ListItem","position":3,"name":"16 Channels DVR Recorder 8MP\/4K + HDD"}]},{"@type":"WebSite","@id":"https:\/\/staging.nbgtele.com\/fr\/#website","url":"https:\/\/staging.nbgtele.com\/fr\/","name":"NBGTele.com","description":"","potentialAction":[{"@type":"SearchAction","target":{"@type":"EntryPoint","urlTemplate":"https:\/\/staging.nbgtele.com\/fr\/?s={search_term_string}"},"query-input":{"@type":"PropertyValueSpecification","valueRequired":true,"valueName":"search_term_string"}}],"inLanguage":"fr-FR"}]}},"_links":{"self":[{"href":"https:\/\/staging.nbgtele.com\/fr\/wp-json\/wp\/v2\/product\/95814","targetHints":{"allow":["GET"]}}],"collection":[{"href":"https:\/\/staging.nbgtele.com\/fr\/wp-json\/wp\/v2\/product"}],"about":[{"href":"https:\/\/staging.nbgtele.com\/fr\/wp-json\/wp\/v2\/types\/product"}],"wp:featuredmedia":[{"embeddable":true,"href":"https:\/\/staging.nbgtele.com\/fr\/wp-json\/wp\/v2\/media\/95423"}],"wp:attachment":[{"href":"https:\/\/staging.nbgtele.com\/fr\/wp-json\/wp\/v2\/media?parent=95814"}],"wp:term":[{"taxonomy":"product_brand","embeddable":true,"href":"https:\/\/staging.nbgtele.com\/fr\/wp-json\/wp\/v2\/product_brand?post=95814"},{"taxonomy":"product_cat","embeddable":true,"href":"https:\/\/staging.nbgtele.com\/fr\/wp-json\/wp\/v2\/product_cat?post=95814"},{"taxonomy":"product_tag","embeddable":true,"href":"https:\/\/staging.nbgtele.com\/fr\/wp-json\/wp\/v2\/product_tag?post=95814"},{"taxonomy":"brand","embeddable":true,"href":"https:\/\/staging.nbgtele.com\/fr\/wp-json\/wp\/v2\/brand?post=95814"},{"taxonomy":"model","embeddable":true,"href":"https:\/\/staging.nbgtele.com\/fr\/wp-json\/wp\/v2\/model?post=95814"},{"taxonomy":"profile","embeddable":true,"href":"https:\/\/staging.nbgtele.com\/fr\/wp-json\/wp\/v2\/profile?post=95814"},{"taxonomy":"resolution","embeddable":true,"href":"https:\/\/staging.nbgtele.com\/fr\/wp-json\/wp\/v2\/resolution?post=95814"},{"taxonomy":"lens","embeddable":true,"href":"https:\/\/staging.nbgtele.com\/fr\/wp-json\/wp\/v2\/lens?post=95814"},{"taxonomy":"color","embeddable":true,"href":"https:\/\/staging.nbgtele.com\/fr\/wp-json\/wp\/v2\/color?post=95814"},{"taxonomy":"ndaa_compliant","embeddable":true,"href":"https:\/\/staging.nbgtele.com\/fr\/wp-json\/wp\/v2\/ndaa_compliant?post=95814"},{"taxonomy":"dual_voltage","embeddable":true,"href":"https:\/\/staging.nbgtele.com\/fr\/wp-json\/wp\/v2\/dual_voltage?post=95814"},{"taxonomy":"ai","embeddable":true,"href":"https:\/\/staging.nbgtele.com\/fr\/wp-json\/wp\/v2\/ai?post=95814"},{"taxonomy":"lite","embeddable":true,"href":"https:\/\/staging.nbgtele.com\/fr\/wp-json\/wp\/v2\/lite?post=95814"},{"taxonomy":"infrared_perimeter","embeddable":true,"href":"https:\/\/staging.nbgtele.com\/fr\/wp-json\/wp\/v2\/infrared_perimeter?post=95814"},{"taxonomy":"fixed_dome_microphone","embeddable":true,"href":"https:\/\/staging.nbgtele.com\/fr\/wp-json\/wp\/v2\/fixed_dome_microphone?post=95814"},{"taxonomy":"analog_hd","embeddable":true,"href":"https:\/\/staging.nbgtele.com\/fr\/wp-json\/wp\/v2\/analog_hd?post=95814"},{"taxonomy":"covert_camera","embeddable":true,"href":"https:\/\/staging.nbgtele.com\/fr\/wp-json\/wp\/v2\/covert_camera?post=95814"},{"taxonomy":"internet_protocol","embeddable":true,"href":"https:\/\/staging.nbgtele.com\/fr\/wp-json\/wp\/v2\/internet_protocol?post=95814"},{"taxonomy":"channels","embeddable":true,"href":"https:\/\/staging.nbgtele.com\/fr\/wp-json\/wp\/v2\/channels?post=95814"},{"taxonomy":"ports","embeddable":true,"href":"https:\/\/staging.nbgtele.com\/fr\/wp-json\/wp\/v2\/ports?post=95814"}],"curies":[{"name":"wp","href":"https:\/\/api.w.org\/{rel}","templated":true}]}}