{"id":99235,"date":"2023-08-01T17:38:00","date_gmt":"2023-08-01T21:38:00","guid":{"rendered":"https:\/\/nbgtele.com\/?post_type=product&#038;p=99235"},"modified":"2023-09-25T15:14:48","modified_gmt":"2023-09-25T19:14:48","slug":"aero-k","status":"publish","type":"product","link":"https:\/\/staging.nbgtele.com\/fr\/produit\/aero-k\/","title":{"rendered":"AERO-K"},"content":{"rendered":"","protected":false},"excerpt":{"rendered":"<p>Aero-k est un communicateur d&rsquo;alarme polyvalent con\u00e7u pour tout panneau d&rsquo;alarme utilisant les formats CID ou SIA. Il prend en charge la connectivit\u00e9 Ethernet et WiFi (LAN) pour un contr\u00f4le \u00e0 distance depuis n&rsquo;importe o\u00f9. Il peut \u00e9galement se connecter aux panneaux de la s\u00e9rie DSC power et aux anciens syst\u00e8mes avec 3 zones de surveillance pour les alarmes d&rsquo;intrusion, d&rsquo;incendie et de panique. L&rsquo;armement et le d\u00e9sarmement par cl\u00e9 sont facilit\u00e9s par la Zone 1 et le PGM 1, tandis que le PGM 2 d\u00e9clenche une zone sur le panneau h\u00f4te pour les probl\u00e8mes d&rsquo;Aero-k.<\/p>\n","protected":false},"featured_media":99248,"template":"","meta":{"_acf_changed":false},"product_brand":[],"product_cat":[53],"product_tag":[],"brand":[224],"model":[],"profile":[],"resolution":[],"lens":[],"color":[],"ndaa_compliant":[],"dual_voltage":[],"ai":[],"lite":[],"infrared_perimeter":[],"fixed_dome_microphone":[],"analog_hd":[],"covert_camera":[],"internet_protocol":[],"channels":[],"ports":[],"class_list":{"0":"post-99235","1":"product","2":"type-product","3":"status-publish","4":"has-post-thumbnail","6":"product_cat-alarm-communicators-fr","7":"brand-epic-safety-fr","8":"entry","10":"first","11":"instock","12":"taxable","13":"shipping-taxable","14":"product-type-simple"},"acf":[],"wcpa_form_fields":null,"yoast_head":"<!-- This site is optimized with the Yoast SEO plugin v23.7 - https:\/\/yoast.com\/wordpress\/plugins\/seo\/ -->\n<title>AERO-K - NBGTele.com<\/title>\n<meta name=\"robots\" content=\"noindex, follow, max-snippet:-1, max-image-preview:large, max-video-preview:-1\" \/>\n<meta property=\"og:locale\" content=\"fr_FR\" \/>\n<meta property=\"og:type\" content=\"article\" \/>\n<meta property=\"og:title\" content=\"AERO-K - NBGTele.com\" \/>\n<meta property=\"og:description\" content=\"Aero-k est un communicateur d&#039;alarme polyvalent con\u00e7u pour tout panneau d&#039;alarme utilisant les formats CID ou SIA. Il prend en charge la connectivit\u00e9 Ethernet et WiFi (LAN) pour un contr\u00f4le \u00e0 distance depuis n&#039;importe o\u00f9. Il peut \u00e9galement se connecter aux panneaux de la s\u00e9rie DSC power et aux anciens syst\u00e8mes avec 3 zones de surveillance pour les alarmes d&#039;intrusion, d&#039;incendie et de panique. L&#039;armement et le d\u00e9sarmement par cl\u00e9 sont facilit\u00e9s par la Zone 1 et le PGM 1, tandis que le PGM 2 d\u00e9clenche une zone sur le panneau h\u00f4te pour les probl\u00e8mes d&#039;Aero-k.\" \/>\n<meta property=\"og:url\" content=\"https:\/\/staging.nbgtele.com\/fr\/produit\/aero-k\/\" \/>\n<meta property=\"og:site_name\" content=\"NBGTele.com\" \/>\n<meta property=\"article:modified_time\" content=\"2023-09-25T19:14:48+00:00\" \/>\n<meta property=\"og:image\" content=\"https:\/\/staging.nbgtele.com\/wp-content\/uploads\/2023\/08\/Epic-Safety-AeroK.png\" \/>\n\t<meta property=\"og:image:width\" content=\"1845\" \/>\n\t<meta property=\"og:image:height\" content=\"1845\" \/>\n\t<meta property=\"og:image:type\" content=\"image\/png\" \/>\n<meta name=\"twitter:card\" content=\"summary_large_image\" \/>\n<script type=\"application\/ld+json\" class=\"yoast-schema-graph\">{\"@context\":\"https:\/\/schema.org\",\"@graph\":[{\"@type\":\"WebPage\",\"@id\":\"https:\/\/staging.nbgtele.com\/fr\/produit\/aero-k\/\",\"url\":\"https:\/\/staging.nbgtele.com\/fr\/produit\/aero-k\/\",\"name\":\"AERO-K - NBGTele.com\",\"isPartOf\":{\"@id\":\"https:\/\/staging.nbgtele.com\/fr\/#website\"},\"primaryImageOfPage\":{\"@id\":\"https:\/\/staging.nbgtele.com\/fr\/produit\/aero-k\/#primaryimage\"},\"image\":{\"@id\":\"https:\/\/staging.nbgtele.com\/fr\/produit\/aero-k\/#primaryimage\"},\"thumbnailUrl\":\"https:\/\/staging.nbgtele.com\/wp-content\/uploads\/2023\/08\/Epic-Safety-AeroK.png\",\"datePublished\":\"2023-08-01T21:38:00+00:00\",\"dateModified\":\"2023-09-25T19:14:48+00:00\",\"breadcrumb\":{\"@id\":\"https:\/\/staging.nbgtele.com\/fr\/produit\/aero-k\/#breadcrumb\"},\"inLanguage\":\"fr-FR\",\"potentialAction\":[{\"@type\":\"ReadAction\",\"target\":[\"https:\/\/staging.nbgtele.com\/fr\/produit\/aero-k\/\"]}]},{\"@type\":\"ImageObject\",\"inLanguage\":\"fr-FR\",\"@id\":\"https:\/\/staging.nbgtele.com\/fr\/produit\/aero-k\/#primaryimage\",\"url\":\"https:\/\/staging.nbgtele.com\/wp-content\/uploads\/2023\/08\/Epic-Safety-AeroK.png\",\"contentUrl\":\"https:\/\/staging.nbgtele.com\/wp-content\/uploads\/2023\/08\/Epic-Safety-AeroK.png\",\"width\":1845,\"height\":1845},{\"@type\":\"BreadcrumbList\",\"@id\":\"https:\/\/staging.nbgtele.com\/fr\/produit\/aero-k\/#breadcrumb\",\"itemListElement\":[{\"@type\":\"ListItem\",\"position\":1,\"name\":\"Home\",\"item\":\"https:\/\/staging.nbgtele.com\/fr\/\"},{\"@type\":\"ListItem\",\"position\":2,\"name\":\"Boutique\",\"item\":\"https:\/\/staging.nbgtele.com\/shop\/\"},{\"@type\":\"ListItem\",\"position\":3,\"name\":\"AERO-K\"}]},{\"@type\":\"WebSite\",\"@id\":\"https:\/\/staging.nbgtele.com\/fr\/#website\",\"url\":\"https:\/\/staging.nbgtele.com\/fr\/\",\"name\":\"NBGTele.com\",\"description\":\"\",\"potentialAction\":[{\"@type\":\"SearchAction\",\"target\":{\"@type\":\"EntryPoint\",\"urlTemplate\":\"https:\/\/staging.nbgtele.com\/fr\/?s={search_term_string}\"},\"query-input\":{\"@type\":\"PropertyValueSpecification\",\"valueRequired\":true,\"valueName\":\"search_term_string\"}}],\"inLanguage\":\"fr-FR\"}]}<\/script>\n<!-- \/ Yoast SEO plugin. -->","yoast_head_json":{"title":"AERO-K - NBGTele.com","robots":{"index":"noindex","follow":"follow","max-snippet":"max-snippet:-1","max-image-preview":"max-image-preview:large","max-video-preview":"max-video-preview:-1"},"og_locale":"fr_FR","og_type":"article","og_title":"AERO-K - NBGTele.com","og_description":"Aero-k est un communicateur d'alarme polyvalent con\u00e7u pour tout panneau d'alarme utilisant les formats CID ou SIA. Il prend en charge la connectivit\u00e9 Ethernet et WiFi (LAN) pour un contr\u00f4le \u00e0 distance depuis n'importe o\u00f9. Il peut \u00e9galement se connecter aux panneaux de la s\u00e9rie DSC power et aux anciens syst\u00e8mes avec 3 zones de surveillance pour les alarmes d'intrusion, d'incendie et de panique. L'armement et le d\u00e9sarmement par cl\u00e9 sont facilit\u00e9s par la Zone 1 et le PGM 1, tandis que le PGM 2 d\u00e9clenche une zone sur le panneau h\u00f4te pour les probl\u00e8mes d'Aero-k.","og_url":"https:\/\/staging.nbgtele.com\/fr\/produit\/aero-k\/","og_site_name":"NBGTele.com","article_modified_time":"2023-09-25T19:14:48+00:00","og_image":[{"width":1845,"height":1845,"url":"https:\/\/staging.nbgtele.com\/wp-content\/uploads\/2023\/08\/Epic-Safety-AeroK.png","type":"image\/png"}],"twitter_card":"summary_large_image","schema":{"@context":"https:\/\/schema.org","@graph":[{"@type":"WebPage","@id":"https:\/\/staging.nbgtele.com\/fr\/produit\/aero-k\/","url":"https:\/\/staging.nbgtele.com\/fr\/produit\/aero-k\/","name":"AERO-K - NBGTele.com","isPartOf":{"@id":"https:\/\/staging.nbgtele.com\/fr\/#website"},"primaryImageOfPage":{"@id":"https:\/\/staging.nbgtele.com\/fr\/produit\/aero-k\/#primaryimage"},"image":{"@id":"https:\/\/staging.nbgtele.com\/fr\/produit\/aero-k\/#primaryimage"},"thumbnailUrl":"https:\/\/staging.nbgtele.com\/wp-content\/uploads\/2023\/08\/Epic-Safety-AeroK.png","datePublished":"2023-08-01T21:38:00+00:00","dateModified":"2023-09-25T19:14:48+00:00","breadcrumb":{"@id":"https:\/\/staging.nbgtele.com\/fr\/produit\/aero-k\/#breadcrumb"},"inLanguage":"fr-FR","potentialAction":[{"@type":"ReadAction","target":["https:\/\/staging.nbgtele.com\/fr\/produit\/aero-k\/"]}]},{"@type":"ImageObject","inLanguage":"fr-FR","@id":"https:\/\/staging.nbgtele.com\/fr\/produit\/aero-k\/#primaryimage","url":"https:\/\/staging.nbgtele.com\/wp-content\/uploads\/2023\/08\/Epic-Safety-AeroK.png","contentUrl":"https:\/\/staging.nbgtele.com\/wp-content\/uploads\/2023\/08\/Epic-Safety-AeroK.png","width":1845,"height":1845},{"@type":"BreadcrumbList","@id":"https:\/\/staging.nbgtele.com\/fr\/produit\/aero-k\/#breadcrumb","itemListElement":[{"@type":"ListItem","position":1,"name":"Home","item":"https:\/\/staging.nbgtele.com\/fr\/"},{"@type":"ListItem","position":2,"name":"Boutique","item":"https:\/\/staging.nbgtele.com\/shop\/"},{"@type":"ListItem","position":3,"name":"AERO-K"}]},{"@type":"WebSite","@id":"https:\/\/staging.nbgtele.com\/fr\/#website","url":"https:\/\/staging.nbgtele.com\/fr\/","name":"NBGTele.com","description":"","potentialAction":[{"@type":"SearchAction","target":{"@type":"EntryPoint","urlTemplate":"https:\/\/staging.nbgtele.com\/fr\/?s={search_term_string}"},"query-input":{"@type":"PropertyValueSpecification","valueRequired":true,"valueName":"search_term_string"}}],"inLanguage":"fr-FR"}]}},"_links":{"self":[{"href":"https:\/\/staging.nbgtele.com\/fr\/wp-json\/wp\/v2\/product\/99235","targetHints":{"allow":["GET"]}}],"collection":[{"href":"https:\/\/staging.nbgtele.com\/fr\/wp-json\/wp\/v2\/product"}],"about":[{"href":"https:\/\/staging.nbgtele.com\/fr\/wp-json\/wp\/v2\/types\/product"}],"wp:featuredmedia":[{"embeddable":true,"href":"https:\/\/staging.nbgtele.com\/fr\/wp-json\/wp\/v2\/media\/99248"}],"wp:attachment":[{"href":"https:\/\/staging.nbgtele.com\/fr\/wp-json\/wp\/v2\/media?parent=99235"}],"wp:term":[{"taxonomy":"product_brand","embeddable":true,"href":"https:\/\/staging.nbgtele.com\/fr\/wp-json\/wp\/v2\/product_brand?post=99235"},{"taxonomy":"product_cat","embeddable":true,"href":"https:\/\/staging.nbgtele.com\/fr\/wp-json\/wp\/v2\/product_cat?post=99235"},{"taxonomy":"product_tag","embeddable":true,"href":"https:\/\/staging.nbgtele.com\/fr\/wp-json\/wp\/v2\/product_tag?post=99235"},{"taxonomy":"brand","embeddable":true,"href":"https:\/\/staging.nbgtele.com\/fr\/wp-json\/wp\/v2\/brand?post=99235"},{"taxonomy":"model","embeddable":true,"href":"https:\/\/staging.nbgtele.com\/fr\/wp-json\/wp\/v2\/model?post=99235"},{"taxonomy":"profile","embeddable":true,"href":"https:\/\/staging.nbgtele.com\/fr\/wp-json\/wp\/v2\/profile?post=99235"},{"taxonomy":"resolution","embeddable":true,"href":"https:\/\/staging.nbgtele.com\/fr\/wp-json\/wp\/v2\/resolution?post=99235"},{"taxonomy":"lens","embeddable":true,"href":"https:\/\/staging.nbgtele.com\/fr\/wp-json\/wp\/v2\/lens?post=99235"},{"taxonomy":"color","embeddable":true,"href":"https:\/\/staging.nbgtele.com\/fr\/wp-json\/wp\/v2\/color?post=99235"},{"taxonomy":"ndaa_compliant","embeddable":true,"href":"https:\/\/staging.nbgtele.com\/fr\/wp-json\/wp\/v2\/ndaa_compliant?post=99235"},{"taxonomy":"dual_voltage","embeddable":true,"href":"https:\/\/staging.nbgtele.com\/fr\/wp-json\/wp\/v2\/dual_voltage?post=99235"},{"taxonomy":"ai","embeddable":true,"href":"https:\/\/staging.nbgtele.com\/fr\/wp-json\/wp\/v2\/ai?post=99235"},{"taxonomy":"lite","embeddable":true,"href":"https:\/\/staging.nbgtele.com\/fr\/wp-json\/wp\/v2\/lite?post=99235"},{"taxonomy":"infrared_perimeter","embeddable":true,"href":"https:\/\/staging.nbgtele.com\/fr\/wp-json\/wp\/v2\/infrared_perimeter?post=99235"},{"taxonomy":"fixed_dome_microphone","embeddable":true,"href":"https:\/\/staging.nbgtele.com\/fr\/wp-json\/wp\/v2\/fixed_dome_microphone?post=99235"},{"taxonomy":"analog_hd","embeddable":true,"href":"https:\/\/staging.nbgtele.com\/fr\/wp-json\/wp\/v2\/analog_hd?post=99235"},{"taxonomy":"covert_camera","embeddable":true,"href":"https:\/\/staging.nbgtele.com\/fr\/wp-json\/wp\/v2\/covert_camera?post=99235"},{"taxonomy":"internet_protocol","embeddable":true,"href":"https:\/\/staging.nbgtele.com\/fr\/wp-json\/wp\/v2\/internet_protocol?post=99235"},{"taxonomy":"channels","embeddable":true,"href":"https:\/\/staging.nbgtele.com\/fr\/wp-json\/wp\/v2\/channels?post=99235"},{"taxonomy":"ports","embeddable":true,"href":"https:\/\/staging.nbgtele.com\/fr\/wp-json\/wp\/v2\/ports?post=99235"}],"curies":[{"name":"wp","href":"https:\/\/api.w.org\/{rel}","templated":true}]}}